{"id":25007,"date":"2020-12-24T10:17:08","date_gmt":"2020-12-24T09:17:08","guid":{"rendered":"https:\/\/www.interbusinesschamber.com\/produit\/aspersina-creme-intensive-100ml\/"},"modified":"2020-12-25T11:53:11","modified_gmt":"2020-12-25T10:53:11","slug":"aspersina-creme-intensive-100ml","status":"publish","type":"product","link":"https:\/\/www.sopha-sahara.com\/en\/product\/aspersina-creme-intensive-100ml\/","title":{"rendered":"Aspersina &#8211; Cr\u00e8me Intensive 100ml"},"content":{"rendered":"<div><strong>PHARMALIFE ASPERSINA - CR\u00c8ME INTENSIVE<\/strong><\/div>\n<div>Dispositif m\u00e9dical<\/div>\n<div>\u00a0<\/div>\n<div>ASPERSINA INTENSIVE CREAM ATOPIC SKIN est un soin cosm\u00e9tique sp\u00e9cifique pour la peau souffrante et probl\u00e9matique qui a besoin d'un soulagement rapide. Il contient des concentrations \u00e9lev\u00e9es d'ingr\u00e9dients actifs capables de donner une action apaisante et \u00e9molliente, utile en cas d'irritation, de ger\u00e7ures, de d\u00e9mangeaisons et de rougeurs. Sa texture d\u00e9licate, soyeuse et rapidement absorb\u00e9e, adoucit la peau, donne du relief et all\u00e8ge l'inconfort des parties trait\u00e9es sans alourdir et graisser la peau.<\/p>\n<p>La PEAU ATROPIQUE INTENSIVE ASPERSINE contient:<\/p><\/div>\n<div>\u00a0<\/div>\n<div>\n<ul>\n<li>Slime Slime<\/li>\n<li>Huile d'amande douce<\/li>\n<li>Beurre d'argan<\/li>\n<li>Bisabololo<\/li>\n<li>Vitamine E<\/li>\n<li>allantoin<\/li>\n<li>Extrait de tamarin<\/li>\n<li>Bacopa monnieri extrait<\/li>\n<li>Acide 18-\u00df-glycyrrh\u00e9tique<\/li>\n<\/ul>\n<\/div>\n<div>COMMENT UTILISER: appliquer le produit sur les parties int\u00e9ress\u00e9es chaque fois que la n\u00e9cessit\u00e9 est ressentie et favoriser l'absorption par de l\u00e9gers massages circulaires.<\/div>\n<div>CONTENU NET: 100 ml<\/p>\n<\/div>\n<div>STOCKAGE: garder dans un endroit frais et sec.<\/div>\n<div>\u00a0<\/div>\n<div>INGR\u00c9DIENTS: AQUA, FILTRATION DE S\u00c9CR\u00c9TION DES ESCARGOTS, GLYC\u00c9RINE, HUILE DE PRUNUS AMYGDALUS DULCIS, ETHYLHEXANOATE D'\u00c9THER BENZYLIQUE PPG-3, OLIVATE C\u00c9T\u00c9ARYL, STEARATE DE POLYGLYC\u00c9RYLE-3, COCOATE D'ISOAMYLE, LAURATE ISOAMYLIQUE, ALCOOL C\u00c9T\u00c9ARYL, HUILE DE BRAN ORYZA SATIVA, OCT\u00c9NYLSUCCINATE D'AMIDON D'ALUMINIUM, PH\u00c9NOXY\u00c9THANOL, Ac\u00e9tate de TOCOPHERYLE, HUILE DE ARGANIA SPINOSA, HUILE V\u00c9G\u00c9TALE HYDROG\u00c9N\u00c9E, ALL\u00c9OTINE, BISABOLOL, ACIDE GLYCYRRHETINIQUE, POLYSACCHARIDE DE GRAINES DE TAMIN, ACIDE BENZOIQUE, PARFUM, Gomme de xanthane, DIAC\u00c9TATE DE GLUTAMATE t\u00e9trasodique, EXTRAIT DE Bacopa monniera, Acide d\u00e9hydroac\u00e9tique, Palmitate d'ascorbyle, TOCOPHEROL, L\u00e9cithine, ETHYLHEXYLGLYC\u00c9RINE , SORBATE DE POTASSIUM, BENZOATE DE SODIUM.<\/div>","protected":false},"excerpt":{"rendered":"<p>Pharmalife Aspersina &#8211; Cr\u00e8me Intensive 100ml. ASPERSINA INTENSIVE CREAM ATOPIC SKIN est un soin cosm\u00e9tique sp\u00e9cifique pour la peau souffrante et probl\u00e9matique qui a besoin d&rsquo;un soulagement rapide. Il contient des concentrations \u00e9lev\u00e9es d&rsquo;ingr\u00e9dients actifs capables de donner une action apaisante et \u00e9molliente, utile en cas d&rsquo;irritation, de ger\u00e7ures, de d\u00e9mangeaisons et de rougeurs. Sa texture d\u00e9licate, soyeuse et rapidement absorb\u00e9e, adoucit la peau, donne du relief et all\u00e8ge l&rsquo;inconfort des parties trait\u00e9es sans alourdir et graisser la peau.<\/p>","protected":false},"featured_media":25201,"template":"","meta":{"arc_restricted_post":false},"product_cat":[49,347],"product_tag":[],"_links":{"self":[{"href":"https:\/\/www.sopha-sahara.com\/en\/wp-json\/wp\/v2\/product\/25007"}],"collection":[{"href":"https:\/\/www.sopha-sahara.com\/en\/wp-json\/wp\/v2\/product"}],"about":[{"href":"https:\/\/www.sopha-sahara.com\/en\/wp-json\/wp\/v2\/types\/product"}],"wp:featuredmedia":[{"embeddable":true,"href":"https:\/\/www.sopha-sahara.com\/en\/wp-json\/wp\/v2\/media\/25201"}],"wp:attachment":[{"href":"https:\/\/www.sopha-sahara.com\/en\/wp-json\/wp\/v2\/media?parent=25007"}],"wp:term":[{"taxonomy":"product_cat","embeddable":true,"href":"https:\/\/www.sopha-sahara.com\/en\/wp-json\/wp\/v2\/product_cat?post=25007"},{"taxonomy":"product_tag","embeddable":true,"href":"https:\/\/www.sopha-sahara.com\/en\/wp-json\/wp\/v2\/product_tag?post=25007"}],"curies":[{"name":"wp","href":"https:\/\/api.w.org\/{rel}","templated":true}]}}