{"id":25006,"date":"2020-12-24T10:17:08","date_gmt":"2020-12-24T09:17:08","guid":{"rendered":"https:\/\/www.interbusinesschamber.com\/produit\/aspersina-beauty-booster-30ml\/"},"modified":"2020-12-25T11:51:43","modified_gmt":"2020-12-25T10:51:43","slug":"aspersina-beauty-booster-30ml","status":"publish","type":"product","link":"https:\/\/www.sopha-sahara.com\/en\/product\/aspersina-beauty-booster-30ml\/","title":{"rendered":"Aspersina &#8211; Beauty Booster 30ml"},"content":{"rendered":"<div><strong>PHARMALIFE BOOSTER DE BEAUT\u00c9<\/strong><\/div>\n<div>\u00a0<\/div>\n<div>ASPERSINA BOOSTER OF BEAUTY est un s\u00e9rum sp\u00e9cifique, indiqu\u00e9 en cas de fatigue, de peau atonique avec un teint terne.<\/p>\n<p>Il a \u00e9t\u00e9 formul\u00e9 avec des pourcentages \u00e9lev\u00e9s d'ingr\u00e9dients actifs, restitutifs et \u00e9nergisants qui att\u00e9nuent visiblement les signes de fatigue et agissent sur la relaxation des tissus, am\u00e9liorant leur turgescence. Il est un v\u00e9ritable promoteur de la jeunesse.<\/p>\n<p>ASPERSINA BEAUTY BOOSTER contient:<\/p><\/div>\n<div>\u00a0<\/div>\n<div>\n<ul>\n<li>Slime Slime<\/li>\n<li>Cellules m\u00e9rist\u00e9matiques d'Edelweiss<\/li>\n<li>Extrait de quinoa<\/li>\n<li>Peptide biomim\u00e9tique<\/li>\n<li>4 acides hyaluroniques<\/li>\n<li>tr\u00e8s faible poids mol\u00e9culaire (&lt;10)<\/li>\n<li>faible poids mol\u00e9culaire (20-50)<\/li>\n<li>poids mol\u00e9culaire moyen (500-800)<\/li>\n<li>poids mol\u00e9culaire \u00e9lev\u00e9 (1600)<\/li>\n<\/ul>\n<\/div>\n<div>COMMENT UTILISER: Appliquer sur les zones les plus critiques du visage, du cou et du d\u00e9collet\u00e9, parfaitement propres, quelques gouttes de produit, tapoter et favoriser l'absorption avec de l\u00e9gers massages circulaires; enfin laisser l'exc\u00e8s s\u00e9cher pendant quelques instants. Pour une action durable au fil du temps, r\u00e9p\u00e9tez le traitement matin et soir pendant quelques semaines.<\/div>\n<div>CONTENU NET: 30 ml<\/p>\n<\/div>\n<div>STOCKAGE: garder dans un endroit frais et sec.<\/div>\n<div>\u00a0<\/div>\n<div>INGREDIENTS: aqua, filtrat de s\u00e9cr\u00e9tion d'escargot, glyc\u00e9rine, extrait de p\u00e9pins de chenopodium quinoa, gomme de cellulose, benzoate de sodium, d\u00e9shydroac\u00e9tate de sodium, hyaluronate de sodium, sorbate de potassium, parfum, acide hyaluronique, glutamate diac\u00e9tate t\u00e9trasodique, extrait de culture de callus leontopodium alpinum, acide citrique, ph\u00e9noxy\u00e9thanol, la gomme de xanthane, la gomme de ceratonia siliqua, l'\u00e9thylhexylglyc\u00e9rine.<\/div>","protected":false},"excerpt":{"rendered":"<p>Pharmalife Aspersina &#8211; Beauty Booster 30ml. ASPERSINA BOOSTER OF BEAUTY est un s\u00e9rum sp\u00e9cifique, indiqu\u00e9 en cas de fatigue, de peau atonique avec un teint terne.<\/p>","protected":false},"featured_media":25200,"template":"","meta":{"arc_restricted_post":false},"product_cat":[49,347],"product_tag":[],"_links":{"self":[{"href":"https:\/\/www.sopha-sahara.com\/en\/wp-json\/wp\/v2\/product\/25006"}],"collection":[{"href":"https:\/\/www.sopha-sahara.com\/en\/wp-json\/wp\/v2\/product"}],"about":[{"href":"https:\/\/www.sopha-sahara.com\/en\/wp-json\/wp\/v2\/types\/product"}],"wp:featuredmedia":[{"embeddable":true,"href":"https:\/\/www.sopha-sahara.com\/en\/wp-json\/wp\/v2\/media\/25200"}],"wp:attachment":[{"href":"https:\/\/www.sopha-sahara.com\/en\/wp-json\/wp\/v2\/media?parent=25006"}],"wp:term":[{"taxonomy":"product_cat","embeddable":true,"href":"https:\/\/www.sopha-sahara.com\/en\/wp-json\/wp\/v2\/product_cat?post=25006"},{"taxonomy":"product_tag","embeddable":true,"href":"https:\/\/www.sopha-sahara.com\/en\/wp-json\/wp\/v2\/product_tag?post=25006"}],"curies":[{"name":"wp","href":"https:\/\/api.w.org\/{rel}","templated":true}]}}