{"id":25005,"date":"2020-12-24T10:17:08","date_gmt":"2020-12-24T09:17:08","guid":{"rendered":"https:\/\/www.interbusinesschamber.com\/produit\/aspersina-rigenera-plus-50ml\/"},"modified":"2020-12-25T12:12:09","modified_gmt":"2020-12-25T11:12:09","slug":"aspersina-rigenera-plus-50ml","status":"publish","type":"product","link":"https:\/\/www.sopha-sahara.com\/en\/product\/aspersina-rigenera-plus-50ml\/","title":{"rendered":"Aspersina &#8211; Rigenera Plus 50ml"},"content":{"rendered":"<div><strong>PHARMALIFE ASPERSINA RIGENERA PLUS<\/strong><\/div>\n<div>\u00a0<\/div>\n<div>ASPERSINA RIGENERA PLUS est un soin visage intensif id\u00e9al jour et nuit. Sa formulation a \u00e9t\u00e9 enrichie d'extraits naturels utiles pour favoriser l'hydratation et am\u00e9liorer l'apparence g\u00e9n\u00e9rale de la peau du visage. Il exerce une action cibl\u00e9e contre les signes du vieillissement, il est donc particuli\u00e8rement indiqu\u00e9 pour la relaxation de la peau et des tissus matures car il est capable de garantir un apport durable de substances fonctionnelles.<\/p>\n<p>ASPERSINA RIGENERA PLUS contient:<\/p><\/div>\n<div>\u00a0<\/div>\n<div>\n<ul>\n<li>Slime Slime<\/li>\n<li>Vitamine E<\/li>\n<li>Extrait de levure<\/li>\n<li>Peptide biomim\u00e9tique<\/li>\n<li>Acide hyaluronique<\/li>\n<li>faible poids mol\u00e9culaire (20-50)<\/li>\n<li>poids mol\u00e9culaire moyen (200-600)<\/li>\n<\/ul>\n<\/div>\n<div>COMMENT UTILISER: Appliquer matin et \/ ou soir une petite quantit\u00e9 de produit sur le visage, le cou et le d\u00e9collet\u00e9 parfaitement nettoy\u00e9s. Favorisez l'absorption par de l\u00e9gers massages circulaires.<\/div>\n<div>CONTENU NET: 50 ml<\/p>\n<\/div>\n<div>STOCKAGE: garder dans un endroit frais et sec.<\/div>\n<div>\u00a0<\/div>\n<div>INGR\u00c9DIENTS: filtrat de s\u00e9cr\u00e9tion d'escargot, aqua, glyc\u00e9rine, carbonate de di\u00e9thylhexyle, alcool c\u00e9t\u00e9arylique, extrait de levure, m\u00e9thylpropanediol, ol\u00e9ate c\u00e9t\u00e9arylique, polyglyc\u00e9ryl-3 st\u00e9arate, bentonite, cocoate d'isoamyle, laurate d'isoamyle, alcool c\u00e9tylique, alcool d\u00e9natur\u00e9, olivate d'\u00e9thylexyle hydrog\u00e9n\u00e9, amidon d'aluminium oct\u00e9nylsuccinate, caprylylglycol, ph\u00e9noxy\u00e9thanol, cellulose microcristalline, hyaluronate de sodium, cire de fleur d'acacia decurrens, helianthus annuus cire de graines, esters de jojoba, polyglyc\u00e9rine-3, ac\u00e9tate de tocoph\u00e9ryle, parfum, ph\u00e9nylpropanol, gomme xanthane, huile d'olive hydrog\u00e9n\u00e9e insaponifiables, gomme de cellulose, acide benzo\u00efque , diac\u00e9tate de glutamate t\u00e9trasodique, acide d\u00e9hydroac\u00e9tique, palmitoyl hexapeptide-19, \u00e9thylhexylglyc\u00e9rine, sorbate de potassium, benzoate de sodium.<\/div>","protected":false},"excerpt":{"rendered":"<p>Pharmalife Aspersina &#8211; Rigenera Plus 50ml. ASPERSINA RIGENERA PLUS est un soin visage intensif id\u00e9al jour et nuit.<\/p>","protected":false},"featured_media":25214,"template":"","meta":{"arc_restricted_post":false},"product_cat":[49,347],"product_tag":[],"_links":{"self":[{"href":"https:\/\/www.sopha-sahara.com\/en\/wp-json\/wp\/v2\/product\/25005"}],"collection":[{"href":"https:\/\/www.sopha-sahara.com\/en\/wp-json\/wp\/v2\/product"}],"about":[{"href":"https:\/\/www.sopha-sahara.com\/en\/wp-json\/wp\/v2\/types\/product"}],"wp:featuredmedia":[{"embeddable":true,"href":"https:\/\/www.sopha-sahara.com\/en\/wp-json\/wp\/v2\/media\/25214"}],"wp:attachment":[{"href":"https:\/\/www.sopha-sahara.com\/en\/wp-json\/wp\/v2\/media?parent=25005"}],"wp:term":[{"taxonomy":"product_cat","embeddable":true,"href":"https:\/\/www.sopha-sahara.com\/en\/wp-json\/wp\/v2\/product_cat?post=25005"},{"taxonomy":"product_tag","embeddable":true,"href":"https:\/\/www.sopha-sahara.com\/en\/wp-json\/wp\/v2\/product_tag?post=25005"}],"curies":[{"name":"wp","href":"https:\/\/api.w.org\/{rel}","templated":true}]}}