{"id":25004,"date":"2020-12-24T10:17:08","date_gmt":"2020-12-24T09:17:08","guid":{"rendered":"https:\/\/www.interbusinesschamber.com\/produit\/aspersina-nutritiva-50ml\/"},"modified":"2020-12-25T12:09:29","modified_gmt":"2020-12-25T11:09:29","slug":"aspersina-nutritiva-50ml","status":"publish","type":"product","link":"https:\/\/www.sopha-sahara.com\/en\/product\/aspersina-nutritiva-50ml\/","title":{"rendered":"Aspersina &#8211; Nutritiva 50ml"},"content":{"rendered":"<div><strong>PHARMALIFE ASPERSINA - NUTRITIVA<\/strong><\/div>\n<div>ASPERSINA Volume et Force Shampooing<\/div>\n<div>\u00a0<\/div>\n<div>ASPERSINA NUTRITIVA est une cr\u00e8me pour le visage innovante qui aide la peau \u00e0 retrouver sa splendeur naturelle et le bon degr\u00e9 d'hydratation. Il nourrit la peau sans la graisser et la p\u00e8se, laissant une agr\u00e9able sensation de confort imm\u00e9diat et de douceur. L'utilisation quotidienne am\u00e9liore l'apparence g\u00e9n\u00e9rale du visage, minimisant l'apparition des signes du vieillissement.<br \/>Les ingr\u00e9dients actifs pr\u00e9cieux, rendent cette cr\u00e8me adapt\u00e9e \u00e0 la peau s\u00e8che et sous-aliment\u00e9e et pour les plus matures qui ont besoin d'un traitement facial sp\u00e9cifique.<\/div>\n<div>\u00a0<\/div>\n<div>\n<ul>\n<li>ASPERSINA NUTRITIVA contient:<\/li>\n<li>Slime Slime<\/li>\n<li>Acide hyaluronique<\/li>\n<\/ul>\n<p>\u00a0\u00a0\u00a0\u00a0\u00a0\u00a0\u00a0\u00a0\u00a0\u00a0\u00a0\u00a0\u00a0\u00a0\u00a0faible poids mol\u00e9culaire (20-50)<\/p>\n<p>\u00a0\u00a0\u00a0\u00a0\u00a0\u00a0\u00a0\u00a0\u00a0\u00a0\u00a0\u00a0\u00a0\u00a0\u00a0poids mol\u00e9culaire \u00e9lev\u00e9 (1600)<\/p>\n<ul>\n<li>Extrait de Cryptomeria japonica<\/li>\n<li>L'huile de Baobab<\/li>\n<li>Le beurre de cacao<\/li>\n<li>Beurre de karit\u00e9<\/li>\n<li>Vitamine E<\/li>\n<li>Huile d'abricot<\/li>\n<li>Huile de jojoba<\/li>\n<\/ul>\n<\/div>\n<div>COMMENT UTILISER: appliquer le produit le matin et \/ ou le soir sur le visage, le cou et le d\u00e9collet\u00e9 parfaitement nettoy\u00e9s, masser doucement jusqu'\u00e0 absorption compl\u00e8te. Eviter le contact avec les yeux et les muqueuses. Ne pas appliquer sur une peau endommag\u00e9e.<\/div>\n<div>CONTENU NET: 50 ml<\/p>\n<\/div>\n<div>STOCKAGE: garder dans un endroit frais et sec.<\/div>\n<div>\u00a0<\/div>\n<div>INGREDIENTS: aqua, filtrat de s\u00e9cr\u00e9tion d'escargot, glyc\u00e9rine, extrait de p\u00e9pins de chenopodium quinoa, gomme de cellulose, benzoate de sodium, d\u00e9shydroac\u00e9tate de sodium, hyaluronate de sodium, sorbate de potassium, parfum, acide hyaluronique, glutamate diac\u00e9tate t\u00e9trasodique, extrait de culture de callus leontopodium alpinum, acide citrique, ph\u00e9noxy\u00e9thanol, la gomme de xanthane, la gomme de ceratonia siliqua, l'\u00e9thylhexylglyc\u00e9rine.<\/div>","protected":false},"excerpt":{"rendered":"<p>Pharmalife Aspersina &#8211; Nutritiva 50ml. ASPERSINA NUTRITIVA est une cr\u00e8me pour le visage innovante qui aide la peau \u00e0 retrouver sa splendeur naturelle et le bon degr\u00e9 d&rsquo;hydratation.<\/p>","protected":false},"featured_media":25431,"template":"","meta":{"arc_restricted_post":false},"product_cat":[49,347],"product_tag":[],"_links":{"self":[{"href":"https:\/\/www.sopha-sahara.com\/en\/wp-json\/wp\/v2\/product\/25004"}],"collection":[{"href":"https:\/\/www.sopha-sahara.com\/en\/wp-json\/wp\/v2\/product"}],"about":[{"href":"https:\/\/www.sopha-sahara.com\/en\/wp-json\/wp\/v2\/types\/product"}],"wp:featuredmedia":[{"embeddable":true,"href":"https:\/\/www.sopha-sahara.com\/en\/wp-json\/wp\/v2\/media\/25431"}],"wp:attachment":[{"href":"https:\/\/www.sopha-sahara.com\/en\/wp-json\/wp\/v2\/media?parent=25004"}],"wp:term":[{"taxonomy":"product_cat","embeddable":true,"href":"https:\/\/www.sopha-sahara.com\/en\/wp-json\/wp\/v2\/product_cat?post=25004"},{"taxonomy":"product_tag","embeddable":true,"href":"https:\/\/www.sopha-sahara.com\/en\/wp-json\/wp\/v2\/product_tag?post=25004"}],"curies":[{"name":"wp","href":"https:\/\/api.w.org\/{rel}","templated":true}]}}