{"id":25003,"date":"2020-12-24T10:17:07","date_gmt":"2020-12-24T09:17:07","guid":{"rendered":"https:\/\/www.interbusinesschamber.com\/produit\/argan-pure-olio-crema-200ml\/"},"modified":"2020-12-25T11:36:35","modified_gmt":"2020-12-25T10:36:35","slug":"argan-pure-olio-crema-200ml","status":"publish","type":"product","link":"https:\/\/www.sopha-sahara.com\/en\/product\/argan-pure-olio-crema-200ml\/","title":{"rendered":"Argan Pure &#8211; Olio Crema 200ml"},"content":{"rendered":"<div><strong>PHARMALIFE ARGAN PURE<\/strong><\/div>\n<div>Huile de cr\u00e8me<\/div>\n<div>\u00a0<\/div>\n<div>Traitement cosm\u00e9tique innovant qui contient toute la nourriture des pr\u00e9cieuses huiles hydratantes dans une cr\u00e8me douce, l\u00e9g\u00e8re et rapidement absorb\u00e9e. Produit id\u00e9al pour toute la peau du corps qui appara\u00eetra d\u00e8s la premi\u00e8re utilisation visiblement plus compact, lumineux et hydrat\u00e9. Id\u00e9al pour tous les types de peau, en particulier les plus secs et d\u00e9licats, donne de la douceur, de la vitalit\u00e9 et un parfum agr\u00e9able. Il s'applique d'un geste simple sur la peau humide et s\u00e8che et ne laisse pas de r\u00e9sidus graisseux g\u00eanants.<\/div>\n<div>COMMENT UTILISER: appliquer uniform\u00e9ment le produit sur la peau humide ou s\u00e8che et masser doucement avec des mouvements circulaires pour favoriser l'absorption. En cas de peau particuli\u00e8rement s\u00e8che, appliquer plusieurs fois par jour. Eviter le contact avec les yeux et les muqueuses. Ne pas appliquer sur une peau endommag\u00e9e.<\/div>\n<div>CONTENU NET: 30 ml<\/p>\n<\/div>\n<div>STOCKAGE: garder dans un endroit frais et sec.<\/div>\n<div>\u00a0<\/div>\n<div>INGREDIENTS: AQUA, ARGANIA SPINOSA KERNEL HUILE, PRUNUS AMYGDALUS DULCIS HUILE, isononanoate d'isononyle, DICAPRYLYL ETHER, CETEARYL \u00e9thylhexanoate, Glyc\u00e9rine, CETEARYL olivate, St\u00e9arate polyglyc\u00e9ryl-3, PPG-3 BENZYL ETHER \u00e9thylhexanoate, isoamylique cocoate, isoamylique laurate, le ph\u00e9noxy\u00e9thanol, ALUMINUM AMIDON OCTENYLSUCCINATE, Butyrospermum parkii BEURRE, Ac\u00e9tate de TOCOPHERYLE, ACIDE BENZOIQUE, PARFUM, T\u00e9trasodium GLUTAMATE DIACETATE, Acide d\u00e9hydroac\u00e9tique, ROSMARINUS OFFICINALIS HUILE DE FEUILLE, LAVANDULA angustifolia HUILE DE HERBE, Palmitate d'ascorbyle, TOCOPHEROL, L\u00e9cithine, LINALOOL, \u00c9thylhexylglyc\u00e9rine, BENZOYLE BENZOATE, coumarine, LIMON\u00c8NE, CINNAMYL DE L'ALCOOL.<\/div>","protected":false},"excerpt":{"rendered":"<p>Pharmalife Argan Pure &#8211; Olio Crema 200ml. Traitement cosm\u00e9tique innovant qui contient toute la nourriture des pr\u00e9cieuses huiles hydratantes dans une cr\u00e8me douce, l\u00e9g\u00e8re et rapidement absorb\u00e9e.<\/p>","protected":false},"featured_media":25189,"template":"","meta":{"arc_restricted_post":false},"product_cat":[49,347],"product_tag":[],"_links":{"self":[{"href":"https:\/\/www.sopha-sahara.com\/en\/wp-json\/wp\/v2\/product\/25003"}],"collection":[{"href":"https:\/\/www.sopha-sahara.com\/en\/wp-json\/wp\/v2\/product"}],"about":[{"href":"https:\/\/www.sopha-sahara.com\/en\/wp-json\/wp\/v2\/types\/product"}],"wp:featuredmedia":[{"embeddable":true,"href":"https:\/\/www.sopha-sahara.com\/en\/wp-json\/wp\/v2\/media\/25189"}],"wp:attachment":[{"href":"https:\/\/www.sopha-sahara.com\/en\/wp-json\/wp\/v2\/media?parent=25003"}],"wp:term":[{"taxonomy":"product_cat","embeddable":true,"href":"https:\/\/www.sopha-sahara.com\/en\/wp-json\/wp\/v2\/product_cat?post=25003"},{"taxonomy":"product_tag","embeddable":true,"href":"https:\/\/www.sopha-sahara.com\/en\/wp-json\/wp\/v2\/product_tag?post=25003"}],"curies":[{"name":"wp","href":"https:\/\/api.w.org\/{rel}","templated":true}]}}