{"id":25002,"date":"2020-12-24T10:17:07","date_gmt":"2020-12-24T09:17:07","guid":{"rendered":"https:\/\/www.interbusinesschamber.com\/produit\/argan-pure-olio-doccia-200ml\/"},"modified":"2020-12-25T11:40:21","modified_gmt":"2020-12-25T10:40:21","slug":"argan-pure-olio-doccia-200ml","status":"publish","type":"product","link":"https:\/\/www.sopha-sahara.com\/en\/product\/argan-pure-olio-doccia-200ml\/","title":{"rendered":"Argan Pure &#8211; Olio Doccia 200ml"},"content":{"rendered":"<div id=\"description\" class=\"productpagesch\">\n<div class=\"prodsch_txt\">\n<div>\n<div><strong>PHARMALIFE ARGAN PURE<\/strong><\/div>\n<div>Huile de douche<\/div>\n<div>\u00a0<\/div>\n<div>D\u00e9tergent d\u00e9licat qui, au contact de l'eau, se transforme en une mousse l\u00e9g\u00e8re utile pour nettoyer la peau de tout le corps en douceur. Formul\u00e9 avec un m\u00e9lange d'ingr\u00e9dients pr\u00e9cieux, il respecte le film hydrolipidique protecteur de la peau, en pr\u00e9servant sa luminosit\u00e9 et son hydratation. Facile \u00e0 rincer, il assure un confort imm\u00e9diat et laisse un voile de parfum subtil aux notes chaudes et orientales. Id\u00e9al pour les peaux normales, d\u00e9licates et s\u00e8ches des adultes et des enfants.<\/div>\n<div>\u00a0<\/div>\n<div>COMMENT UTILISER: appliquer un \u00e9crou de produit sur les parties int\u00e9ress\u00e9es pr\u00e9alablement humidifi\u00e9es, en massant avec des mouvements circulaires pour favoriser la formation de mousse avec activit\u00e9 d\u00e9tergente; enfin rincer abondamment \u00e0 l'eau. Eviter le contact avec les yeux et les muqueuses. Ne pas appliquer sur une peau endommag\u00e9e.<\/div>\n<div>CONTENU NET: 200 ml<\/p>\n<\/div>\n<div>STOCKAGE: garder dans un endroit frais et sec.<\/div>\n<div>\u00a0<\/div>\n<div>INGREDIENTS: AQUA, GLYCERINE, COCAMIDOPROPYL BETAINE, LAURETH SULFATE D 'AMMONIUM, POLYSORBATE 20, ARGANAMPHOACETATE DE SODIUM, CHLORURE DE SODIUM, PHENOXYETHANOL, PARFUM, ACIDE BENZOIQUE, HUILE DE NOYAU D' ARGANIA SPINOSA, ACIDE DHEHYDROACTIQUE, BENZOATE DE BENZYLE, COUMARINE, ETHYLHEXYLGLYCERINE.<\/div>\n<\/div>\n<\/div>\n<\/div>","protected":false},"excerpt":{"rendered":"<p>Pharmalife Argan Pure &#8211; Olio Doccia 200ml. D\u00e9tergent d\u00e9licat qui, au contact de l&rsquo;eau, se transforme en une mousse l\u00e9g\u00e8re utile pour nettoyer la peau de tout le corps en douceur.<\/p>","protected":false},"featured_media":25190,"template":"","meta":{"arc_restricted_post":false},"product_cat":[49,347],"product_tag":[],"_links":{"self":[{"href":"https:\/\/www.sopha-sahara.com\/en\/wp-json\/wp\/v2\/product\/25002"}],"collection":[{"href":"https:\/\/www.sopha-sahara.com\/en\/wp-json\/wp\/v2\/product"}],"about":[{"href":"https:\/\/www.sopha-sahara.com\/en\/wp-json\/wp\/v2\/types\/product"}],"wp:featuredmedia":[{"embeddable":true,"href":"https:\/\/www.sopha-sahara.com\/en\/wp-json\/wp\/v2\/media\/25190"}],"wp:attachment":[{"href":"https:\/\/www.sopha-sahara.com\/en\/wp-json\/wp\/v2\/media?parent=25002"}],"wp:term":[{"taxonomy":"product_cat","embeddable":true,"href":"https:\/\/www.sopha-sahara.com\/en\/wp-json\/wp\/v2\/product_cat?post=25002"},{"taxonomy":"product_tag","embeddable":true,"href":"https:\/\/www.sopha-sahara.com\/en\/wp-json\/wp\/v2\/product_tag?post=25002"}],"curies":[{"name":"wp","href":"https:\/\/api.w.org\/{rel}","templated":true}]}}