{"id":25001,"date":"2020-12-24T10:17:07","date_gmt":"2020-12-24T09:17:07","guid":{"rendered":"https:\/\/www.interbusinesschamber.com\/produit\/argan-pure-olio-nativo-dargan\/"},"modified":"2020-12-25T11:42:44","modified_gmt":"2020-12-25T10:42:44","slug":"argan-pure-olio-nativo-dargan","status":"publish","type":"product","link":"https:\/\/www.sopha-sahara.com\/en\/product\/argan-pure-olio-nativo-dargan\/","title":{"rendered":"Argan Pure &#8211; Olio Nativo d&rsquo;Argan 30ml"},"content":{"rendered":"<div><strong>PHARMALIFE ARGAN PURE<\/strong><\/div>\n<div>Huile indig\u00e8ne d'argan<\/div>\n<div>\u00a0<\/div>\n<div>Huile d'Argan biologique pure \u00e0 98,5%, enrichie uniquement en Vitamine E avec une activit\u00e9 antioxydante et un parfum sensuel d\u00e9licat et frais. Vous pouvez appliquer cette huile sur tout votre corps pour rendre votre peau douce, radieuse et visiblement plus hydrat\u00e9e. Gr\u00e2ce \u00e0 son haut pouvoir nourrissant et r\u00e9parateur, appliqu\u00e9 en compresse sur les cheveux avant le shampooing, il donne des cheveux sains et brillants, \u00e9liminant ainsi l'\u00e9nervant \"effet frisott\u00e9\". Quelques gouttes appliqu\u00e9es sur les ongles et les cuticules, \u00e9liminent la s\u00e9cheresse et les ger\u00e7ures.<\/div>\n<div>COMMENT UTILISER: appliquer le produit sur les zones du corps \u00e0 traiter et favoriser l'absorption par de l\u00e9gers massages circulaires. Si vous appliquez une compresse sur les cheveux, laissez agir pendant au moins 15 minutes avant de proc\u00e9der au lavage habituel. Eviter le contact avec les yeux et les muqueuses. Ne pas appliquer sur une peau endommag\u00e9e.<\/div>\n<div>CONTENU NET: 30 ml<\/p>\n<\/div>\n<div>STOCKAGE: garder dans un endroit frais et sec.<\/div>\n<div>\u00a0<\/div>\n<div>INGR\u00c9DIENTS: P\u00c9TROLE ARGANIA SPINY, AC\u00c9TATE DE TOCOPHERYLE, PARFUM.<\/div>","protected":false},"excerpt":{"rendered":"<p>Pharmalife Argan Pure &#8211; Olio Nativo d&rsquo;Argan 30ml. Huile d&rsquo;Argan biologique pure \u00e0 98,5%, enrichie uniquement en Vitamine E avec une activit\u00e9 antioxydante et un parfum sensuel d\u00e9licat et frais.<\/p>","protected":false},"featured_media":25191,"template":"","meta":{"arc_restricted_post":false},"product_cat":[49,347],"product_tag":[],"_links":{"self":[{"href":"https:\/\/www.sopha-sahara.com\/en\/wp-json\/wp\/v2\/product\/25001"}],"collection":[{"href":"https:\/\/www.sopha-sahara.com\/en\/wp-json\/wp\/v2\/product"}],"about":[{"href":"https:\/\/www.sopha-sahara.com\/en\/wp-json\/wp\/v2\/types\/product"}],"wp:featuredmedia":[{"embeddable":true,"href":"https:\/\/www.sopha-sahara.com\/en\/wp-json\/wp\/v2\/media\/25191"}],"wp:attachment":[{"href":"https:\/\/www.sopha-sahara.com\/en\/wp-json\/wp\/v2\/media?parent=25001"}],"wp:term":[{"taxonomy":"product_cat","embeddable":true,"href":"https:\/\/www.sopha-sahara.com\/en\/wp-json\/wp\/v2\/product_cat?post=25001"},{"taxonomy":"product_tag","embeddable":true,"href":"https:\/\/www.sopha-sahara.com\/en\/wp-json\/wp\/v2\/product_tag?post=25001"}],"curies":[{"name":"wp","href":"https:\/\/api.w.org\/{rel}","templated":true}]}}