{"id":25000,"date":"2020-12-24T10:17:07","date_gmt":"2020-12-24T09:17:07","guid":{"rendered":"https:\/\/www.interbusinesschamber.com\/produit\/argan-pure-creme-visage-anti-age-50ml\/"},"modified":"2020-12-25T11:32:31","modified_gmt":"2020-12-25T10:32:31","slug":"argan-pure-creme-visage-anti-age-50ml","status":"publish","type":"product","link":"https:\/\/www.sopha-sahara.com\/en\/product\/argan-pure-creme-visage-anti-age-50ml\/","title":{"rendered":"Argan Pure &#8211; Cr\u00e8me Visage Anti-\u00c2ge 50ml"},"content":{"rendered":"<div><strong>PHARMALIFE ARGAN PURE - CR\u00c8ME VISAGE ANTI-\u00c2GE<\/strong><\/div>\n<div>\u00a0<\/div>\n<div>Traitement cosm\u00e9tique anti-\u00e2ge exceptionnel, con\u00e7u pour les peaux matures ayant besoin de soutien et d'un apport ad\u00e9quat en nutriments. L'activit\u00e9 du produit est donn\u00e9e par la synergie d'action de ses composants pr\u00e9cieux.<\/p>\n<p>Cette cr\u00e8me douce et l\u00e9g\u00e8re, non grasse et ne laisse aucun r\u00e9sidu gras g\u00eanant sur la peau, a \u00e9t\u00e9 formul\u00e9e avec des actifs naturels pour contrer le vieillissement pr\u00e9matur\u00e9 de la peau et restaurer le film hydrolipidique physiologique et protecteur. D\u00e8s la premi\u00e8re utilisation, la peau du visage entier appara\u00eetra plus nourrie, douce et rayonnante.<\/p><\/div>\n<div>COMMENT UTILISER: appliquer le produit matin et soir sur le visage, le cou et le d\u00e9collet\u00e9, pr\u00e9alablement propres et secs. Masser d\u00e9licatement avec des mouvements circulaires pour favoriser l'absorption. Eviter le contact avec les yeux et les muqueuses. Ne pas appliquer sur une peau endommag\u00e9e.<\/div>\n<div>CONTENU NET: 50 ml<\/p>\n<\/div>\n<div>STOCKAGE: garder dans un endroit frais et sec.<\/div>\n<div>\u00a0<\/div>\n<div>INGREDIENTS: aqua, huile de noyau d'argania spinosa, glyc\u00e9rine, isononylate d'isononyle, trip\u00e9largonine, carbonate de dicaprylyle, alcool c\u00e9t\u00e9arylique, cocoate d'isoamyle, laurate d'isoamyle, c\u00e9t\u00e9aryl glucoside, huile de glycine soja, oct\u00e9nylsuccinate d'amidon d'aluminium, dist\u00e9arate de polyglyc\u00e9ryl-3 m\u00e9thylglucose, ph\u00e9noxy\u00e9thanol, butyl\u00e8neglycol, beurre butyrospermum parkii, huile de noyau d'argania spinosa \/ hydrog\u00e9n\u00e9e argania spinosa huile de colza, hectorite, alcool c\u00e9tylique, hyaluronate de sodium, ac\u00e9tate de tocoph\u00e9ryle, extrait de fruit de c\u00e9salpinia spinosa, gomme xanthane, parfum, acide benzo\u00efque, glutamate diac\u00e9tate t\u00e9trasodique, acide d\u00e9hydroac\u00e9tique, extrait de kappaphycus alvarezii , fleur d'eriodictyon californicum \/ feuille \/ extrait de tige, huile de feuille de rosmarinus officinalis, linalool, huile d'herbe de lavandula angustifolia, tocoph\u00e9rol, palmitate d'ascorbyle, l\u00e9cithine, extrait de fleur de jasminum officinale, extrait de fleur de lavandula angustifolia, extrait de fleur de prunus serrulata, sambucus extrait de fleur de nigra, \u00e9thylhexyle glyc\u00e9rine n, alpha-isom\u00e9thyl-ionone, coumarine, citronellol, benzyl-salicylate, hydroxyisohexyl-3-cyclohex\u00e8ne carboxald\u00e9hyde, limon\u00e8ne, g\u00e9raniol, huile de rose damascena, huile de graines d'helianthus annuus.<\/div>","protected":false},"excerpt":{"rendered":"<p>Pharmalife Argan Pure &#8211; Cr\u00e8me Visage Anti-\u00c2ge 50ml. Traitement cosm\u00e9tique anti-\u00e2ge exceptionnel, con\u00e7u pour les peaux matures ayant besoin de soutien et d&rsquo;un apport ad\u00e9quat en nutriments.<\/p>","protected":false},"featured_media":25186,"template":"","meta":{"arc_restricted_post":false},"product_cat":[49,347],"product_tag":[],"_links":{"self":[{"href":"https:\/\/www.sopha-sahara.com\/en\/wp-json\/wp\/v2\/product\/25000"}],"collection":[{"href":"https:\/\/www.sopha-sahara.com\/en\/wp-json\/wp\/v2\/product"}],"about":[{"href":"https:\/\/www.sopha-sahara.com\/en\/wp-json\/wp\/v2\/types\/product"}],"wp:featuredmedia":[{"embeddable":true,"href":"https:\/\/www.sopha-sahara.com\/en\/wp-json\/wp\/v2\/media\/25186"}],"wp:attachment":[{"href":"https:\/\/www.sopha-sahara.com\/en\/wp-json\/wp\/v2\/media?parent=25000"}],"wp:term":[{"taxonomy":"product_cat","embeddable":true,"href":"https:\/\/www.sopha-sahara.com\/en\/wp-json\/wp\/v2\/product_cat?post=25000"},{"taxonomy":"product_tag","embeddable":true,"href":"https:\/\/www.sopha-sahara.com\/en\/wp-json\/wp\/v2\/product_tag?post=25000"}],"curies":[{"name":"wp","href":"https:\/\/api.w.org\/{rel}","templated":true}]}}