{"id":24999,"date":"2020-12-24T10:17:06","date_gmt":"2020-12-24T09:17:06","guid":{"rendered":"https:\/\/www.interbusinesschamber.com\/produit\/argan-pure-gommage-corporel-energisant-250-grammes\/"},"modified":"2020-12-25T11:33:44","modified_gmt":"2020-12-25T10:33:44","slug":"argan-pure-gommage-corporel-energisant-250-grammes","status":"publish","type":"product","link":"https:\/\/www.sopha-sahara.com\/en\/product\/argan-pure-gommage-corporel-energisant-250-grammes\/","title":{"rendered":"Argan Pure &#8211; Gommage Corporel \u00c9nergisant 250 grammes"},"content":{"rendered":"<div><strong>PHARMALIFE ARGAN PURE GOMMAGE CORPOREL \u00c9NERGISANT<br \/><\/strong><\/div>\n<div>\u00a0<\/div>\n<div>Traitement cosm\u00e9tique au parfum frais et floral de sureau et de bergamote. Ce m\u00e9lange naturel de sels exfoliants, de poudre d'argan et de sucre de canne brut aide \u00e0 \u00e9liminer les cellules mortes et facilite le renouvellement cellulaire. Il nourrit intens\u00e9ment la peau qui restera longtemps douce et soyeuse. Les huiles essentielles d'aromath\u00e9rapie d'Orange, de Lavande et de Citron redonnent \u00e9nergie et vigueur \u00e0 la peau de tout le corps qui para\u00eetra plus lumineuse, hydrat\u00e9e et plus saine et homog\u00e8ne. Traitement id\u00e9al pour pr\u00e9parer la peau et la rendre plus r\u00e9ceptive aux traitements ult\u00e9rieurs. Cela convient \u00e0 tout type de peau.<\/div>\n<div>COMMENT UTILISER: masser une quantit\u00e9 ad\u00e9quate de produit sur une peau humide pour un gommage plus d\u00e9licat, ou sur une peau s\u00e8che pour un effet exfoliant plus intense. Insister sur les zones plus s\u00e8ches et rugueuses (coudes, talons, genoux). Rincez abondamment \u00e0 l'eau ti\u00e8de. Il est recommand\u00e9 de r\u00e9p\u00e9ter le traitement au moins deux fois par semaine. Une rougeur l\u00e9g\u00e8re et momentan\u00e9e est une indication de l'activit\u00e9 du produit. Eviter le contact avec les yeux et les muqueuses. Ne pas appliquer sur une peau endommag\u00e9e.<\/div>\n<div>CONTENU NET: 250 g<\/p>\n<\/div>\n<div>STOCKAGE: garder dans un endroit frais et sec.<\/div>\n<div>\u00a0<\/div>\n<div>INGREDIENTS: chlorure de sodium, huile de prunus amygdalus dulcis, poudre de saccharum officinarum, polysorbate 20, eau, parfum, ac\u00e9tate de tocoph\u00e9ryle, huile de noyau d'argania spinosa, ph\u00e9noxy\u00e9thanol, cocamidopropylb\u00e9ta\u00efne, poudre de coquille d'argania spinosa, huile de cocos nucifera, arganamphoac\u00e9tate de sodium, huile v\u00e9g\u00e9tale hydrog\u00e9n\u00e9e, hexyl cinnamal, linalol, huile de zeste de citrus aurantium exprim\u00e9e, huile de son oryza sativa, limon\u00e8ne, glyc\u00e9rine, huile de lavandula angustifolia, huile de citrus limon.<\/div>","protected":false},"excerpt":{"rendered":"<p>Pharmalife Argan Pure &#8211; Gommage Corporel \u00c9nergisant 250 grammes. Traitement cosm\u00e9tique au parfum frais et floral de sureau et de bergamote.<\/p>","protected":false},"featured_media":25187,"template":"","meta":{"arc_restricted_post":false},"product_cat":[49,347],"product_tag":[],"_links":{"self":[{"href":"https:\/\/www.sopha-sahara.com\/en\/wp-json\/wp\/v2\/product\/24999"}],"collection":[{"href":"https:\/\/www.sopha-sahara.com\/en\/wp-json\/wp\/v2\/product"}],"about":[{"href":"https:\/\/www.sopha-sahara.com\/en\/wp-json\/wp\/v2\/types\/product"}],"wp:featuredmedia":[{"embeddable":true,"href":"https:\/\/www.sopha-sahara.com\/en\/wp-json\/wp\/v2\/media\/25187"}],"wp:attachment":[{"href":"https:\/\/www.sopha-sahara.com\/en\/wp-json\/wp\/v2\/media?parent=24999"}],"wp:term":[{"taxonomy":"product_cat","embeddable":true,"href":"https:\/\/www.sopha-sahara.com\/en\/wp-json\/wp\/v2\/product_cat?post=24999"},{"taxonomy":"product_tag","embeddable":true,"href":"https:\/\/www.sopha-sahara.com\/en\/wp-json\/wp\/v2\/product_tag?post=24999"}],"curies":[{"name":"wp","href":"https:\/\/api.w.org\/{rel}","templated":true}]}}