{"id":24997,"date":"2020-12-24T10:17:06","date_gmt":"2020-12-24T09:17:06","guid":{"rendered":"https:\/\/www.interbusinesschamber.com\/produit\/argan-pure-scrub-corpo-rilassante-250-grammes\/"},"modified":"2020-12-25T11:43:32","modified_gmt":"2020-12-25T10:43:32","slug":"argan-pure-scrub-corpo-rilassante-250-grammes","status":"publish","type":"product","link":"https:\/\/www.sopha-sahara.com\/en\/product\/argan-pure-scrub-corpo-rilassante-250-grammes\/","title":{"rendered":"Argan Pure &#8211; Scrub Corpo Rilassante 250 grammes"},"content":{"rendered":"<div id=\"description\" class=\"productpagesch\">\n<div class=\"prodsch_txt\">\n<div>\n<div><strong>PHARMALIFE ARGAN PURE - SCRUB CORPO RILASSANTE<br \/><\/strong><\/div>\n<div>gommage corporel relaxant<\/div>\n<div>\u00a0<\/div>\n<div>Traitement cosm\u00e9tique avec un parfum d\u00e9licat et raffin\u00e9 de datura et de lavande. Ce m\u00e9lange naturel de sels exfoliants, de poudre d'argan et de sucre de canne brut aide \u00e0 \u00e9liminer les cellules mortes et facilite le renouvellement cellulaire. Il nourrit intens\u00e9ment la peau qui restera longtemps douce et soyeuse. Les huiles essentielles d'aromath\u00e9rapie d'Orange, de Lavande et de Citron redonnent de la beaut\u00e9 et de la vigueur \u00e0 la peau de tout le corps qui para\u00eetra plus lumineuse, hydrat\u00e9e et d'une couleur plus saine et plus homog\u00e8ne. Traitement id\u00e9al pour pr\u00e9parer la peau et la rendre plus r\u00e9ceptive aux traitements ult\u00e9rieurs. Cela convient \u00e0 tout type de peau.<\/div>\n<div>COMMENT UTILISER: masser une quantit\u00e9 ad\u00e9quate de produit sur une peau humide pour un gommage plus d\u00e9licat, ou sur une peau s\u00e8che pour un effet exfoliant plus intense. Insister sur des zones plus s\u00e8ches et rugueuses (mains, coudes, talons, genoux). Rincez abondamment \u00e0 l'eau ti\u00e8de. Il est recommand\u00e9 de r\u00e9p\u00e9ter le traitement au moins deux fois par semaine. Une rougeur l\u00e9g\u00e8re et momentan\u00e9e est une indication de l'activit\u00e9 du produit. Eviter le contact avec les yeux et les muqueuses. Ne pas appliquer sur une peau endommag\u00e9e.<\/div>\n<div>CONTENU NET: 250 g<\/p>\n<\/div>\n<div>STOCKAGE: garder dans un endroit frais et sec.<\/div>\n<div>\u00a0<\/div>\n<div>INGR\u00c9DIENTS: chlorure de sodium, huile de prunus amygdalus dulcis, poudre de saccharum officinarum, polysorbate 20, parfum, aqua, ac\u00e9tate de tocoph\u00e9ryle, huile de noyau d'argania spinosa, ph\u00e9noxy\u00e9thanol, beurre de butyrospermum parkii, cocamidopropyl b\u00e9ta\u00efne, poudre de coquille d'argania spinosa, arganamphoac\u00e9tate de sodium, huile d'\u00e9corce de citrus aurantium exprim\u00e9e, huile v\u00e9g\u00e9tale hydrog\u00e9n\u00e9e, huile de persea gratissima, glyc\u00e9rine, huile d'herbe de lavandula angustifolia, limon\u00e8ne, huile de citrus limon, linalol.<\/div>\n<\/div>\n<\/div>\n<div class=\"prodsch_avvert\">\u00a0<\/div>\n<\/div>\n<div id=\"reviews\" class=\"prodsch_review\">\u00a0<\/div>","protected":false},"excerpt":{"rendered":"<p>Pharmalife Argan Pure &#8211; Scrub Corpo Rilassante 250 grammes. Traitement cosm\u00e9tique avec un parfum d\u00e9licat et raffin\u00e9 de datura et de lavande.<\/p>","protected":false},"featured_media":25192,"template":"","meta":{"arc_restricted_post":false},"product_cat":[49,347],"product_tag":[],"_links":{"self":[{"href":"https:\/\/www.sopha-sahara.com\/en\/wp-json\/wp\/v2\/product\/24997"}],"collection":[{"href":"https:\/\/www.sopha-sahara.com\/en\/wp-json\/wp\/v2\/product"}],"about":[{"href":"https:\/\/www.sopha-sahara.com\/en\/wp-json\/wp\/v2\/types\/product"}],"wp:featuredmedia":[{"embeddable":true,"href":"https:\/\/www.sopha-sahara.com\/en\/wp-json\/wp\/v2\/media\/25192"}],"wp:attachment":[{"href":"https:\/\/www.sopha-sahara.com\/en\/wp-json\/wp\/v2\/media?parent=24997"}],"wp:term":[{"taxonomy":"product_cat","embeddable":true,"href":"https:\/\/www.sopha-sahara.com\/en\/wp-json\/wp\/v2\/product_cat?post=24997"},{"taxonomy":"product_tag","embeddable":true,"href":"https:\/\/www.sopha-sahara.com\/en\/wp-json\/wp\/v2\/product_tag?post=24997"}],"curies":[{"name":"wp","href":"https:\/\/api.w.org\/{rel}","templated":true}]}}