{"id":24996,"date":"2020-12-24T10:17:05","date_gmt":"2020-12-24T09:17:05","guid":{"rendered":"https:\/\/www.interbusinesschamber.com\/produit\/collagenat-gel-contorno-occhi-15ml\/"},"modified":"2020-12-25T12:47:33","modified_gmt":"2020-12-25T11:47:33","slug":"collagenat-gel-contorno-occhi-15ml","status":"publish","type":"product","link":"https:\/\/www.sopha-sahara.com\/en\/product\/collagenat-gel-contorno-occhi-15ml\/","title":{"rendered":"CollagenaT &#8211; Gel Contorno Occhi 15ml"},"content":{"rendered":"<div><strong>PHARMALIFE COLLAGENAT - GEL CONTORNO OCCHI<br \/><\/strong><\/div>\n<div>Contour des yeux-gel<\/div>\n<div>\u00a0<\/div>\n<div>Traitement cosm\u00e9tique r\u00e9volutionnaire sp\u00e9cifique aux zones p\u00e9rioculaires. Gr\u00e2ce \u00e0 la synergie d'action des actifs et \u00e0 l'effet correcteur des pigments soft focus, il illumine les yeux, minimise les zones d'ombre et r\u00e9duit instantan\u00e9ment la visibilit\u00e9 des rides.<br \/>Un geste indispensable pour un look parfait!<\/p>\n<p>\"J'ADORE VOTRE LOOK AVEC UN SEUL GESTE\"<\/p><\/div>\n<div>COMMENT UTILISER: appliquer le produit avant la cr\u00e8me pour le visage habituelle sur les zones p\u00e9rioculaires parfaitement propres, appuyez sur et favoriser l'absorption gr\u00e2ce \u00e0 de l\u00e9gers massages circulaires. Eviter le contact avec les yeux et les muqueuses. Ne pas appliquer sur une peau endommag\u00e9e.<\/div>\n<div>CONTENU NET: 15 ml<\/p>\n<\/div>\n<div>STOCKAGE: garder dans un endroit frais et sec.<\/div>\n<div>\u00a0<\/div>\n<div>INGREDIENTS: AQUA, glyc\u00e9rine, feuille d'alo\u00e8s JUS, le carbom\u00e8re, le ph\u00e9noxy\u00e9thanol, le collag\u00e8ne hydrolys\u00e9, le fructose, la tri\u00e9thanolamine, COLLAGENE acides amin\u00e9s, prot\u00e9ines v\u00e9g\u00e9tales hydrolys\u00e9es, hydroxypropyl cyclodextrine, PALMITOYL tripeptide-38, SODIUM HYALURONATE CROSSPOLYMER, benzo\u00efque ACIDE, AESCULUS EXTRAIT DE hippocastanum, Caf\u00e9ine , Gomme de CELLULOSE, ESCIN, HYDROXYDE DE SODIUM, PARFUM, GLACAMATE DE GLUTAMATE t\u00e9trasodique, GLYCOL t\u00e9trasodique, Acide d\u00e9hydroac\u00e9tique, EXTRAIT DE CHONDRUS CRISPUS, GOMME NATTO, Buteth-3, Sorbate de potassium, \u00c9thylhexylglyc\u00e9rine, SODIUM BENZOTRIAZOLYL butylph\u00e9nol sulfonate, BENZOATE DE SODIUM, Chlorphenesin, ACIDE CITRIQUE, CITRATE DE TRIBUTYLE, FLUORPHLOGOPITE SYNTHETIQUE, DIOXYDE DE TITANE.<\/div>","protected":false},"excerpt":{"rendered":"<p>Pharmalife CollagenaT &#8211; Gel Contorno Occhi 15ml. Traitement cosm\u00e9tique r\u00e9volutionnaire sp\u00e9cifique aux zones p\u00e9rioculaires.<\/p>","protected":false},"featured_media":25251,"template":"","meta":{"arc_restricted_post":false},"product_cat":[49,347],"product_tag":[],"_links":{"self":[{"href":"https:\/\/www.sopha-sahara.com\/en\/wp-json\/wp\/v2\/product\/24996"}],"collection":[{"href":"https:\/\/www.sopha-sahara.com\/en\/wp-json\/wp\/v2\/product"}],"about":[{"href":"https:\/\/www.sopha-sahara.com\/en\/wp-json\/wp\/v2\/types\/product"}],"wp:featuredmedia":[{"embeddable":true,"href":"https:\/\/www.sopha-sahara.com\/en\/wp-json\/wp\/v2\/media\/25251"}],"wp:attachment":[{"href":"https:\/\/www.sopha-sahara.com\/en\/wp-json\/wp\/v2\/media?parent=24996"}],"wp:term":[{"taxonomy":"product_cat","embeddable":true,"href":"https:\/\/www.sopha-sahara.com\/en\/wp-json\/wp\/v2\/product_cat?post=24996"},{"taxonomy":"product_tag","embeddable":true,"href":"https:\/\/www.sopha-sahara.com\/en\/wp-json\/wp\/v2\/product_tag?post=24996"}],"curies":[{"name":"wp","href":"https:\/\/api.w.org\/{rel}","templated":true}]}}