{"id":24995,"date":"2020-12-24T10:17:05","date_gmt":"2020-12-24T09:17:05","guid":{"rendered":"https:\/\/www.interbusinesschamber.com\/produit\/collagenat-siero-renew-15ml\/"},"modified":"2020-12-25T12:53:33","modified_gmt":"2020-12-25T11:53:33","slug":"collagenat-siero-renew-15ml","status":"publish","type":"product","link":"https:\/\/www.sopha-sahara.com\/en\/product\/collagenat-siero-renew-15ml\/","title":{"rendered":"CollagenaT &#8211; Siero Renew 15ml"},"content":{"rendered":"<div><strong>PHARMALIFE COLLAGENAT - SIERO RENEW<br \/><\/strong><\/div>\n<div>Renouveler le s\u00e9rum<\/div>\n<div>\u00a0<\/div>\n<div>S\u00e9rum facial extraordinaire id\u00e9al pour les peaux ternes, atones et stress\u00e9es qui n\u00e9cessitent de l'\u00e9nergie et du soutien. Il s'agit d'un traitement d'action intensif, \u00e0 base de collag\u00e8ne marin hydrolys\u00e9 et de collag\u00e8ne v\u00e9g\u00e9tal, enrichi d'une double source de vitamine C favorisant la r\u00e9g\u00e9n\u00e9ration et la formation de collag\u00e8ne. La vitamine C et la glucosyl-hesp\u00e9ridine poss\u00e8dent \u00e9galement des propri\u00e9t\u00e9s antioxydantes et \u00e9nergisantes \u00e9lev\u00e9es, utiles pour lutter contre le vieillissement de la peau et limiter les dommages caus\u00e9s par les radicaux libres.<\/div>\n<div>COMMENT UTILISER: apr\u00e8s le nettoyage habituel, appliquer quelques gouttes de produit matin et soir sur la peau du visage uniform\u00e9ment. Tapez et massez l\u00e9g\u00e8rement pour favoriser l'absorption. Pour une action plus intense et durable, il est recommand\u00e9 de combiner le s\u00e9rum visage avec une cr\u00e8me visage de la ligne Collagenat. Eviter le contact avec les yeux et les muqueuses. Ne pas appliquer sur une peau endommag\u00e9e.<\/div>\n<div>CONTENU NET: 15 ml<\/p>\n<\/div>\n<div>STOCKAGE: garder dans un endroit frais et sec.<\/div>\n<div>\u00a0<\/div>\n<div>INGR\u00c9DIENTS: AQUA, Polysorbate 20, Gomme CELLULOSE, PH\u00c9NOXY\u00c9THANOL, Ascorbyl Glucoside, SODIUM Ascorbyl PHOSPHATE, glucosyl hesp\u00e9ridine, COLLAG\u00c8NE HYDROLYSE, CHONDRUS CRISPUS EXTRAIT, GOMME NATTO, Buteth-3, PARFUM, ACIDE BENZO\u00cfQUE, SODIUM BENZOTRIAZOLYL butylph\u00e9nol sulfonate, T\u00e9trasodium GLUTAMATE DIACETATE, ACIDE D\u00c9SHYDROAC\u00c9TIQUE, CHLORPH\u00c9NESINE, ACIDE CITRIQUE, BUTYL\u00c8NE GLYCOL, CINNAMINE HEXYL\u00c9E, ETHYLHEXYLGLYC\u00c9RINE, CITRATE DE TRIBUTYLE, LINALOOL, EDTA.<\/div>","protected":false},"excerpt":{"rendered":"<p>Pharmalife CollagenaT &#8211; Siero Renew 15ml. S\u00e9rum facial extraordinaire id\u00e9al pour les peaux ternes, atones et stress\u00e9es qui n\u00e9cessitent de l&rsquo;\u00e9nergie et du soutien.<\/p>","protected":false},"featured_media":25258,"template":"","meta":{"arc_restricted_post":false},"product_cat":[49,347],"product_tag":[],"_links":{"self":[{"href":"https:\/\/www.sopha-sahara.com\/en\/wp-json\/wp\/v2\/product\/24995"}],"collection":[{"href":"https:\/\/www.sopha-sahara.com\/en\/wp-json\/wp\/v2\/product"}],"about":[{"href":"https:\/\/www.sopha-sahara.com\/en\/wp-json\/wp\/v2\/types\/product"}],"wp:featuredmedia":[{"embeddable":true,"href":"https:\/\/www.sopha-sahara.com\/en\/wp-json\/wp\/v2\/media\/25258"}],"wp:attachment":[{"href":"https:\/\/www.sopha-sahara.com\/en\/wp-json\/wp\/v2\/media?parent=24995"}],"wp:term":[{"taxonomy":"product_cat","embeddable":true,"href":"https:\/\/www.sopha-sahara.com\/en\/wp-json\/wp\/v2\/product_cat?post=24995"},{"taxonomy":"product_tag","embeddable":true,"href":"https:\/\/www.sopha-sahara.com\/en\/wp-json\/wp\/v2\/product_tag?post=24995"}],"curies":[{"name":"wp","href":"https:\/\/api.w.org\/{rel}","templated":true}]}}