{"id":24994,"date":"2020-12-24T10:17:05","date_gmt":"2020-12-24T09:17:05","guid":{"rendered":"https:\/\/www.interbusinesschamber.com\/produit\/collagenat-crema-viso-sleeping-beauty-50ml\/"},"modified":"2020-12-25T12:41:30","modified_gmt":"2020-12-25T11:41:30","slug":"collagenat-crema-viso-sleeping-beauty-50ml","status":"publish","type":"product","link":"https:\/\/www.sopha-sahara.com\/en\/product\/collagenat-crema-viso-sleeping-beauty-50ml\/","title":{"rendered":"CollagenaT &#8211; Crema Viso Sleeping Beauty 50ml"},"content":{"rendered":"<div><strong>PHARMALIFE COLLAGENAT - CREMA VISO SLEEPING BEAUTY<br \/><\/strong><\/div>\n<div>Cr\u00e8me pour le visage Sleeping Beauty<\/div>\n<div>\u00a0<\/div>\n<div>Traitement facial sp\u00e9cifique id\u00e9al pour les peaux matures ayant besoin d'un apport ad\u00e9quat en nutriments. Formulation riche en principes actifs r\u00e9parateurs agissant magiquement pendant les heures nocturnes pour donner de l'\u00e9nergie, de la compacit\u00e9 et donner un visage d\u00e9tendu aux traits d\u00e9tendus. Sa texture souple et cors\u00e9e est rapidement absorb\u00e9e sans laisser de graisse r\u00e9siduelle, se nourrit bien et redonne \u00e0 la peau douceur et soyeux. Son action de remodelage intensif est garantie par la pr\u00e9sence de collag\u00e8ne marin hydrolys\u00e9 et de collag\u00e8ne v\u00e9g\u00e9tal. Cr\u00e8me de nuit id\u00e9ale qui donne \u00e0 la peau du visage une apparence visiblement rajeunie au r\u00e9veil.<\/div>\n<div>COMMENT UTILISER: appliquer le produit le soir sur le visage, le cou et le d\u00e9collet\u00e9 parfaitement propres et favoriser l'absorption par de l\u00e9gers massages circulaires. Le produit peut \u00eatre utilis\u00e9 le soir avant d'aller au lit ou le matin en cas de peau particuli\u00e8rement s\u00e8che et dess\u00e9ch\u00e9e. Eviter le contact avec les yeux et les muqueuses. Ne pas appliquer sur une peau endommag\u00e9e.<\/div>\n<div>CONTENU NET: 50 ml<\/p>\n<\/div>\n<div>STOCKAGE: garder dans un endroit frais et sec.<\/div>\n<div>\u00a0<\/div>\n<div>INGR\u00c9DIENTS: AQUA, GLYC\u00c9RINE, CETEARYL Alcool, Alcool c\u00e9tylique, \u00c9thylhexanoate de CETEARYL, Isoamyl cocoate, Isoamyl Laurate, TRIPELARGONINE, Butyrospermum parkii BEURRE, Plukenetia Volubilis HUILE DE GRAINES, PH\u00c9NOXY\u00c9THANOL, HUILE DE GRAINES D'HELIANTHUS ANNUUS, ISOPROPYL MYRISTATE, Ceteareth-20, TRIDECANE, und\u00e9cane, COLLAG\u00c8NE HYDROLYSE, THEOBROME BEURRE DE GRAINES DE CACAO, TOCOPHERYLE Ac\u00e9tate, Parfum, EXTRAIT DE CRISPUS CHONDRUS, HUILE DE GRAINS ARGANIA SPINOSA, HUILE V\u00c9G\u00c9TALE HYDROG\u00c9N\u00c9E, LAVANDULA angustifolia EXTRAIT DE FLEURS, EXTRAIT DE FEUILLES DE ROSMARINUS OFFICINALIS, GOMME NATTO, CYCLODEXTRINE D'HYDROPROPYL\u00c8NE, CARBOM\u00c8RE, TRIPEPTIDE DE PALMITOYL-38, BENZOIQUE ACIDE, DIACETATE DE GLUTAMATE DE TETRASODIUM, ACIDE DESHYDROACETIQUE, CHLORPHENESINE, ACIDE CITRIQUE, PALMITATE D 'ASCORBYLE, TOCOPHEROL, LECITHINE, GLYCOL DE BUTYLENE, ETHYLHEXYLGLYCERINE, EDTA.<\/div>","protected":false},"excerpt":{"rendered":"<p>Pharmalife CollagenaT &#8211; Crema Viso Sleeping Beauty 50ml. Traitement facial sp\u00e9cifique id\u00e9al pour les peaux matures ayant besoin d&rsquo;un apport ad\u00e9quat en nutriments.<\/p>","protected":false},"featured_media":25250,"template":"","meta":{"arc_restricted_post":false},"product_cat":[49,347],"product_tag":[],"_links":{"self":[{"href":"https:\/\/www.sopha-sahara.com\/en\/wp-json\/wp\/v2\/product\/24994"}],"collection":[{"href":"https:\/\/www.sopha-sahara.com\/en\/wp-json\/wp\/v2\/product"}],"about":[{"href":"https:\/\/www.sopha-sahara.com\/en\/wp-json\/wp\/v2\/types\/product"}],"wp:featuredmedia":[{"embeddable":true,"href":"https:\/\/www.sopha-sahara.com\/en\/wp-json\/wp\/v2\/media\/25250"}],"wp:attachment":[{"href":"https:\/\/www.sopha-sahara.com\/en\/wp-json\/wp\/v2\/media?parent=24994"}],"wp:term":[{"taxonomy":"product_cat","embeddable":true,"href":"https:\/\/www.sopha-sahara.com\/en\/wp-json\/wp\/v2\/product_cat?post=24994"},{"taxonomy":"product_tag","embeddable":true,"href":"https:\/\/www.sopha-sahara.com\/en\/wp-json\/wp\/v2\/product_tag?post=24994"}],"curies":[{"name":"wp","href":"https:\/\/api.w.org\/{rel}","templated":true}]}}