{"id":24993,"date":"2020-12-24T10:17:04","date_gmt":"2020-12-24T09:17:04","guid":{"rendered":"https:\/\/www.interbusinesschamber.com\/produit\/collagenat-crema-viso-age-defend-50ml\/"},"modified":"2020-12-25T12:40:32","modified_gmt":"2020-12-25T11:40:32","slug":"collagenat-crema-viso-age-defend-50ml","status":"publish","type":"product","link":"https:\/\/www.sopha-sahara.com\/en\/product\/collagenat-crema-viso-age-defend-50ml\/","title":{"rendered":"CollagenaT &#8211; Crema Viso Age-Defend 50ml"},"content":{"rendered":"<div><strong>PHARMALIFE COLLAGENAT - CREMA VISO AGE-DEFEND<br \/><\/strong><\/div>\n<div>Age Defend Cr\u00e8me pour le visage<\/div>\n<div>\u00a0<\/div>\n<div>Soin du visage anti-\u00e2ge sp\u00e9cifique \u00e0 la texture fra\u00eeche et l\u00e9g\u00e8re, id\u00e9al pour tous les types de peau. La pr\u00e9sence de collag\u00e8ne marin hydrolys\u00e9 et de collag\u00e8ne v\u00e9g\u00e9tal assure un effet r\u00e9parateur et tonifiant, laissant la peau du visage compacte et visiblement r\u00e9g\u00e9n\u00e9r\u00e9e. Formulation riche en principes actifs tels que le sang de dragon (\u00e9pig\u00e9n\u00e9tique actif), les cellules m\u00e9rist\u00e9matiques d'edelweiss et l'extrait de Cryptomeria japonica \u00e0 action raffermissante et r\u00e9g\u00e9n\u00e9rante. La vitamine A antioxydante, l'huile de rose de mosqueta, l'huile de jojoba et le beurre de karit\u00e9 contrecarrent le vieillissement cutan\u00e9 et nourrissent efficacement la peau. Cr\u00e8me de jour innovante \u00e0 absorption rapide, non grasse et ne laissant pas de r\u00e9sidus graisseux g\u00eanants; donne une peau jeune et radieuse. Pour am\u00e9liorer l'activit\u00e9 du produit, il est conseill\u00e9 d'utiliser un s\u00e9rum facial de la ligne Collagenat en combinaison.<\/div>\n<div>COMMENT UTILISER: appliquer le produit le matin sur le visage, le cou et le d\u00e9collet\u00e9 parfaitement nettoy\u00e9s et favoriser l'absorption par de l\u00e9gers massages circulaires. Pour une action plus durable, appliquez constamment le produit pendant au moins trois mois. Eviter le contact avec les yeux et les muqueuses. Ne pas appliquer sur une peau endommag\u00e9e.<\/div>\n<div>CONTENU NET: 50 ml<\/p>\n<\/div>\n<div>STOCKAGE: garder dans un endroit frais et sec.<\/div>\n<div>\u00a0<\/div>\n<div>INGR\u00c9DIENTS: AQUA, GLYC\u00c9RINE, SIMMONDSIA CHINENSIS HUILE, POLYGLYCERYL-6 DISTEARATE, CERA ALBA, ISONONYL ISONONANOATE, HUILE DE ROSE MOSCHATA, BEURRE BUTYROSPERMUM PARKII, PH\u00c9NOXY\u00c9THANOL, CARBOM\u00c8RE, ESTERS DE JOJOBA, TRID\u00c9CANE, UND\u00c9CANE, TRI\u00c9THANOLAMINE, COLLAG\u00c8NE HYDROLYSE, AC\u00c9TATE DE TOCOPHERYLE, EXTRAIT DE CRISPUS DE CHONDRUS, gomme de natto, alcool c\u00e9tylique, CIRE D'ABEILLE de POLYGLYCERYL-3, GLYCOL de BUTYLENE, PARFUM, propanediol, EXTRAIT de fruit de Phoenix dactylifera, ACIDE BENZOIQUE, Palmitate de r\u00e9tinyle, DIAC\u00c9TATE de GLUTAMATE de tetrasodium, acide de Dehydroacetic, EXTRAIT D'\u00c9CORCE de CINNAMOMUM ZEYLANICUM, Leontopodium alpinum EXTRAIT DE CULTURE DE CALLUS, EXTRAIT DE RESINE DE CROTON LECHLERI, EXTRAIT DE BUDGET DE CRYPTOMERIA JAPONICA, PALMITATE D'ASCORBYLE, TOCOPHEROL, LECITHINE, BENZOATE DE SODIUM, ETHYLHEXYLGLYCERINE, CHLORPHENESINE, GOMME DE XANTHANE, CI 14700, CI 42090, BHA, BHT.<\/div>","protected":false},"excerpt":{"rendered":"<p class=\"productabstract\">Pharmalife CollagenaT &#8211; Crema Viso Age-Defend 50ml. Soin du visage anti-\u00e2ge sp\u00e9cifique \u00e0 la texture fra\u00eeche et l\u00e9g\u00e8re, id\u00e9al pour tous les types de peau.<\/p>","protected":false},"featured_media":25249,"template":"","meta":{"arc_restricted_post":false},"product_cat":[49,347],"product_tag":[],"_links":{"self":[{"href":"https:\/\/www.sopha-sahara.com\/en\/wp-json\/wp\/v2\/product\/24993"}],"collection":[{"href":"https:\/\/www.sopha-sahara.com\/en\/wp-json\/wp\/v2\/product"}],"about":[{"href":"https:\/\/www.sopha-sahara.com\/en\/wp-json\/wp\/v2\/types\/product"}],"wp:featuredmedia":[{"embeddable":true,"href":"https:\/\/www.sopha-sahara.com\/en\/wp-json\/wp\/v2\/media\/25249"}],"wp:attachment":[{"href":"https:\/\/www.sopha-sahara.com\/en\/wp-json\/wp\/v2\/media?parent=24993"}],"wp:term":[{"taxonomy":"product_cat","embeddable":true,"href":"https:\/\/www.sopha-sahara.com\/en\/wp-json\/wp\/v2\/product_cat?post=24993"},{"taxonomy":"product_tag","embeddable":true,"href":"https:\/\/www.sopha-sahara.com\/en\/wp-json\/wp\/v2\/product_tag?post=24993"}],"curies":[{"name":"wp","href":"https:\/\/api.w.org\/{rel}","templated":true}]}}