{"id":24992,"date":"2020-12-24T10:17:04","date_gmt":"2020-12-24T09:17:04","guid":{"rendered":"https:\/\/www.interbusinesschamber.com\/produit\/collagenat-maschera-viso-filling-75ml\/"},"modified":"2020-12-25T12:48:36","modified_gmt":"2020-12-25T11:48:36","slug":"collagenat-maschera-viso-filling-75ml","status":"publish","type":"product","link":"https:\/\/www.sopha-sahara.com\/en\/product\/collagenat-maschera-viso-filling-75ml\/","title":{"rendered":"CollagenaT &#8211; Maschera Viso Filling 75ml"},"content":{"rendered":"<div><strong>PHARMALIFE COLLAGENAT - MASCHERA VISO FILLING<br \/><\/strong><\/div>\n<div>Masque de remplissage<\/div>\n<div>\u00a0<\/div>\n<div>Soin cosm\u00e9tique anti-\u00e2ge sp\u00e9cifique indiqu\u00e9 pour les peaux matures avec une relaxation cutan\u00e9e \u00e9vidente et des rides marqu\u00e9es. Gr\u00e2ce \u00e0 son action remodelante, il red\u00e9finit les contours du visage et aide \u00e0 minimiser les effets de la relaxation de la peau caus\u00e9s par le vieillissement. Un geste de beaut\u00e9 indispensable formul\u00e9 pour donner une nouvelle peau \u00e0 la peau de tout le visage. L'argile volcanique et l'extrait d'h\u00e9matite donnent la couleur gris fonc\u00e9 caract\u00e9ristique au masque facial.<\/div>\n<div>COMMENT UTILISER: appliquer le masque uniform\u00e9ment sur toute la peau du visage parfaitement propre. Laisser agir pendant environ 15 minutes, puis nettoyer soigneusement les zones trait\u00e9es avec de l'eau, en \u00e9liminant les r\u00e9sidus de produit avec un coton-tige. Apr\u00e8s le traitement, appliquez une cr\u00e8me pour le visage de la ligne Collagenat. R\u00e9p\u00e9tez le traitement au moins deux fois par semaine. Eviter le contact avec les yeux et les muqueuses. Ne pas appliquer sur une peau endommag\u00e9e.<\/div>\n<div>CONTENU NET: 75 ml<\/p>\n<\/div>\n<div>STOCKAGE: garder dans un endroit frais et sec.<\/div>\n<div>\u00a0<\/div>\n<div>INGR\u00c9DIENTS: AQUA, GLYC\u00c9RINE, ALCOOL C\u00c9T\u00c9ARYL, CETEARETH-20, ETHYLHEXANOATE D'\u00c9THER BENZYLIQUE PPG-3, ALCOOL CETYLIQUE, KAOLINE, HUILE DE GRAISSIMA PERSEA, EXTRAIT D'H\u00c9MATATE, PH\u00c9NOXY\u00c9THANOL, COLLAG\u00c8NE HYDROLYSE, PARFUM, AC\u00c9TATE DE TOCOPH\u00c9RYLE, NOIR DE CARBONE, ACIDES AMIN\u00c9S COLLAG\u00c8NES, CHONDRUS EXTRAIT DE CRISPUS, GOMME NATTO, ACIDE BENZOIQUE, PIERRE, DIAC\u00c9TATE DE GLUTAMATE t\u00e9trasodique, Acide d\u00e9hydroac\u00e9tique, ACIDE CITRIQUE, DIPEPTIDE DE PALMITOYLE-5 DIAMINOBUTYROYL HYDROXYTHREONINE, DIPEPTIDE-5 DIAMINOHYDROXYBUTYRATE DE PALMITOYLE, Chlorphenesin, Ethylhexylglyc\u00e9rine, Sorbate de potassium, Acide sorbique.<\/div>","protected":false},"excerpt":{"rendered":"<p>Pharmalife CollagenaT &#8211; Maschera Viso Filling 75ml. Soin cosm\u00e9tique anti-\u00e2ge sp\u00e9cifique indiqu\u00e9 pour les peaux matures avec une relaxation cutan\u00e9e \u00e9vidente et des rides marqu\u00e9es.<\/p>","protected":false},"featured_media":25252,"template":"","meta":{"arc_restricted_post":false},"product_cat":[49,347],"product_tag":[],"_links":{"self":[{"href":"https:\/\/www.sopha-sahara.com\/en\/wp-json\/wp\/v2\/product\/24992"}],"collection":[{"href":"https:\/\/www.sopha-sahara.com\/en\/wp-json\/wp\/v2\/product"}],"about":[{"href":"https:\/\/www.sopha-sahara.com\/en\/wp-json\/wp\/v2\/types\/product"}],"wp:featuredmedia":[{"embeddable":true,"href":"https:\/\/www.sopha-sahara.com\/en\/wp-json\/wp\/v2\/media\/25252"}],"wp:attachment":[{"href":"https:\/\/www.sopha-sahara.com\/en\/wp-json\/wp\/v2\/media?parent=24992"}],"wp:term":[{"taxonomy":"product_cat","embeddable":true,"href":"https:\/\/www.sopha-sahara.com\/en\/wp-json\/wp\/v2\/product_cat?post=24992"},{"taxonomy":"product_tag","embeddable":true,"href":"https:\/\/www.sopha-sahara.com\/en\/wp-json\/wp\/v2\/product_tag?post=24992"}],"curies":[{"name":"wp","href":"https:\/\/api.w.org\/{rel}","templated":true}]}}