{"id":24990,"date":"2020-12-24T10:17:03","date_gmt":"2020-12-24T09:17:03","guid":{"rendered":"https:\/\/www.interbusinesschamber.com\/produit\/collagenat-siero-pro-density-15ml\/"},"modified":"2020-12-25T12:52:41","modified_gmt":"2020-12-25T11:52:41","slug":"collagenat-siero-pro-density-15ml","status":"publish","type":"product","link":"https:\/\/www.sopha-sahara.com\/en\/product\/collagenat-siero-pro-density-15ml\/","title":{"rendered":"CollagenaT &#8211; Siero Pro-Density 15ml"},"content":{"rendered":"<div><strong>PHARMALIFE COLLAGENAT - SIERO PRO-DENSITY<br \/><\/strong><\/div>\n<div>S\u00e9rum Pro-Densit\u00e9<\/div>\n<div>\u00a0<\/div>\n<div>S\u00e9rum facial innovant concentr\u00e9 et plein de substances fonctionnelles, id\u00e9al pour les peaux creuses et atoniques qui pr\u00e9sentent une perte \u00e9vidente de densit\u00e9, d'\u00e9lasticit\u00e9 et de luminosit\u00e9. C'est un traitement \u00e0 action revitalisante intensive, \u00e0 base de collag\u00e8ne marin hydrolys\u00e9 et de collag\u00e8ne v\u00e9g\u00e9tal enrichi de pr\u00e9cieux actifs restaurateurs. La couleur rouge-brun du lactos\u00e9rum est caract\u00e9ristique en raison de la pr\u00e9sence de sang et de fer de dragon (oxyde de fer III), naturellement contenu dans l'extrait d'h\u00e9matite, utile pour la production endog\u00e8ne de collag\u00e8ne.<\/div>\n<div>COMMENT UTILISER: apr\u00e8s le nettoyage habituel, appliquer quelques gouttes de produit matin et soir sur la peau du visage uniform\u00e9ment. Tapez et massez l\u00e9g\u00e8rement pour favoriser l'absorption. Pour une action plus intense et durable, il est recommand\u00e9 de combiner le s\u00e9rum visage avec une cr\u00e8me visage de la ligne Collagenat. Eviter le contact avec les yeux et les muqueuses. Ne pas appliquer sur une peau endommag\u00e9e.<\/div>\n<div>CONTENU NET: 15 ml<\/p>\n<\/div>\n<div>STOCKAGE: garder dans un endroit frais et sec.<\/div>\n<div>\u00a0<\/div>\n<div>INGREDIENTS: AQUA, GLYCERINE, POLYSORBATE 20, PROPANEDIOL, PHENOXYETHANOL, GOMME DE CELLULOSE, COLLAGENE HYDROLYSE, EXTRAIT D'HEMATITE, PARFUM, COLLAGENE AMINO ACIDES, EXTRAIT DE CRISPUS DE CHONDRUS, GOMME NATTO, HYALURONATE DE SODIUM, EXTRAIT DE RESINE CROTON LECHLERI, ACIDE BENZOIQUE, ACIDE HYALURONIQUE, TETRASODIUM DIACETATE DE GLUTAMATE, ACIDE DESHYDROACETIQUE, CHLORPHENESINE, ACIDE CITRIQUE, CINNAMAL HEXYLIQUE, ETHYLHEXYLGLYCERINE, LINALOOL, SORBATE DE POTASSIUM, LIMONENE, ACIDE SORBIQUE.<\/div>","protected":false},"excerpt":{"rendered":"<p>Pharmalife CollagenaT &#8211; Siero Pro-Density 15ml. S\u00e9rum facial innovant concentr\u00e9 et plein de substances fonctionnelles, id\u00e9al pour les peaux creuses et atoniques qui pr\u00e9sentent une perte \u00e9vidente de densit\u00e9, d&rsquo;\u00e9lasticit\u00e9 et de luminosit\u00e9.<\/p>","protected":false},"featured_media":25257,"template":"","meta":{"arc_restricted_post":false},"product_cat":[49,347],"product_tag":[],"_links":{"self":[{"href":"https:\/\/www.sopha-sahara.com\/en\/wp-json\/wp\/v2\/product\/24990"}],"collection":[{"href":"https:\/\/www.sopha-sahara.com\/en\/wp-json\/wp\/v2\/product"}],"about":[{"href":"https:\/\/www.sopha-sahara.com\/en\/wp-json\/wp\/v2\/types\/product"}],"wp:featuredmedia":[{"embeddable":true,"href":"https:\/\/www.sopha-sahara.com\/en\/wp-json\/wp\/v2\/media\/25257"}],"wp:attachment":[{"href":"https:\/\/www.sopha-sahara.com\/en\/wp-json\/wp\/v2\/media?parent=24990"}],"wp:term":[{"taxonomy":"product_cat","embeddable":true,"href":"https:\/\/www.sopha-sahara.com\/en\/wp-json\/wp\/v2\/product_cat?post=24990"},{"taxonomy":"product_tag","embeddable":true,"href":"https:\/\/www.sopha-sahara.com\/en\/wp-json\/wp\/v2\/product_tag?post=24990"}],"curies":[{"name":"wp","href":"https:\/\/api.w.org\/{rel}","templated":true}]}}