{"id":24989,"date":"2020-12-24T10:17:03","date_gmt":"2020-12-24T09:17:03","guid":{"rendered":"https:\/\/www.interbusinesschamber.com\/produit\/collagenat-siero-active-30ml\/"},"modified":"2020-12-25T12:51:31","modified_gmt":"2020-12-25T11:51:31","slug":"collagenat-siero-active-30ml","status":"publish","type":"product","link":"https:\/\/www.sopha-sahara.com\/en\/product\/collagenat-siero-active-30ml\/","title":{"rendered":"CollagenaT &#8211; Siero Active 30ml"},"content":{"rendered":"<div><strong>PHARMALIFE COLLAGENAT - SIERO ACTIVE<br \/><\/strong><\/div>\n<div>S\u00e9rum actif<\/div>\n<div>\u00a0<\/div>\n<div>S\u00e9rum facial incroyable riche en ingr\u00e9dients actifs qui contrastent efficacement les signes du vieillissement. C'est un traitement intensif avec une action intensive \u00e0 base de collag\u00e8ne marin hydrolys\u00e9 et de collag\u00e8ne v\u00e9g\u00e9tal, actif qui donne structure et r\u00e9sistance \u00e0 toute la peau du visage qui appara\u00eetra visiblement plus uniforme, lumineuse et vitale. Il garantit \u00e9galement une action globale en agissant sur la perte de ton et en red\u00e9finissant l'ovale du visage.<\/div>\n<div>COMMENT UTILISER: apr\u00e8s le nettoyage habituel, appliquer quelques gouttes de produit matin et soir sur la peau du visage uniform\u00e9ment. Tapez et massez l\u00e9g\u00e8rement pour favoriser l'absorption. Pour une action plus intense et durable, il est recommand\u00e9 de combiner le s\u00e9rum visage avec une cr\u00e8me visage de la ligne Collagenat. Eviter le contact avec les yeux et les muqueuses. Ne pas appliquer sur une peau endommag\u00e9e.<\/div>\n<div>CONTENU NET: 30 ml<\/p>\n<\/div>\n<div>STOCKAGE: garder dans un endroit frais et sec.<\/div>\n<div>\u00a0<\/div>\n<div>INGREDIENTS: AQUA, la glyc\u00e9rine, le polysorbate 20, GOMME DE CELLULOSE, le ph\u00e9noxy\u00e9thanol, le collag\u00e8ne hydrolys\u00e9, DIPEPTIDE DIAMINOBUTYROYL benzylamide diac\u00e9tate, parfum, acide hyaluronique, CHONDRUS EXTRAIT CRISPUS, la gomme natto, hyaluronate de sodium, l'acide benzo\u00efque, t\u00e9trasodique GLUTAMATE diac\u00e9tate, Dehydroacetic acide, SACCHAROMYCES \/ PLATINUM FERMENT, ACIDE CITRIQUE, CINNAMAL D'HEXYLE, LINALOOL, CHLORPHENESINE, TRIPEPTIDE-5 DE PALMITOYLE, ETHYLHEXYLGLYCERINE, LIMONENE.<\/div>","protected":false},"excerpt":{"rendered":"<p class=\"productabstract\">Pharmalife CollagenaT &#8211; Siero Active 30ml. S\u00e9rum facial incroyable riche en ingr\u00e9dients actifs qui contrastent efficacement les signes du vieillissement.<\/p>","protected":false},"featured_media":25256,"template":"","meta":{"arc_restricted_post":false},"product_cat":[49,347],"product_tag":[],"_links":{"self":[{"href":"https:\/\/www.sopha-sahara.com\/en\/wp-json\/wp\/v2\/product\/24989"}],"collection":[{"href":"https:\/\/www.sopha-sahara.com\/en\/wp-json\/wp\/v2\/product"}],"about":[{"href":"https:\/\/www.sopha-sahara.com\/en\/wp-json\/wp\/v2\/types\/product"}],"wp:featuredmedia":[{"embeddable":true,"href":"https:\/\/www.sopha-sahara.com\/en\/wp-json\/wp\/v2\/media\/25256"}],"wp:attachment":[{"href":"https:\/\/www.sopha-sahara.com\/en\/wp-json\/wp\/v2\/media?parent=24989"}],"wp:term":[{"taxonomy":"product_cat","embeddable":true,"href":"https:\/\/www.sopha-sahara.com\/en\/wp-json\/wp\/v2\/product_cat?post=24989"},{"taxonomy":"product_tag","embeddable":true,"href":"https:\/\/www.sopha-sahara.com\/en\/wp-json\/wp\/v2\/product_tag?post=24989"}],"curies":[{"name":"wp","href":"https:\/\/api.w.org\/{rel}","templated":true}]}}