{"id":24988,"date":"2020-12-24T10:17:02","date_gmt":"2020-12-24T09:17:02","guid":{"rendered":"https:\/\/www.interbusinesschamber.com\/produit\/collagenat-no-age-drink-10-flacons-de-25ml\/"},"modified":"2020-12-25T12:50:14","modified_gmt":"2020-12-25T11:50:14","slug":"collagenat-no-age-drink-10-flacons-de-25ml","status":"publish","type":"product","link":"https:\/\/www.sopha-sahara.com\/en\/product\/collagenat-no-age-drink-10-flacons-de-25ml\/","title":{"rendered":"CollagenaT &#8211; No-Age Drink 10 flacons de 25ml"},"content":{"rendered":"<div class=\"prodsch_txt\">\n<div>\n<div><strong>PHARMALIFE COLLAGENAT - NO-AGE DRINK<br \/><\/strong><\/div>\n<div>Boisson sans \u00e2ge<\/div>\n<div>\u00a0<\/div>\n<div>Il s'agit d'un compl\u00e9ment alimentaire \u00e0 base de collag\u00e8ne hydrolys\u00e9, d'acide hyaluronique, de resv\u00e9ratrol, de vitamine C, d'acides amin\u00e9s et d'extraits de plantes. Gr\u00e2ce \u00e0 sa formule particuli\u00e8re riche en antioxydants tels que la vitamine C, le resv\u00e9ratrol et l'extrait de th\u00e9 vert, il est capable de contrer l'oxydation cellulaire de l'int\u00e9rieur et de favoriser le bien-\u00eatre de la peau. En outre, la vitamine C favorise la synth\u00e8se endog\u00e8ne de collag\u00e8ne, contribuant \u00e0 la fonction normale de la peau.<\/div>\n<div>\u00a0<\/div>\n<div>COMMENT UTILISER: il est recommand\u00e9 de prendre un flacon par jour, pur ou dilu\u00e9 dans de l'eau ou un autre jus, loin des repas.<\/div>\n<div>CONTENU NET: 10 x 25 ml<\/p>\n<\/div>\n<div>STOCKAGE: garder dans un endroit frais et sec.<\/div>\n<div>\u00a0<\/div>\n<div>\n<div>\n<h4 class=\"tabnut_tit\">INFORMATION NUTRITIONNELLE<\/h4>\n<div class=\"tabnut_table\">\n<table class=\"iaftable\" cellspacing=\"0\">\n<tbody>\n<tr>\n<td class=\"tabnut_medsep-top\"><strong>Analyse moyenne<\/strong><\/td>\n<td class=\"tabnut_medsep-top\">\n<div><strong>Par 100 ml<\/strong><\/div>\n<\/td>\n<td class=\"tabnut_medsep-top\">\n<div><strong>Par flacon (25 ml)<\/strong><\/div>\n<\/td>\n<td class=\"tabnut_medsep-top\">\n<div><strong>VNR%*<\/strong><\/div>\n<\/td>\n<\/tr>\n<tr>\n<td class=\"tabnut_medsep-btm\">Collag\u00e8ne<\/td>\n<td class=\"tabnut_medsep-btm\">20 g<\/td>\n<td class=\"tabnut_medsep-btm\">5 g<\/td>\n<td class=\"tabnut_medsep-btm\">\u00a0<\/td>\n<\/tr>\n<tr>\n<td>Vitamine C<\/td>\n<td>400 mg<\/td>\n<td>100 mg<\/td>\n<td>125%<\/td>\n<\/tr>\n<tr>\n<td>Acide L-glutamique<\/td>\n<td>200 mg<\/td>\n<td>50 mg<\/td>\n<td>\u00a0<\/td>\n<\/tr>\n<tr>\n<td>L-Proline<\/td>\n<td>100 mg<\/td>\n<td>25 mg<\/td>\n<td>\u00a0<\/td>\n<\/tr>\n<tr>\n<td>Glycine<\/td>\n<td>100 mg<\/td>\n<td>25 mg<\/td>\n<td>\u00a0<\/td>\n<\/tr>\n<tr>\n<td>Acide hyaluronique<\/td>\n<td>100 mg<\/td>\n<td>25 mg<\/td>\n<td>\u00a0<\/td>\n<\/tr>\n<tr>\n<td>L'acide lipo\u00efque<\/td>\n<td>100 mg<\/td>\n<td>25 mg<\/td>\n<td>\u00a0<\/td>\n<\/tr>\n<tr>\n<td>Herbe centella<\/td>\n<td>100 mg<\/td>\n<td>25 mg<\/td>\n<td>\u00a0<\/td>\n<\/tr>\n<tr>\n<td>Feuilles de th\u00e9 vert par exemple<\/td>\n<td>100 mg<\/td>\n<td>25 mg<\/td>\n<td>\u00a0<\/td>\n<\/tr>\n<tr>\n<td>\n<div>Racines de polygone<\/div>\n<div>dont trans-resv\u00e9ratrol<\/div>\n<\/td>\n<td>\n<div>100 mg<\/div>\n<div>50 mg<\/div>\n<\/td>\n<td>\n<div>25 mg<\/div>\n<div>12,5 mg<\/div>\n<\/td>\n<td>\u00a0<\/td>\n<\/tr>\n<tr>\n<td>Elastin<\/td>\n<td>80 mg<\/td>\n<td>20 mg<\/td>\n<td>\u00a0<\/td>\n<\/tr>\n<tr>\n<td>L-ornithine<\/td>\n<td>78,4 mg<\/td>\n<td>19,6 mg<\/td>\n<td>\u00a0<\/td>\n<\/tr>\n<tr>\n<td class=\"tabnut_medsep-top\">Vitamine B6<\/td>\n<td class=\"tabnut_medsep-top\">4,6 mg<\/td>\n<td class=\"tabnut_medsep-top\">1,15 mg<\/td>\n<td class=\"tabnut_medsep-top\">82%<\/td>\n<\/tr>\n<tr>\n<td class=\"tabnut_medsep-btm\" colspan=\"4\">* VNR: valeurs nutritionnelles de r\u00e9f\u00e9rence.<\/td>\n<\/tr>\n<tr>\n<td colspan=\"4\">\n<p><strong>Ingr\u00e9dients<\/strong>\u00a0: eau d\u00e9min\u00e9ralis\u00e9e, collag\u00e8ne marin hydrolys\u00e9, \u00e9mulsifiant: glyc\u00e9rine v\u00e9g\u00e9tale E422; le fructose, la gamma-cyclodextrine, l'acidifiant: l'acide citrique; Vitamine C, ar\u00f4me, acide L-Glutamique, L-Proline, Glycine, Ornithine L-Hydrochloride, extrait sec de Centella asiatica (Centella asiatica, maltodextrine), extrait sec de feuilles de th\u00e9 vert (Camellia sinensis, maltodextrine), extrait sec de Racine de Polygonum (Polygonum cuspidatum, maltodextrine) titr\u00e9e \u00e0 50% en trans-resv\u00e9ratrol, hyaluronate de sodium, acide alpha-lipo\u00efque, \u00e9lastine hydrolys\u00e9e, conservateur: sorbate de potassium E202, benzoate de sodium E211; Gluconate de zinc, chlorhydrate de pyridoxine (vitamine B6), gluconate de cuivre.<\/p>\n<p><\/p>\n<p>Contient des d\u00e9riv\u00e9s du\u00a0<strong>poisson<\/strong><\/p>\n<\/td>\n<\/tr>\n<\/tbody>\n<\/table>\n<\/div>\n<\/div>\n<\/div>\n<\/div>\n<\/div>\n<div class=\"prodsch_avvert\">D\u00e9conseill\u00e9 en dehors des repas, ainsi que aux enfants, adolescents, femmes enceintes ou allaitantes.<br \/>Si vous \u00eates trait\u00e9 avec des m\u00e9dicaments hypoglyc\u00e9miants avant d'utiliser le produit, consulter un m\u00e9decin.<\/p>\n<div>Lisez attentivement l\u2019\u00e9tiquette et les informations concernant le produit ainsi que le mode d\u2019emploi.<br \/>Ne pas d\u00e9passer la dose journali\u00e8re indiqu\u00e9e.<br \/>Tenir hors de port\u00e9e des jeunes enfants.<br \/>Les compl\u00e9ments alimentaires ne soient utilis\u00e9s comme substituts d'un r\u00e9gime alimentaire vari\u00e9.<\/div>\n<div>IAF network vous rappelled l\u2019importance d\u2019une alimentation vari\u00e9e et \u00e9quilibr\u00e9e et \u00e0 un mode de vie sain.<\/div>\n<\/div>","protected":false},"excerpt":{"rendered":"<p>Pharmalife CollagenaT &#8211; No-Age Drink 10 flacons de 25ml. Il s&rsquo;agit d&rsquo;un compl\u00e9ment alimentaire \u00e0 base de collag\u00e8ne hydrolys\u00e9, d&rsquo;acide hyaluronique, de resv\u00e9ratrol, de vitamine C, d&rsquo;acides amin\u00e9s et d&rsquo;extraits de plantes.<\/p>","protected":false},"featured_media":25255,"template":"","meta":{"arc_restricted_post":false},"product_cat":[49,347],"product_tag":[],"_links":{"self":[{"href":"https:\/\/www.sopha-sahara.com\/en\/wp-json\/wp\/v2\/product\/24988"}],"collection":[{"href":"https:\/\/www.sopha-sahara.com\/en\/wp-json\/wp\/v2\/product"}],"about":[{"href":"https:\/\/www.sopha-sahara.com\/en\/wp-json\/wp\/v2\/types\/product"}],"wp:featuredmedia":[{"embeddable":true,"href":"https:\/\/www.sopha-sahara.com\/en\/wp-json\/wp\/v2\/media\/25255"}],"wp:attachment":[{"href":"https:\/\/www.sopha-sahara.com\/en\/wp-json\/wp\/v2\/media?parent=24988"}],"wp:term":[{"taxonomy":"product_cat","embeddable":true,"href":"https:\/\/www.sopha-sahara.com\/en\/wp-json\/wp\/v2\/product_cat?post=24988"},{"taxonomy":"product_tag","embeddable":true,"href":"https:\/\/www.sopha-sahara.com\/en\/wp-json\/wp\/v2\/product_tag?post=24988"}],"curies":[{"name":"wp","href":"https:\/\/api.w.org\/{rel}","templated":true}]}}