{"id":24987,"date":"2020-12-24T10:17:02","date_gmt":"2020-12-24T09:17:02","guid":{"rendered":"https:\/\/www.interbusinesschamber.com\/produit\/argan-pure-balsamo-labbra-1-sachets-de-57ml\/"},"modified":"2020-12-25T11:30:52","modified_gmt":"2020-12-25T10:30:52","slug":"argan-pure-balsamo-labbra-1-sachets-de-57ml","status":"publish","type":"product","link":"https:\/\/www.sopha-sahara.com\/en\/product\/argan-pure-balsamo-labbra-1-sachets-de-57ml\/","title":{"rendered":"Argan Pure &#8211; Balsamo Labbra 1 sachets de 5,7ml"},"content":{"rendered":"<div class=\"prodsch_txt\">\n<div>\n<div><strong>PHARMALIFE ARGAN PURE<\/strong><\/div>\n<div>Baume \u00e0 l\u00e8vres<\/div>\n<div>\u00a0<\/div>\n<div>Traitement intensif et nourrissant pour les l\u00e8vres. Il a une action \u00e9molliente, id\u00e9al en cas de s\u00e9cheresse et de fissuration. Adoucit et rend la peau des l\u00e8vres plus douce et plus douce.<\/div>\n<div>CONTENU NET: 5,7 ml<\/p>\n<\/div>\n<div>STOCKAGE: garder dans un endroit frais et sec.<\/div>\n<div>\u00a0<\/div>\n<div>INGR\u00c9DIENTS: Huile d'Argan Bio, Huile de Jojoba, Cire de Riz, Vitamine E. Produit formul\u00e9 avec des ingr\u00e9dients compatibles avec la philosophie v\u00e9g\u00e9talienne et v\u00e9g\u00e9tarienne.<\/div>\n<\/div>\n<\/div>","protected":false},"excerpt":{"rendered":"<p>Pharmalife Argan Pure &#8211; Balsamo Labbra 1 sachets de 5,7ml. Traitement intensif et nourrissant pour les l\u00e8vres.<\/p>","protected":false},"featured_media":25184,"template":"","meta":{"arc_restricted_post":false},"product_cat":[49,347],"product_tag":[],"_links":{"self":[{"href":"https:\/\/www.sopha-sahara.com\/en\/wp-json\/wp\/v2\/product\/24987"}],"collection":[{"href":"https:\/\/www.sopha-sahara.com\/en\/wp-json\/wp\/v2\/product"}],"about":[{"href":"https:\/\/www.sopha-sahara.com\/en\/wp-json\/wp\/v2\/types\/product"}],"wp:featuredmedia":[{"embeddable":true,"href":"https:\/\/www.sopha-sahara.com\/en\/wp-json\/wp\/v2\/media\/25184"}],"wp:attachment":[{"href":"https:\/\/www.sopha-sahara.com\/en\/wp-json\/wp\/v2\/media?parent=24987"}],"wp:term":[{"taxonomy":"product_cat","embeddable":true,"href":"https:\/\/www.sopha-sahara.com\/en\/wp-json\/wp\/v2\/product_cat?post=24987"},{"taxonomy":"product_tag","embeddable":true,"href":"https:\/\/www.sopha-sahara.com\/en\/wp-json\/wp\/v2\/product_tag?post=24987"}],"curies":[{"name":"wp","href":"https:\/\/api.w.org\/{rel}","templated":true}]}}