{"id":24986,"date":"2020-12-24T10:17:01","date_gmt":"2020-12-24T09:17:01","guid":{"rendered":"https:\/\/www.interbusinesschamber.com\/produit\/tussiflux-toux-30ml\/"},"modified":"2020-12-25T15:54:48","modified_gmt":"2020-12-25T14:54:48","slug":"tussiflux-toux-30ml","status":"publish","type":"product","link":"https:\/\/www.sopha-sahara.com\/en\/product\/tussiflux-toux-30ml\/","title":{"rendered":"Tussiflux Toux 30ml"},"content":{"rendered":"<div><strong>PHARMALIFE TUSSIFLUX TOUX<br \/><\/strong><\/div>\n<div>Dispositif m\u00e9dical<\/div>\n<div>\u00a0<\/div>\n<div>Tussiflux\u00a0Toux de Pharmalife Research est un dispositif m\u00e9dical indiqu\u00e9 dans le traitement de la toux s\u00e8che et productive et de l'irritation de la gorge due aux agents infectieux, typiques de la saison hivernale, ou aux agents externes, tels que le froid et le smog.<br \/>Tussiflux spray toux, gr\u00e2ce \u00e0 sa formulation sp\u00e9cifique \u00e0 base d'ingr\u00e9dients v\u00e9g\u00e9taux tels que Plantain, Lichen Islandais, Aloe, Propolis et Grindelia, ingr\u00e9dients riches en mucilage, gommes et r\u00e9sines, est capable de former un film effet barri\u00e8re qui r\u00e9alise de multiples activit\u00e9s:<\/div>\n<div>\u00a0<\/div>\n<div>\n<ul>\n<li>adh\u00e9rant \u00e0 la muqueuse, il limite le contact avec les agents irritants externes;<\/li>\n<li>il agit en calmant la toux et l'irritation de la cavit\u00e9 buccale;<\/li>\n<li>favorise l'hydratation de la muqueuse;<\/li>\n<li>favorise la restauration de la fonctionnalit\u00e9 des voies respiratoires.<\/li>\n<\/ul>\n<p>Tussiflux spray toux contient \u00e9galement des huiles essentielles de pin, de thym et d'eucalyptus aux propri\u00e9t\u00e9s \u00e9mollientes et apaisantes qui, gr\u00e2ce \u00e0 l'effet balsamique, procurent une agr\u00e9able sensation de relief et conf\u00e8rent au produit un go\u00fbt agr\u00e9able. L'emballage pratique avec n\u00e9buliseur sans gaz permet une utilisation facile et cibl\u00e9e, vous permettant de r\u00e9p\u00e9ter l'application plusieurs fois au cours de la journ\u00e9e.<\/div>\n<div>COMMENT UTILISER: Utiliser l'applicateur appropri\u00e9 administrant 3 \u00e0 4 fournitures dans la cavit\u00e9 pharyng\u00e9e; Selon le besoin, il est possible de r\u00e9p\u00e9ter l'application jusqu'\u00e0 4-5 fois pendant la journ\u00e9e.<\/div>\n<div>CONTENU NET: 30 ml<\/p>\n<\/div>\n<div>STOCKAGE: garder dans un endroit frais et sec.<\/div>\n<div>\u00a0<\/div>\n<div>INGR\u00c9DIENTS: Eau d\u00e9min\u00e9ralis\u00e9e, extrait hydroglyc\u00e9rique de feuilles de plantain (Plantago major), extrait hydroglyc\u00e9rique de thalle lichen islandais (Cetraria islandica), extrait sec de concentr\u00e9 de gel d'alo\u00e8s 200: 1 (Aloe barbadensis, maltodextrine), extrait de propolis glyc\u00e9rique (propolis), fructose , extrait hydroglyc\u00e9rique de sommit\u00e9s fleuries Grindelia (Grindelia robusta), jus d'orange, feuilles d'huile essentielle de pin (Pinus sylvestris), huile essentielle de feuilles d'eucalyptus (Eucalyptus globulus), huile essentielle de thym (Thymus vulgaris), conservateur: sorbate de potassium E202; acidifiant: acide citrique E330.<\/div>","protected":false},"excerpt":{"rendered":"<p>Pharmalife Tussiflux Toux 30ml. Tussiflux Toux de Pharmalife Research est un dispositif m\u00e9dical indiqu\u00e9 dans le traitement de la toux s\u00e8che et productive et de l&rsquo;irritation de la gorge due aux agents infectieux, typiques de la saison hivernale, ou aux agents externes, tels que le froid et le smog.<\/p>","protected":false},"featured_media":25381,"template":"","meta":{"arc_restricted_post":false},"product_cat":[49,347],"product_tag":[],"_links":{"self":[{"href":"https:\/\/www.sopha-sahara.com\/en\/wp-json\/wp\/v2\/product\/24986"}],"collection":[{"href":"https:\/\/www.sopha-sahara.com\/en\/wp-json\/wp\/v2\/product"}],"about":[{"href":"https:\/\/www.sopha-sahara.com\/en\/wp-json\/wp\/v2\/types\/product"}],"wp:featuredmedia":[{"embeddable":true,"href":"https:\/\/www.sopha-sahara.com\/en\/wp-json\/wp\/v2\/media\/25381"}],"wp:attachment":[{"href":"https:\/\/www.sopha-sahara.com\/en\/wp-json\/wp\/v2\/media?parent=24986"}],"wp:term":[{"taxonomy":"product_cat","embeddable":true,"href":"https:\/\/www.sopha-sahara.com\/en\/wp-json\/wp\/v2\/product_cat?post=24986"},{"taxonomy":"product_tag","embeddable":true,"href":"https:\/\/www.sopha-sahara.com\/en\/wp-json\/wp\/v2\/product_tag?post=24986"}],"curies":[{"name":"wp","href":"https:\/\/api.w.org\/{rel}","templated":true}]}}