{"id":24985,"date":"2020-12-24T10:17:01","date_gmt":"2020-12-24T09:17:01","guid":{"rendered":"https:\/\/www.interbusinesschamber.com\/produit\/moringa-100-60-comprimes\/"},"modified":"2020-12-25T15:11:41","modified_gmt":"2020-12-25T14:11:41","slug":"moringa-100-60-comprimes","status":"publish","type":"product","link":"https:\/\/www.sopha-sahara.com\/en\/product\/moringa-100-60-comprimes\/","title":{"rendered":"Moringa 100% 60 comprim\u00e9s"},"content":{"rendered":"<div class=\"prodsch_txt\">\n<div>\n<div><strong>PHARMALIFE MORINGA 100%<\/strong><\/div>\n<div>Dispositif m\u00e9dical<\/div>\n<div>\u00a0<\/div>\n<div>Moringa (Moringa oleifera) est une plante appartenant \u00e0 la famille des Moringaceae, elle pousse en Inde et aux pieds de l'Himalaya et est cultiv\u00e9e, pour la plupart, dans les r\u00e9gions \u00e9quatoriales et tropicales de la plan\u00e8te (Ethiopie, Philippines, Soudan) et en Am\u00e9rique du Sud (Cuba, R\u00e9publique dominicaine, Paraguay et Argentine); Il a des feuilles vert \u00e9meraude, des fleurs blanches et une saveur qui ressemble \u00e0 celle des asperges.<br \/>La Moringa, connue comme \u00abarbre miraculeux\u00bb ou \u00abarbre de vie\u00bb, peut atteindre une hauteur maximale de 10 m\u00e8tres et \u00e9tant un aliment riche et complet, de nature \u00e0 \u00eatre une aide pr\u00e9cieuse pour lutter contre la malnutrition dans le monde, la FAO culture promue.<\/p>\n<p>La m\u00e9decine ayurv\u00e9dique l'inclut dans le traitement de la fi\u00e8vre, de la grippe, du rhume, des douleurs articulaires et de la goutte; les feuilles sont une source pr\u00e9cieuse de prot\u00e9ines utiles pour pr\u00e9venir la malnutrition due \u00e0 la p\u00e9nurie alimentaire; l'infusion de feuilles est utilis\u00e9e, en diff\u00e9rents endroits, pour r\u00e9duire la glyc\u00e9mie, lutter contre l'hypertension et pour traiter certains troubles respiratoires tels que la bronchite, la tuberculose et le paludisme.<\/p>\n<p>Consid\u00e9r\u00e9 comme un rem\u00e8de f\u00e9brifuge, antidiarrh\u00e9ique, anti-infectieux utile en cas de pathologies oculaires et auditives; enfin, il a des fleurs aux propri\u00e9t\u00e9s toniques, diur\u00e9tiques et colagogiques, tandis que le fruit immature est souvent utilis\u00e9 comme tonique du foie et comme anthelminthique intestinal.<\/p>\n<p>Il est riche en vitamines, prot\u00e9ines et min\u00e9raux, contient des acides amin\u00e9s essentiels qui combattent les radicaux libres, vitamine A, importante pour la sant\u00e9 de la vision, vitamine C, qui renforce le syst\u00e8me immunitaire, min\u00e9raux tels que calcium, magn\u00e9sium, potassium, fer, zinc ; il contient \u00e9galement des acides gras polyinsatur\u00e9s om\u00e9ga-3, essentiels pour les fonctions c\u00e9r\u00e9brales et comme base pour la m\u00e9diation des processus inflammatoires. Les feuilles de Moringa ont longtemps \u00e9t\u00e9 utilis\u00e9es comme rem\u00e8de hypocholest\u00e9rol\u00e9miant chez les personnes souffrant de lipid\u00e9mie et de probl\u00e8mes d'ob\u00e9sit\u00e9; dans une \u00e9tude scientifique (Journal of Ethnopharmacology), il a \u00e9t\u00e9 montr\u00e9 que l'administration d'un extrait sec de Moringa dans des r\u00e9gimes alimentaires riches en graisses r\u00e9duit les taux sanguins de cholest\u00e9rol dans le sang et dans le foie, confirmant l'activit\u00e9 de cette plante dans le abaissement du cholest\u00e9rol. Dans une \u00e9tude subs\u00e9quente (Journal of Ethnopharmacology), l'administration de 200 mg \/ kg \/ jour de Moringa oleifera suppl\u00e9ment\u00e9 avec le r\u00e9gime normal a \u00e9galement mis en \u00e9vidence la r\u00e9duction des taux sanguins de phospholipides, de triglyc\u00e9rides et d'index ath\u00e9rog\u00e8ne.<\/p><\/div>\n<div>\u00a0<\/div>\n<div>COMMENT UTILISER: il est recommand\u00e9 de prendre 2 comprim\u00e9s par jour, de pr\u00e9f\u00e9rence le matin.<\/div>\n<div>CONTENU NET: 51,0 g<\/p>\n<\/div>\n<div>STOCKAGE: garder dans un endroit frais et sec.<\/div>\n<div>\u00a0<\/div>\n<div>INGR\u00c9DIENTS: extrait sec de feuilles de Moringa (Moringa oleifera, maltodextrine), agent de charge: cellulose microcristalline E460; extrait sec de graines de Moringa (Moringa oleifera, maltodextrine), agent de charge: phosphate de calcium E341; agents anti-agglom\u00e9rants: st\u00e9arate de magn\u00e9sium E470b, dioxyde de silicium E551.<\/div>\n<\/div>\n<\/div>\n<div class=\"prodsch_avvert\">\n<div>Lisez attentivement l\u2019\u00e9tiquette et les informations concernant le produit ainsi que le mode d\u2019emploi.<br \/>Ne pas d\u00e9passer la dose journali\u00e8re indiqu\u00e9e.<br \/>Tenir hors de port\u00e9e des jeunes enfants.<br \/>Les compl\u00e9ments alimentaires ne soient utilis\u00e9s comme substituts d'un r\u00e9gime alimentaire vari\u00e9.<\/div>\n<div>IAF network vous rappelled l\u2019importance d\u2019une alimentation vari\u00e9e et \u00e9quilibr\u00e9e et \u00e0 un mode de vie sain.<\/div>\n<\/div>","protected":false},"excerpt":{"rendered":"<p class=\"productabstract\">Pharmalife Moringa 100% 60 comprim\u00e9s. Moringa (Moringa oleifera) est une plante appartenant \u00e0 la famille des Moringaceae, elle pousse en Inde et aux pieds de l&rsquo;Himalaya et est cultiv\u00e9e, pour la plupart, dans les r\u00e9gions \u00e9quatoriales et tropicales de la plan\u00e8te (Ethiopie, Philippines, Soudan) et en Am\u00e9rique du Sud (Cuba, R\u00e9publique dominicaine, Paraguay et Argentine); Il a des feuilles vert \u00e9meraude, des fleurs blanches et une saveur qui ressemble \u00e0 celle des asperges.<\/p>","protected":false},"featured_media":25323,"template":"","meta":{"arc_restricted_post":false},"product_cat":[49,347],"product_tag":[],"_links":{"self":[{"href":"https:\/\/www.sopha-sahara.com\/en\/wp-json\/wp\/v2\/product\/24985"}],"collection":[{"href":"https:\/\/www.sopha-sahara.com\/en\/wp-json\/wp\/v2\/product"}],"about":[{"href":"https:\/\/www.sopha-sahara.com\/en\/wp-json\/wp\/v2\/types\/product"}],"wp:featuredmedia":[{"embeddable":true,"href":"https:\/\/www.sopha-sahara.com\/en\/wp-json\/wp\/v2\/media\/25323"}],"wp:attachment":[{"href":"https:\/\/www.sopha-sahara.com\/en\/wp-json\/wp\/v2\/media?parent=24985"}],"wp:term":[{"taxonomy":"product_cat","embeddable":true,"href":"https:\/\/www.sopha-sahara.com\/en\/wp-json\/wp\/v2\/product_cat?post=24985"},{"taxonomy":"product_tag","embeddable":true,"href":"https:\/\/www.sopha-sahara.com\/en\/wp-json\/wp\/v2\/product_tag?post=24985"}],"curies":[{"name":"wp","href":"https:\/\/api.w.org\/{rel}","templated":true}]}}