{"id":24984,"date":"2020-12-24T10:17:00","date_gmt":"2020-12-24T09:17:00","guid":{"rendered":"https:\/\/www.interbusinesschamber.com\/produit\/myline-controllo-60-comprimes\/"},"modified":"2020-12-25T15:12:41","modified_gmt":"2020-12-25T14:12:41","slug":"myline-controllo-60-comprimes","status":"publish","type":"product","link":"https:\/\/www.sopha-sahara.com\/en\/product\/myline-controllo-60-comprimes\/","title":{"rendered":"Myline &#8211; Controllo 60 comprim\u00e9s"},"content":{"rendered":"<div class=\"prodsch_txt\">\n<div>\n<div><strong>PHARMALIFE MYLINE - CONTROLLO<br \/><\/strong><\/div>\n<div>Compl\u00e9ment alimentaire<\/div>\n<div>\u00a0<\/div>\n<div>Myline\u00a0Controllo est un compl\u00e9ment alimentaire \u00e0 base d'extraits v\u00e9g\u00e9taux utiles pour stimuler le m\u00e9tabolisme et soutenir l'\u00e9quilibre du poids corporel, action soutenue par la pr\u00e9sence de l'extrait de feuilles de Mat\u00e8; de plus, gr\u00e2ce \u00e0 la pr\u00e9sence de l'extrait de Griffonia, il aide \u00e0 contr\u00f4ler le sentiment de faim.<\/p>\n<p>Myline\u00a0Controllo peut \u00eatre utile pour:<\/p>\n<ul>\n<li>Contr\u00f4le du sentiment de faim<\/li>\n<li>Solde de poids<\/li>\n<li>Stimulation du m\u00e9tabolisme<\/li>\n<li>Soutien tonique et m\u00e9tabolique<\/li>\n<li>Humeur normale et bien-\u00eatre mental\n<\/li>\n<\/ul>\n<\/div>\n<div>COMMENT UTILISER: nous recommandons de prendre 2 comprim\u00e9s avant les repas principaux, avec beaucoup d'eau.<\/div>\n<div>CONTENU NET: 48 g<\/p>\n<\/div>\n<div>STOCKAGE: garder dans un endroit frais et sec.<\/div>\n<div><\/p>\n<div>\n<h4 class=\"tabnut_tit\">INFORMATION NUTRITIONNELLE<\/h4>\n<div class=\"tabnut_table\">\n<table class=\"iaftable\" cellspacing=\"0\">\n<tbody>\n<tr>\n<td class=\"tabnut_medsep-top\"><strong>Analyse moyenne<\/strong><\/td>\n<td class=\"tabnut_medsep-top\"><strong>Par 100 g<\/strong><\/td>\n<td class=\"tabnut_medsep-top\"><strong>Par dose quotidienne (4 comprim\u00e9s)<\/strong><\/td>\n<\/tr>\n<tr>\n<td class=\"tabnut_medsep-btm\">\n<div>Mat\u00e8 laisse es<br \/>dont de la caf\u00e9ine<\/div>\n<\/td>\n<td class=\"tabnut_medsep-btm\">\n<div>18,75 g<\/div>\n<div>750 mg<\/div>\n<\/td>\n<td class=\"tabnut_medsep-btm\">\n<div>0,60 g<\/div>\n<div>24,00 mg<\/div>\n<\/td>\n<\/tr>\n<tr>\n<td>\n<div>Fruits de courge am\u00e8re ex<br \/>dont charantina<\/div>\n<\/td>\n<td>\n<div>12,50 g<br \/>1,25 g<\/div>\n<\/td>\n<td>\n<div>0,40 g<br \/>0,04 g<\/div>\n<\/td>\n<\/tr>\n<tr>\n<td>\n<div>Griffonia graines<br \/>dont 5-hydroxytryptophane<\/div>\n<\/td>\n<td>\n<div>12,50 g<br \/>2,50 g<\/div>\n<\/td>\n<td>\n<div>0,40 g<br \/>0,08 g<\/div>\n<\/td>\n<\/tr>\n<tr>\n<td>\n<div>Damiana quitte es<\/div>\n<\/td>\n<td>\n<div>10.00 g<\/div>\n<\/td>\n<td>\n<div>0,32 g<\/div>\n<\/td>\n<\/tr>\n<tr>\n<td class=\"tabnut_medsep-top\">\n<div>Racine de Maca<\/div>\n<\/td>\n<td class=\"tabnut_medsep-top\">\n<div>10.00 g<\/div>\n<\/td>\n<td class=\"tabnut_medsep-top\">\n<div>0,32 g<\/div>\n<\/td>\n<\/tr>\n<tr>\n<td class=\"tabnut_medsep-btm\" colspan=\"3\"><strong>Ingr\u00e9dients:<\/strong>\u00a0agent gonflant: cellulose microcristalline E460; extrait sec de feuilles de Mat\u00e8 (\u00a0<em>Ilex paraguariensis<\/em>\u00a0, maltodextrine, dioxyde de silicium E551) titr\u00e9 \u00e0 4% en caf\u00e9ine, extrait sec de fruits de courge am\u00e8re (\u00a0<em>Momordica charantia<\/em>\u00a0, maltodextrine) titr\u00e9 \u00e0 10% en charantina, extrait sec de graines de Griffonia (\u00a0<em>Griffonia simplicifolia<\/em>\u00a0, maltodextrine) titr\u00e9e \u00e0 20% en 5-hydroxytryptophane, extrait sec de feuilles de Damiana (\u00a0<em>Turnera diffusa<\/em>\u00a0, maltodextrine), extrait sec de racine de Maca (\u00a0<em>Lepidium meyenii<\/em>\u00a0, maltodextrine), agent de charge: phosphate de calcium E341; agents anti-agglom\u00e9rants: st\u00e9arate de magn\u00e9sium E470b, dioxyde de silicium E551.<\/td>\n<\/tr>\n<\/tbody>\n<\/table>\n<\/div>\n<\/div>\n<\/div>\n<\/div>\n<\/div>\n<div class=\"prodsch_avvert\">Contient de la caf\u00e9ine, d\u00e9conseill\u00e9 aux enfants et aux femmes enceintes.<br \/>D\u00e9conseill\u00e9 \u00e0 l'usage chez les femmes ayant des ant\u00e9c\u00e9dents personnels ou familiaux de cancer du sein.<\/p>\n<div>Lisez attentivement l\u2019\u00e9tiquette et les informations concernant le produit ainsi que le mode d\u2019emploi.<br \/>Ne pas d\u00e9passer la dose journali\u00e8re indiqu\u00e9e.<br \/>Tenir hors de port\u00e9e des jeunes enfants.<br \/>Les compl\u00e9ments alimentaires ne soient utilis\u00e9s comme substituts d'un r\u00e9gime alimentaire vari\u00e9.<\/div>\n<div>IAF network vous rappelled l\u2019importance d\u2019une alimentation vari\u00e9e et \u00e9quilibr\u00e9e et \u00e0 un mode de vie sain.<\/div>\n<\/div>","protected":false},"excerpt":{"rendered":"<p>Pharmalife Myline &#8211; Controllo 60 comprim\u00e9s. Myline Control est un compl\u00e9ment alimentaire \u00e0 base d&rsquo;extraits v\u00e9g\u00e9taux utiles pour stimuler le m\u00e9tabolisme et soutenir l&rsquo;\u00e9quilibre du poids corporel, action soutenue par la pr\u00e9sence de l&rsquo;extrait de feuilles de Mat\u00e8; de plus, gr\u00e2ce \u00e0 la pr\u00e9sence de l&rsquo;extrait de Griffonia, il aide \u00e0 contr\u00f4ler le sentiment de faim.<\/p>","protected":false},"featured_media":25325,"template":"","meta":{"arc_restricted_post":false},"product_cat":[49,347],"product_tag":[],"_links":{"self":[{"href":"https:\/\/www.sopha-sahara.com\/en\/wp-json\/wp\/v2\/product\/24984"}],"collection":[{"href":"https:\/\/www.sopha-sahara.com\/en\/wp-json\/wp\/v2\/product"}],"about":[{"href":"https:\/\/www.sopha-sahara.com\/en\/wp-json\/wp\/v2\/types\/product"}],"wp:featuredmedia":[{"embeddable":true,"href":"https:\/\/www.sopha-sahara.com\/en\/wp-json\/wp\/v2\/media\/25325"}],"wp:attachment":[{"href":"https:\/\/www.sopha-sahara.com\/en\/wp-json\/wp\/v2\/media?parent=24984"}],"wp:term":[{"taxonomy":"product_cat","embeddable":true,"href":"https:\/\/www.sopha-sahara.com\/en\/wp-json\/wp\/v2\/product_cat?post=24984"},{"taxonomy":"product_tag","embeddable":true,"href":"https:\/\/www.sopha-sahara.com\/en\/wp-json\/wp\/v2\/product_tag?post=24984"}],"curies":[{"name":"wp","href":"https:\/\/api.w.org\/{rel}","templated":true}]}}