{"id":24983,"date":"2020-12-24T10:16:59","date_gmt":"2020-12-24T09:16:59","guid":{"rendered":"https:\/\/www.interbusinesschamber.com\/produit\/myline-addome-light-60-comprimes\/"},"modified":"2020-12-25T15:12:13","modified_gmt":"2020-12-25T14:12:13","slug":"myline-addome-light-60-comprimes","status":"publish","type":"product","link":"https:\/\/www.sopha-sahara.com\/en\/product\/myline-addome-light-60-comprimes\/","title":{"rendered":"Myline &#8211; Addome Light 60 comprim\u00e9s"},"content":{"rendered":"<div class=\"prodsch_txt\">\n<div>\n<div><strong>PHARMALIFE MYLINE - ADDOME LIGHT<\/strong><\/div>\n<div>Compl\u00e9ment alimentaire<\/div>\n<div>\u00a0<\/div>\n<div>Myline Addome Light est un compl\u00e9ment alimentaire \u00e0 base d'extraits de plantes et d'algues qui favorisent la r\u00e9gularit\u00e9 du transit intestinal tels que la rhubarbe, la mauve, le gingembre et l'agar; Agar alga joue \u00e9galement un r\u00f4le important dans le soutien de la modulation et la limitation de l'absorption des nutriments.<br \/>Les huiles essentielles de menthe et de carvi aident \u00e0 l'\u00e9limination des gaz intestinaux, tandis que le pissenlit favorise le drainage des fluides corporels.<\/p>\n<p>Myline Addome Light peut \u00eatre utile pour:<\/p>\n<ul>\n<li>R\u00e9gularit\u00e9 du transit intestinal<\/li>\n<li>\u00c9limination des gaz<\/li>\n<li>Drainage des fluides corporels<\/li>\n<li>Modulation et limitation de l'absorption des nutriments\n<\/li>\n<\/ul>\n<\/div>\n<div>COMMENT UTILISER: nous recommandons de prendre 2 comprim\u00e9s avant les repas principaux, avec beaucoup d'eau.<\/div>\n<div>CONTENU NET: 51 g<\/p>\n<\/div>\n<div>STOCKAGE: garder dans un endroit frais et sec.<\/div>\n<div><\/p>\n<div>\n<h4 class=\"tabnut_tit\">INFORMATION NUTRITIONNELLE<\/h4>\n<div class=\"tabnut_table\">\n<table class=\"iaftable\" cellspacing=\"0\">\n<tbody>\n<tr>\n<td class=\"tabnut_medsep-top\"><strong>Analyse moyenne<\/strong><\/td>\n<td class=\"tabnut_medsep-top\"><strong>Par 100 g<\/strong><\/td>\n<td class=\"tabnut_medsep-top\"><strong>Par dose quotidienne (4 comprim\u00e9s)<\/strong><\/td>\n<\/tr>\n<tr>\n<td class=\"tabnut_medsep-btm\">\n<div>Racine de rhubarbe<\/div>\n<\/td>\n<td class=\"tabnut_medsep-btm\">\n<div>23,53 g<\/div>\n<\/td>\n<td class=\"tabnut_medsep-btm\">\n<div>0,80 g<\/div>\n<\/td>\n<\/tr>\n<tr>\n<td>\n<div>Feuilles de mauve<\/div>\n<\/td>\n<td>\n<div>17,65 g<\/div>\n<\/td>\n<td>\n<div>0,60 g<\/div>\n<\/td>\n<\/tr>\n<tr>\n<td>\n<div>Racine de gingembre<\/div>\n<\/td>\n<td>\n<div>9,41 g<\/div>\n<\/td>\n<td>\n<div>0,32 g<\/div>\n<\/td>\n<\/tr>\n<tr>\n<td>\n<div>Inulin es<\/div>\n<\/td>\n<td>\n<div>8,59 g<\/div>\n<\/td>\n<td>\n<div>0,292 g<\/div>\n<\/td>\n<\/tr>\n<tr>\n<td>\n<div>Agar thalle<\/div>\n<\/td>\n<td>\n<div>7,06 g<\/div>\n<\/td>\n<td>\n<div>0,24 g<\/div>\n<\/td>\n<\/tr>\n<tr>\n<td>\n<div>Wakame thalle<\/div>\n<\/td>\n<td>\n<div>7,06 g<\/div>\n<\/td>\n<td>\n<div>0,24 g<\/div>\n<\/td>\n<\/tr>\n<tr>\n<td>\n<div>Racine de pissenlit<\/div>\n<\/td>\n<td>\n<div>5,8 g<\/div>\n<\/td>\n<td>\n<div>0,20 g<\/div>\n<\/td>\n<\/tr>\n<tr>\n<td>\n<div>Carvi fruits oe<\/div>\n<\/td>\n<td>\n<div>1,18 g<\/div>\n<\/td>\n<td>\n<div>0,04 g<\/div>\n<\/td>\n<\/tr>\n<tr>\n<td class=\"tabnut_medsep-top\">\n<div>Menthe laisse oe<\/div>\n<\/td>\n<td class=\"tabnut_medsep-top\">\n<div>1,18 g<\/div>\n<\/td>\n<td class=\"tabnut_medsep-top\">\n<div>0,04 g<\/div>\n<\/td>\n<\/tr>\n<tr>\n<td class=\"tabnut_medsep-btm\" colspan=\"3\"><strong>Ingr\u00e9dients:<\/strong>\u00a0extrait sec de racine de rhubarbe (\u00a0<em>Rheum palmatum<\/em>\u00a0, maltodextrine), extrait sec de Malva (\u00a0<em>Malva sylvestris<\/em>\u00a0, maltodextrine, dioxyde de silicium E551), extrait sec de racine de gingembre (\u00a0<em>Zingiber officinalis<\/em>\u00a0, ma\u00efs modifi\u00e9 E1450, triglyc\u00e9rides \u00e0 cha\u00eene moyenne, dioxyde de silicium E551), Chicor\u00e9e inuline, agent gonflant: cellulose microcristalline E460; poudre d'agar d'algues (\u00a0<em>Gracilaria corn\u00e9e<\/em>\u00a0,\u00a0<em>Gracilaria gigas<\/em>\u00a0,\u00a0<em>Gelidium amansii<\/em>\u00a0), poudre de Wakame alga tallo (\u00a0<em>Undaria pinnatifida<\/em>\u00a0), extrait sec de racine de pissenlit (\u00a0<em>Taraxacum officinalis<\/em>\u00a0, maltodextrine, dioxyde de silicium E551) titr\u00e9 \u00e0 2% d'inuline, agent de charge: phosphate de calcium E341; agent anti-agglom\u00e9rant: dioxyde de silicium E551; huile essentielle de Carvi fruits (\u00a0<em>Carum carvi<\/em>\u00a0), huile essentielle de feuilles de menthe (\u00a0<em>Mentha piperita<\/em>\u00a0), anti-agglom\u00e9rant: st\u00e9arate de magn\u00e9sium E470b.<\/td>\n<\/tr>\n<\/tbody>\n<\/table>\n<\/div>\n<\/div>\n<\/div>\n<\/div>\n<\/div>\n<div class=\"prodsch_avvert\">D\u00e9conseill\u00e9 aux enfants de moins de 12 ans, aux femmes enceintes et allaitantes.<br \/>Un usage prolong\u00e9 est d\u00e9conseill\u00e9.<\/p>\n<div>Lisez attentivement l\u2019\u00e9tiquette et les informations concernant le produit ainsi que le mode d\u2019emploi.<br \/>Ne pas d\u00e9passer la dose journali\u00e8re indiqu\u00e9e.<br \/>Tenir hors de port\u00e9e des jeunes enfants.<br \/>Les compl\u00e9ments alimentaires ne soient utilis\u00e9s comme substituts d'un r\u00e9gime alimentaire vari\u00e9.<\/div>\n<div>IAF network vous rappelled l\u2019importance d\u2019une alimentation vari\u00e9e et \u00e9quilibr\u00e9e et \u00e0 un mode de vie sain.<\/div>\n<\/div>","protected":false},"excerpt":{"rendered":"<p>Pharmalife Myline &#8211; Addome Light 60 comprim\u00e9s. Myline Addome Light est un compl\u00e9ment alimentaire \u00e0 base d&rsquo;extraits de plantes et d&rsquo;algues qui favorisent la r\u00e9gularit\u00e9 du transit intestinal tels que la rhubarbe, la mauve, le gingembre et l&rsquo;agar; Agar alga joue \u00e9galement un r\u00f4le important dans le soutien de la modulation et la limitation de l&rsquo;absorption des nutriments.<\/p>","protected":false},"featured_media":25324,"template":"","meta":{"arc_restricted_post":false},"product_cat":[49,347],"product_tag":[],"_links":{"self":[{"href":"https:\/\/www.sopha-sahara.com\/en\/wp-json\/wp\/v2\/product\/24983"}],"collection":[{"href":"https:\/\/www.sopha-sahara.com\/en\/wp-json\/wp\/v2\/product"}],"about":[{"href":"https:\/\/www.sopha-sahara.com\/en\/wp-json\/wp\/v2\/types\/product"}],"wp:featuredmedia":[{"embeddable":true,"href":"https:\/\/www.sopha-sahara.com\/en\/wp-json\/wp\/v2\/media\/25324"}],"wp:attachment":[{"href":"https:\/\/www.sopha-sahara.com\/en\/wp-json\/wp\/v2\/media?parent=24983"}],"wp:term":[{"taxonomy":"product_cat","embeddable":true,"href":"https:\/\/www.sopha-sahara.com\/en\/wp-json\/wp\/v2\/product_cat?post=24983"},{"taxonomy":"product_tag","embeddable":true,"href":"https:\/\/www.sopha-sahara.com\/en\/wp-json\/wp\/v2\/product_tag?post=24983"}],"curies":[{"name":"wp","href":"https:\/\/api.w.org\/{rel}","templated":true}]}}