{"id":24982,"date":"2020-12-24T10:16:58","date_gmt":"2020-12-24T09:16:58","guid":{"rendered":"https:\/\/www.interbusinesschamber.com\/produit\/myline-sgonfia-e-drena-60-comprimes\/"},"modified":"2020-12-25T15:14:17","modified_gmt":"2020-12-25T14:14:17","slug":"myline-sgonfia-e-drena-60-comprimes","status":"publish","type":"product","link":"https:\/\/www.sopha-sahara.com\/en\/product\/myline-sgonfia-e-drena-60-comprimes\/","title":{"rendered":"Myline &#8211; Sgonfia e Drena 60 comprim\u00e9s"},"content":{"rendered":"<div class=\"prodsch_txt\">\n<div>\n<div><strong>PHARMALIFE MYLINE - SGONFIA E DRENA<\/strong><\/div>\n<div>Compl\u00e9ment alimentaire<\/div>\n<div>\u00a0<\/div>\n<div>Myline Sgonfia e Drena est un compl\u00e9ment alimentaire \u00e0 base d'extraits de plantes tels que le bouleau, le pilosella, le fenouil et le cerisier, qui aident \u00e0 drainer les fluides corporels; De plus, le bouleau aide le corps \u00e0 purifier ses fonctions, tandis que le th\u00e9 vert assure le maintien de l'\u00e9quilibre du poids corporel.<\/p>\n<p>Myline Sgonfia e Drena peut \u00eatre utile pour:<\/p>\n<ul>\n<li>Drainage des fluides corporels<\/li>\n<li>Solde de poids<\/li>\n<li>Fonctions de purification\n<\/li>\n<\/ul>\n<\/div>\n<div>COMMENT UTILISER: nous recommandons de prendre 2 comprim\u00e9s avant les repas principaux, avec beaucoup d'eau.<\/div>\n<div>CONTENU NET: 51 g<\/p>\n<\/div>\n<div>STOCKAGE: garder dans un endroit frais et sec.<\/div>\n<div><\/p>\n<div>\n<h4 class=\"tabnut_tit\">INFORMATION NUTRITIONNELLE<\/h4>\n<div class=\"tabnut_table\">\n<table class=\"iaftable\" cellspacing=\"0\">\n<tbody>\n<tr>\n<td class=\"tabnut_medsep-top\"><strong>Analyse moyenne<\/strong><\/td>\n<td class=\"tabnut_medsep-top\"><strong>Par 100 g<\/strong><\/td>\n<td class=\"tabnut_medsep-top\"><strong>Par dose quotidienne (4 comprim\u00e9s)<\/strong><\/td>\n<\/tr>\n<tr>\n<td class=\"tabnut_medsep-btm\">\n<div>Feuilles de bouleau<\/div>\n<\/td>\n<td class=\"tabnut_medsep-btm\">\n<div>17,65 g<\/div>\n<\/td>\n<td class=\"tabnut_medsep-btm\">\n<div>0,6 g<\/div>\n<\/td>\n<\/tr>\n<tr>\n<td>\n<div>Herbe de Pilosella<\/div>\n<\/td>\n<td>\n<div>17,65 g<\/div>\n<\/td>\n<td>\n<div>0,6 g<\/div>\n<\/td>\n<\/tr>\n<tr>\n<td>\n<div>Baies de sureau<\/div>\n<\/td>\n<td>\n<div>11,76 g<\/div>\n<\/td>\n<td>\n<div>0,4 g<\/div>\n<\/td>\n<\/tr>\n<tr>\n<td>\n<div>Fruits de fenouil es<\/div>\n<\/td>\n<td>\n<div>11,76 g<\/div>\n<\/td>\n<td>\n<div>0,4 g<\/div>\n<\/td>\n<\/tr>\n<tr>\n<td>\n<div>Feuilles de th\u00e9 vert par exemple<\/div>\n<\/td>\n<td>\n<div>11,76 g<\/div>\n<\/td>\n<td>\n<div>0,4 g<\/div>\n<\/td>\n<\/tr>\n<tr>\n<td class=\"tabnut_medsep-top\">\n<div>P\u00e9doncule Cherry<\/div>\n<\/td>\n<td class=\"tabnut_medsep-top\">\n<div>11,76 g<\/div>\n<\/td>\n<td class=\"tabnut_medsep-top\">\n<div>0,4 g<\/div>\n<\/td>\n<\/tr>\n<tr>\n<td class=\"tabnut_medsep-btm\" colspan=\"3\"><strong>Ingr\u00e9dients:<\/strong>\u00a0extrait sec de feuilles de bouleau (\u00a0<em>Betula pendula<\/em>\u00a0, maltodextrine), extrait sec d'herbe de Pilosella (\u00a0<em>Hieracium pilosella<\/em>\u00a0, maltodextrine), agent de charge: cellulose microcristalline E460; Sambuco spray fruits s\u00e9ch\u00e9s (\u00a0<em>Sambucus nigra<\/em>\u00a0, maltodextrine), extrait sec de fruits de fenouil (\u00a0<em>Foeniculum vulgare<\/em>\u00a0, maltodextrine), extrait sec de feuilles de th\u00e9 vert (\u00a0<em>Camellia sinensis<\/em>\u00a0, maltodextrine), extrait sec de p\u00e9doncule cerise (\u00a0<em>Prunus cerasus<\/em>\u00a0, maltodextrine), charge: phosphate de calcium E341; agents anti-agglom\u00e9rants: st\u00e9arate de magn\u00e9sium E470b, dioxyde de silicium E551.<\/td>\n<\/tr>\n<\/tbody>\n<\/table>\n<\/div>\n<\/div>\n<\/div>\n<\/div>\n<\/div>\n<div class=\"prodsch_avvert\">D\u00e9conseill\u00e9 en dehors des repas, ainsi que aux enfants, adolescents, femmes enceintes ou allaitantes.<br \/>D\u00e9conseill\u00e9 aux personnes souffrant d'allergie aux d\u00e9riv\u00e9s salicyl\u00e9s.<br \/>La portion journali\u00e8re recommand\u00e9e ne doit pas conduire \u00e0 une ingestion d'estragole sup\u00e9rieure \u00e0 0.05 mg\/kg de poids corporel pour les enfants de moins de 12 ans.<\/p>\n<div>Lisez attentivement l\u2019\u00e9tiquette et les informations concernant le produit ainsi que le mode d\u2019emploi.<br \/>Ne pas d\u00e9passer la dose journali\u00e8re indiqu\u00e9e.<br \/>Tenir hors de port\u00e9e des jeunes enfants.<br \/>Les compl\u00e9ments alimentaires ne soient utilis\u00e9s comme substituts d'un r\u00e9gime alimentaire vari\u00e9.<\/div>\n<div>IAF network vous rappelled l\u2019importance d\u2019une alimentation vari\u00e9e et \u00e9quilibr\u00e9e et \u00e0 un mode de vie sain.<\/div>\n<\/div>","protected":false},"excerpt":{"rendered":"<p>Pharmalife Myline &#8211; Sgonfia e Drena 60 comprim\u00e9s. Myline Sgonfia e Drena est un compl\u00e9ment alimentaire \u00e0 base d&rsquo;extraits de plantes tels que le bouleau, le pilosella, le fenouil et le cerisier, qui aident \u00e0 drainer les fluides corporels; De plus, le bouleau aide le corps \u00e0 purifier ses fonctions, tandis que le th\u00e9 vert assure le maintien de l&rsquo;\u00e9quilibre du poids corporel.<\/p>","protected":false},"featured_media":25327,"template":"","meta":{"arc_restricted_post":false},"product_cat":[49,347],"product_tag":[],"_links":{"self":[{"href":"https:\/\/www.sopha-sahara.com\/en\/wp-json\/wp\/v2\/product\/24982"}],"collection":[{"href":"https:\/\/www.sopha-sahara.com\/en\/wp-json\/wp\/v2\/product"}],"about":[{"href":"https:\/\/www.sopha-sahara.com\/en\/wp-json\/wp\/v2\/types\/product"}],"wp:featuredmedia":[{"embeddable":true,"href":"https:\/\/www.sopha-sahara.com\/en\/wp-json\/wp\/v2\/media\/25327"}],"wp:attachment":[{"href":"https:\/\/www.sopha-sahara.com\/en\/wp-json\/wp\/v2\/media?parent=24982"}],"wp:term":[{"taxonomy":"product_cat","embeddable":true,"href":"https:\/\/www.sopha-sahara.com\/en\/wp-json\/wp\/v2\/product_cat?post=24982"},{"taxonomy":"product_tag","embeddable":true,"href":"https:\/\/www.sopha-sahara.com\/en\/wp-json\/wp\/v2\/product_tag?post=24982"}],"curies":[{"name":"wp","href":"https:\/\/api.w.org\/{rel}","templated":true}]}}