{"id":24981,"date":"2020-12-24T10:16:58","date_gmt":"2020-12-24T09:16:58","guid":{"rendered":"https:\/\/www.interbusinesschamber.com\/produit\/myline-equilibrio-60-comprimes\/"},"modified":"2020-12-25T15:13:17","modified_gmt":"2020-12-25T14:13:17","slug":"myline-equilibrio-60-comprimes","status":"publish","type":"product","link":"https:\/\/www.sopha-sahara.com\/en\/product\/myline-equilibrio-60-comprimes\/","title":{"rendered":"Myline &#8211; Equilibrio 60 comprim\u00e9s"},"content":{"rendered":"<div class=\"prodsch_txt\">\n<div>\n<div><strong>PHARMALIFE MYLINE - EQUILIBRIO<\/strong><\/div>\n<div>Compl\u00e9ment alimentaire<\/div>\n<div>\u00a0<\/div>\n<div>Myline Equilibrio est un compl\u00e9ment alimentaire \u00e0 base d'extraits v\u00e9g\u00e9taux de Garcinia et Coleus, qui aident \u00e0 \u00e9quilibrer le poids corporel, en association avec le Banaba qui aide \u00e0 la r\u00e9gularit\u00e9 du transit intestinal. Garcinia prend \u00e9galement en charge le m\u00e9tabolisme des glucides et avec Gymnema, \u00e9galement celui des lipides.<\/p>\n<p>Myline Balance peut \u00eatre utile pour:<\/p>\n<ul>\n<li>Solde de poids<\/li>\n<li>M\u00e9tabolisme des lipides et des glucides\n<\/li>\n<\/ul>\n<\/div>\n<div>COMMENT UTILISER: nous recommandons de prendre 2 comprim\u00e9s avant les repas principaux, avec beaucoup d'eau.<\/div>\n<div>CONTENU NET: 54 g<\/p>\n<\/div>\n<div>STOCKAGE: garder dans un endroit frais et sec.<\/div>\n<div><\/p>\n<div>\n<h4 class=\"tabnut_tit\">INFORMATION NUTRITIONNELLE<\/h4>\n<div class=\"tabnut_table\">\n<table class=\"iaftable\" cellspacing=\"0\">\n<tbody>\n<tr>\n<td class=\"tabnut_medsep-top\"><strong>Analyse moyenne<\/strong><\/td>\n<td class=\"tabnut_medsep-top\"><strong>Par 100 g<\/strong><\/td>\n<td class=\"tabnut_medsep-top\"><strong>Par dose quotidienne (4 comprim\u00e9s)<\/strong><\/td>\n<\/tr>\n<tr>\n<td class=\"tabnut_medsep-btm\">\n<div>Garcinia cambogia fruits es<br \/>dont acide hydroxycitrique<\/div>\n<\/td>\n<td class=\"tabnut_medsep-btm\">\n<div>55,56 g<br \/>27,78 g<\/div>\n<\/td>\n<td class=\"tabnut_medsep-btm\">\n<div>2,00 g<br \/>1,00 g<\/div>\n<\/td>\n<\/tr>\n<tr>\n<td>\n<div>Gymnema laisse es<br \/>dont acides gymn\u00e9miques<\/div>\n<\/td>\n<td>\n<div>11,11 g<br \/>2,78 g<\/div>\n<\/td>\n<td>\n<div>0,40 g<br \/>0,10 g<\/div>\n<\/td>\n<\/tr>\n<tr>\n<td>\n<div>Coleus racine es<br \/>dont la forskoline<\/div>\n<\/td>\n<td>\n<div>11,11 g<br \/>1,11 g<\/div>\n<\/td>\n<td>\n<div>0,40 g<br \/>0,04 g<\/div>\n<\/td>\n<\/tr>\n<tr>\n<td class=\"tabnut_medsep-top\">\n<div>Banaba quitte es<\/div>\n<\/td>\n<td class=\"tabnut_medsep-top\">\n<div>7,78 g<\/div>\n<\/td>\n<td class=\"tabnut_medsep-top\">\n<div>0,28 g<\/div>\n<\/td>\n<\/tr>\n<tr>\n<td class=\"tabnut_medsep-btm\" colspan=\"3\"><strong>Ingr\u00e9dients:<\/strong>\u00a0extrait sec de Garcinia (\u00a0<em>Garcinia cambogia<\/em>\u00a0, sels combin\u00e9s calcium \/ potassium) titr\u00e9 \u00e0 50% en acide hydroxycitrique, extrait sec de feuilles de Gymnema (\u00a0<em>Gymnema sylvestre<\/em>\u00a0, maltodextrine) titr\u00e9 \u00e0 25% en acides gymn\u00e9miques, extrait sec de racine de Coleus (\u00a0<em>Plectranthus barbatus<\/em>\u00a0, maltodextrine) titr\u00e9e \u00e0 10% dans la forskoline, agent gonflant: cellulose microcristalline E460; extrait sec de feuilles de Banaba (\u00a0<em>Lagerstroemia speciosa<\/em>\u00a0, maltodextrine), agent gonflant: phosphate de calcium E341; agents anti-agglom\u00e9rants: st\u00e9arate de magn\u00e9sium E470b, dioxyde de silicium E551.<\/td>\n<\/tr>\n<\/tbody>\n<\/table>\n<\/div>\n<\/div>\n<\/div>\n<\/div>\n<\/div>\n<div class=\"prodsch_avvert\">\n<div>Lisez attentivement l\u2019\u00e9tiquette et les informations concernant le produit ainsi que le mode d\u2019emploi.<br \/>Ne pas d\u00e9passer la dose journali\u00e8re indiqu\u00e9e.<br \/>Tenir hors de port\u00e9e des jeunes enfants.<br \/>Les compl\u00e9ments alimentaires ne soient utilis\u00e9s comme substituts d'un r\u00e9gime alimentaire vari\u00e9.<\/div>\n<div>IAF network vous rappelled l\u2019importance d\u2019une alimentation vari\u00e9e et \u00e9quilibr\u00e9e et \u00e0 un mode de vie sain.<\/div>\n<\/div>","protected":false},"excerpt":{"rendered":"<p>Pharmalife Myline &#8211; Equilibrio 60 comprim\u00e9s. Myline Equilibrio est un compl\u00e9ment alimentaire \u00e0 base d&rsquo;extraits v\u00e9g\u00e9taux de Garcinia et Coleus, qui aident \u00e0 \u00e9quilibrer le poids corporel, en association avec le Banaba qui aide \u00e0 la r\u00e9gularit\u00e9 du transit intestinal.<\/p>","protected":false},"featured_media":25326,"template":"","meta":{"arc_restricted_post":false},"product_cat":[49,347],"product_tag":[],"_links":{"self":[{"href":"https:\/\/www.sopha-sahara.com\/en\/wp-json\/wp\/v2\/product\/24981"}],"collection":[{"href":"https:\/\/www.sopha-sahara.com\/en\/wp-json\/wp\/v2\/product"}],"about":[{"href":"https:\/\/www.sopha-sahara.com\/en\/wp-json\/wp\/v2\/types\/product"}],"wp:featuredmedia":[{"embeddable":true,"href":"https:\/\/www.sopha-sahara.com\/en\/wp-json\/wp\/v2\/media\/25326"}],"wp:attachment":[{"href":"https:\/\/www.sopha-sahara.com\/en\/wp-json\/wp\/v2\/media?parent=24981"}],"wp:term":[{"taxonomy":"product_cat","embeddable":true,"href":"https:\/\/www.sopha-sahara.com\/en\/wp-json\/wp\/v2\/product_cat?post=24981"},{"taxonomy":"product_tag","embeddable":true,"href":"https:\/\/www.sopha-sahara.com\/en\/wp-json\/wp\/v2\/product_tag?post=24981"}],"curies":[{"name":"wp","href":"https:\/\/api.w.org\/{rel}","templated":true}]}}