{"id":24980,"date":"2020-12-24T10:16:57","date_gmt":"2020-12-24T09:16:57","guid":{"rendered":"https:\/\/www.interbusinesschamber.com\/produit\/detox-gel-nettoyant-visage-150ml\/"},"modified":"2020-12-25T13:00:15","modified_gmt":"2020-12-25T12:00:15","slug":"detox-gel-nettoyant-visage-150ml","status":"publish","type":"product","link":"https:\/\/www.sopha-sahara.com\/en\/product\/detox-gel-nettoyant-visage-150ml\/","title":{"rendered":"Detox &#8211; Gel Nettoyant Visage 150ml"},"content":{"rendered":"<p><strong>PHARMALIFE\u00a0DETOX - GEL NETTOYANT VISAGE<\/strong><\/p>\n<p>GEL NETTOYANT VISAGE, frais et d\u00e9licat, con\u00e7u pour le nettoyage quotidien des peaux grasses et impures. C'est un produit formul\u00e9 \u00e0 base de pur mucus d'escargot et d'extraits naturels dermofonctionnels. Gr\u00e2ce \u00e0 son action \u00e9quilibrante, il nettoie la peau en un seul geste et r\u00e9duit la lucidit\u00e9 et la formation de s\u00e9bum. Sa partie active \u00e0 action lavante \u00e9limine les impuret\u00e9s et les r\u00e9sidus de maquillage sans dess\u00e9cher ni irriter la peau. Les principes actifs exercent une l\u00e9g\u00e8re action astringente et exfoliante. Votre peau du visage aura l'air r\u00e9solument plus fra\u00eeche, plus lisse et plus nette.<\/p>\n<p>COMMENT UTILISER: appliquer une petite quantit\u00e9 de produit sur les zones concern\u00e9es pr\u00e9alablement humidifi\u00e9es, masser avec des mouvements circulaires pour favoriser la formation de mousse avec une activit\u00e9 nettoyante; le rincer avec beaucoup d'eau. Eviter le contact avec les yeux et les muqueuses. Ne pas appliquer sur une peau endommag\u00e9e.<\/p>\n<p>Produit cosm\u00e9tique - \u00e0 usage externe uniquement<br \/>Ne pas avaler - garder hors de la vue et de la port\u00e9e des enfants<\/p>\n<p>CONTENU NET: 150 ml<\/p>\n<p>STOCKAGE: garder dans un endroit frais et sec.<\/p>\n<p>INGR\u00c9DIENTS: aqua, glyc\u00e9rine, cocamidopropyl b\u00e9ta\u00efne, laureth sulfosuccinate disodique, polysorbate 20, filtrat de s\u00e9cr\u00e9tion d'escargots, laurylsulfate d'ammonium, copolym\u00e8re d'acrylates, chlorure de sodium, arganamphoac\u00e9tate de sodium, ac\u00e9tate de cellulose, gomme de cellulose, acide citrique, laurate de polyglyc\u00e9ryle lauroyl lactylate, lactate de sodium, laurate de glyc\u00e9ryle, hexyl cinnamal, acide glycolique, extrait de fruit de cucumis sativus, extrait de fruit citrus paradisi, extrait de fruit de juniperus communis, extrait de serenoa serrulata, piroctone olamine, saccharose, ur\u00e9e, acide malique, acide tartrique, linalol, alpha-isom\u00e9thylionone, parfum, g\u00e9raniol, citrate de sodium, citronellol, d\u00e9shydroac\u00e9tate de sodium, sorbate de potassium, benzoate de sodium, acide benzo\u00efque, ph\u00e9noxy\u00e9thanol, hydroxyde de sodium.<\/p>","protected":false},"excerpt":{"rendered":"<p>Pharmalife Detox &#8211; Gel Nettoyant Visage 150ml. GEL NETTOYANT VISAGE, frais et d\u00e9licat, con\u00e7u pour le nettoyage quotidien des peaux grasses et impures. C&rsquo;est un produit formul\u00e9 \u00e0 base de pur mucus d&rsquo;escargot et d&rsquo;extraits naturels dermofonctionnels. Gr\u00e2ce \u00e0 son action \u00e9quilibrante, il nettoie la peau en un seul geste et r\u00e9duit la lucidit\u00e9 et la formation de s\u00e9bum.<\/p>","protected":false},"featured_media":25265,"template":"","meta":{"arc_restricted_post":false},"product_cat":[49,347],"product_tag":[],"_links":{"self":[{"href":"https:\/\/www.sopha-sahara.com\/en\/wp-json\/wp\/v2\/product\/24980"}],"collection":[{"href":"https:\/\/www.sopha-sahara.com\/en\/wp-json\/wp\/v2\/product"}],"about":[{"href":"https:\/\/www.sopha-sahara.com\/en\/wp-json\/wp\/v2\/types\/product"}],"wp:featuredmedia":[{"embeddable":true,"href":"https:\/\/www.sopha-sahara.com\/en\/wp-json\/wp\/v2\/media\/25265"}],"wp:attachment":[{"href":"https:\/\/www.sopha-sahara.com\/en\/wp-json\/wp\/v2\/media?parent=24980"}],"wp:term":[{"taxonomy":"product_cat","embeddable":true,"href":"https:\/\/www.sopha-sahara.com\/en\/wp-json\/wp\/v2\/product_cat?post=24980"},{"taxonomy":"product_tag","embeddable":true,"href":"https:\/\/www.sopha-sahara.com\/en\/wp-json\/wp\/v2\/product_tag?post=24980"}],"curies":[{"name":"wp","href":"https:\/\/api.w.org\/{rel}","templated":true}]}}