{"id":24979,"date":"2020-12-24T10:16:54","date_gmt":"2020-12-24T09:16:54","guid":{"rendered":"https:\/\/www.interbusinesschamber.com\/produit\/detox-serum-perfection-visage-15ml\/"},"modified":"2020-12-25T14:08:23","modified_gmt":"2020-12-25T13:08:23","slug":"detox-serum-perfection-visage-15ml","status":"publish","type":"product","link":"https:\/\/www.sopha-sahara.com\/en\/product\/detox-serum-perfection-visage-15ml\/","title":{"rendered":"Detox &#8211; S\u00e9rum Perfection Visage 15ml"},"content":{"rendered":"<div class=\"prodsch_txt\">\n<div>\n<div><strong>PHARMALIFE<\/strong>\u00a0<strong>DETOX - S\u00c9RUM PERFECTION VISAGE<\/strong><\/div>\n<div>A base de pur mucus d'escargot et d'extraits naturels purifiants<br \/>Peaux grasses et impures<\/p>\n<p>DETOX SIERO VISO, est un soin cosm\u00e9tique intensif pour le visage, id\u00e9al pour les peaux grasses et impures. C'est un s\u00e9rum avec une concentration \u00e9lev\u00e9e en principes actifs, en particulier une bavure de lumava tr\u00e8s pure et des extraits dermofonctionnels naturels. Il exerce une activit\u00e9 d'am\u00e9lioration et de r\u00e9gulation du s\u00e9bum. Appliqu\u00e9 quotidiennement matin et soir, avant la cr\u00e8me pour le visage habituelle, r\u00e9duit les imperfections, limite la visibilit\u00e9 des pores dilat\u00e9s et affine le grain de peau.<\/p>\n<p>COMMENT UTILISER: dans tous les cas de peau impure tendant \u00e0 l'acn\u00e9 l\u00e9g\u00e8re ou mod\u00e9r\u00e9e, appliquer deux fois par jour directement sur les zones touch\u00e9es et les zones environnantes, matin et soir, sur une peau parfaitement nettoy\u00e9e. Utilisez une quantit\u00e9 de produit pour couvrir la zone touch\u00e9e; un l\u00e9ger massage suffit pour une absorption compl\u00e8te. Il est conseill\u00e9 de ne pas arr\u00eater le traitement pendant au moins 4 semaines et de r\u00e9p\u00e9ter si n\u00e9cessaire. Utiliser conjointement avec DETOX Crema et DETOX Mask.<\/p>\n<p>CONTENU NET: 15 ml<\/p>\n<p>STOCKAGE: garder dans un endroit frais et sec. Garder hors de la lumi\u00e8re directe du soleil et prot\u00e9ger de la chaleur.<\/p>\n<p>INGR\u00c9DIENTS: eau, filtrat de s\u00e9cr\u00e9tion d\u2019escargot, polysorbate 20, glyc\u00e9rine, gomme de cellulose, d\u00e9naturant alcool, Polyglyceryl-10 laurate, sodium caproyle \/ lauroyle lactyle, extrait de fucus spiralis, acide hyaluronique, extrait de t\u00e9traselmis chui, extrait de citrus aurantifolia, colorant sulfonate, extrait de fruit de juniperus communis, extrait de fruit de serenoa serrulata, extrait de fruit de cucumis sativus, extrait de feuille de camellia sinensis, extrait de racine de polygonum bistorta, extrait de fruit de citrus paradisi, acide dehydroac\u00e9tique, diac\u00e9tate de glutamate de t\u00e9trasodium, propyl\u00e8neglycol, \u00e9thylhexylglyc\u00e9rine piroctone olamine, alpha-isom\u00e9thyl ionone, citrate de tributyle, sorbate de potassium, alcool, parfum, ph\u00e9noxy\u00e9thanol, acide citrique, acide benzo\u00efque, buteth-3, linalool, g\u00e9raniol, citronellol, hydroxycitronellal, hexyl cinnamal.<\/p><\/div>\n<\/div>\n<\/div>","protected":false},"excerpt":{"rendered":"<p>Pharmalife Detox &#8211; S\u00e9rum Perfection Visage 15ml. DETOX SIERO VISO, est un soin cosm\u00e9tique intensif pour le visage, id\u00e9al pour les peaux grasses et impures. C&rsquo;est un s\u00e9rum avec une concentration \u00e9lev\u00e9e en principes actifs, en particulier une bavure de lumava tr\u00e8s pure et des extraits dermofonctionnels naturels.<\/p>","protected":false},"featured_media":25268,"template":"","meta":{"arc_restricted_post":false},"product_cat":[49,347],"product_tag":[],"_links":{"self":[{"href":"https:\/\/www.sopha-sahara.com\/en\/wp-json\/wp\/v2\/product\/24979"}],"collection":[{"href":"https:\/\/www.sopha-sahara.com\/en\/wp-json\/wp\/v2\/product"}],"about":[{"href":"https:\/\/www.sopha-sahara.com\/en\/wp-json\/wp\/v2\/types\/product"}],"wp:featuredmedia":[{"embeddable":true,"href":"https:\/\/www.sopha-sahara.com\/en\/wp-json\/wp\/v2\/media\/25268"}],"wp:attachment":[{"href":"https:\/\/www.sopha-sahara.com\/en\/wp-json\/wp\/v2\/media?parent=24979"}],"wp:term":[{"taxonomy":"product_cat","embeddable":true,"href":"https:\/\/www.sopha-sahara.com\/en\/wp-json\/wp\/v2\/product_cat?post=24979"},{"taxonomy":"product_tag","embeddable":true,"href":"https:\/\/www.sopha-sahara.com\/en\/wp-json\/wp\/v2\/product_tag?post=24979"}],"curies":[{"name":"wp","href":"https:\/\/api.w.org\/{rel}","templated":true}]}}