{"id":24978,"date":"2020-12-24T10:16:53","date_gmt":"2020-12-24T09:16:53","guid":{"rendered":"https:\/\/www.interbusinesschamber.com\/produit\/detox-gel-concentre-sos-imperfections-10ml\/"},"modified":"2020-12-25T12:59:35","modified_gmt":"2020-12-25T11:59:35","slug":"detox-gel-concentre-sos-imperfections-10ml","status":"publish","type":"product","link":"https:\/\/www.sopha-sahara.com\/en\/product\/detox-gel-concentre-sos-imperfections-10ml\/","title":{"rendered":"Detox &#8211; Gel Concentr\u00e9 SOS Imperfections 10ml"},"content":{"rendered":"<div><strong>PHARMALIFE DETOX - GEL CONCENTR\u00c9 SOS IMPERFECTIONS<\/strong><strong><br \/><\/strong><\/div>\n<div>A base de pur mucus d'escargot et d'extraits naturels purifiants<br \/>Peaux grasses et impures<\/p>\n<p>DETOX GEL CONCENTRATO est un gel dermocosm\u00e9tique actif et concentr\u00e9, sp\u00e9cifique pour les imperfections de la peau. Il s\u2019agit d\u2019un traitement SOS cibl\u00e9, capable de p\u00e9n\u00e9trer efficacement pour r\u00e9duire les \u00e9ruptions cutan\u00e9es en peu de temps et minimiser les signes, les rougeurs et les irritations. Il est formul\u00e9 \u00e0 base de boue d\u2019escargot pure, d\u2019extraits dermofonctionnels naturels et d\u2019huiles essentielles \u00e0 action antibact\u00e9rienne naturelle. Cela garantit des r\u00e9sultats significatifs. Il r\u00e9duit les impuret\u00e9s et exerce \u00e9galement une action astringente sur les pores dilat\u00e9s. Produit cosm\u00e9tique \u00e0 appliquer localement sur imperfection en cas de besoin.<\/p>\n<p>COMMENT UTILISER:\u00a0appliquer une petite quantit\u00e9 de produit sur les impuret\u00e9s. Laisser le produit s\u00e9cher avant d'appliquer la cr\u00e8me pour le visage habituelle. Eviter le contact avec les yeux et les muqueuses. Ne pas appliquer sur une peau endommag\u00e9e.<\/p>\n<p>Produit cosm\u00e9tique - usage externe<br \/>Ne pas avaler - tenir hors de la vue et de la port\u00e9e des enfants<\/p>\n<p>CONTENU NET: 10 ml<\/p>\n<p>STOCKAGE: garder dans un endroit frais et sec. Garder hors de la lumi\u00e8re directe du soleil et prot\u00e9ger de la chaleur.<\/p>\n<p>INGR\u00c9DIENTS: eau, s\u00e9cr\u00e9tion d\u2019escargot filtr\u00e9e, alcool d\u00e9natur\u00e9, polysorbate 20, jus de feuille d\u2019aloe barbadensis, glyc\u00e9rine, eau de fleur d\u2019arnica montana, eau de feuille d\u2019hamam\u00e9lis virginiana, gomme de cellulose, carragh\u00e9nane, polyglyc\u00e9ryle-10 laurate, sodium caproyl \/ lauroyl lactylate, cucumis extrait de fruit de sativus, acide salicylique, huile de feuille de melaleuca alternifolia, acide glycolique, extrait de fruit de communus de Juniperus, extrait de fruit de serenoa serrulata, huile de feuille d'origanum vulgare, huile de feuille de rosmarinus officinalis, huile de thymus vulgaris, ph\u00e9noxy\u00e9thanol, linalol, limon\u00e8ne sulfite de sodium, d\u00e9hydroac\u00e9tate de sodium, sorbate de potassium, acide citrique, benzoate de sodium, diac\u00e9tate de glutamate de t\u00e9trasodium, hydroxyde de sodium, y 18965, ci 42045.<\/p><\/div>","protected":false},"excerpt":{"rendered":"<p>Pharmalife Detox &#8211; Gel Concentr\u00e9 SOS Imperfections 10ml. DETOX GEL CONCENTRATO est un gel dermocosm\u00e9tique actif et concentr\u00e9, sp\u00e9cifique pour les imperfections de la peau. Il s\u2019agit d\u2019un traitement SOS cibl\u00e9, capable de p\u00e9n\u00e9trer efficacement pour r\u00e9duire les \u00e9ruptions cutan\u00e9es en peu de temps et minimiser les signes, les rougeurs et les irritations.<\/p>","protected":false},"featured_media":25264,"template":"","meta":{"arc_restricted_post":false},"product_cat":[49,347],"product_tag":[],"_links":{"self":[{"href":"https:\/\/www.sopha-sahara.com\/en\/wp-json\/wp\/v2\/product\/24978"}],"collection":[{"href":"https:\/\/www.sopha-sahara.com\/en\/wp-json\/wp\/v2\/product"}],"about":[{"href":"https:\/\/www.sopha-sahara.com\/en\/wp-json\/wp\/v2\/types\/product"}],"wp:featuredmedia":[{"embeddable":true,"href":"https:\/\/www.sopha-sahara.com\/en\/wp-json\/wp\/v2\/media\/25264"}],"wp:attachment":[{"href":"https:\/\/www.sopha-sahara.com\/en\/wp-json\/wp\/v2\/media?parent=24978"}],"wp:term":[{"taxonomy":"product_cat","embeddable":true,"href":"https:\/\/www.sopha-sahara.com\/en\/wp-json\/wp\/v2\/product_cat?post=24978"},{"taxonomy":"product_tag","embeddable":true,"href":"https:\/\/www.sopha-sahara.com\/en\/wp-json\/wp\/v2\/product_tag?post=24978"}],"curies":[{"name":"wp","href":"https:\/\/api.w.org\/{rel}","templated":true}]}}