{"id":24977,"date":"2020-12-24T10:16:52","date_gmt":"2020-12-24T09:16:52","guid":{"rendered":"https:\/\/www.interbusinesschamber.com\/produit\/detox-creme-visage-normalisante-50ml\/"},"modified":"2020-12-25T12:58:57","modified_gmt":"2020-12-25T11:58:57","slug":"detox-creme-visage-normalisante-50ml","status":"publish","type":"product","link":"https:\/\/www.sopha-sahara.com\/en\/product\/detox-creme-visage-normalisante-50ml\/","title":{"rendered":"Detox &#8211; Cr\u00e8me Visage Normalisante 50ml"},"content":{"rendered":"<div><strong>PHARMALIFE<\/strong>\u00a0<strong>DETOX - CR\u00c8ME VISAGE NORMALISANTE<\/strong><\/div>\n<div>A base de pur mucus d'escargot et d'extraits naturels purifiants<br \/>Peaux grasses et impures<\/p>\n<p>DETOX CREAM FACE est un produit cosm\u00e9tique innovant pour le visage sp\u00e9cifiquement con\u00e7u pour les peaux grasses et impures, id\u00e9al jour et nuit. Il s\u2019agit d\u2019une \u00e9mulsion \u00e0 absorption rapide, \u00e0 effet normalisant et opaque, formul\u00e9e \u00e0 partir de boue d\u2019escargot pure et d\u2019extraits dermofonctionnels naturels. Il contient un m\u00e9lange d'ingr\u00e9dients ayant une activit\u00e9 purifiante et r\u00e9gulatrice du s\u00e9bum qui r\u00e9duit le gras de la peau et limite la formation d'imperfections cutan\u00e9es. Gr\u00e2ce \u00e0 ses l\u00e9g\u00e8res propri\u00e9t\u00e9s hydratantes, il favorise le maintien du film protecteur hydro-lipidique et limite la formation d'irritations et de rougeurs. Cette cr\u00e8me pour le visage contient des extraits de plantes qui conf\u00e8rent au produit une couleur rose ivoire caract\u00e9ristique.<\/p>\n<p>COMMENT UTILISER: appliquer matin et \/ ou soir une petite quantit\u00e9 de produit sur le visage parfaitement propre. Favorise l'absorption par de l\u00e9gers massages circulaires. Eviter le contact avec les yeux et les muqueuses. Ne pas appliquer sur une peau endommag\u00e9e.<\/p>\n<p>CONTENU NET: 50 ml<\/p>\n<p>STOCKAGE: garder dans un endroit frais et sec. Garder hors de la lumi\u00e8re directe du soleil et prot\u00e9ger de la chaleur.<\/p>\n<p>INGR\u00c9DIENTS: eau, filtrat de s\u00e9cr\u00e9tions d\u2019escargots, glyc\u00e9rine, alcool c\u00e9t\u00e9arylique, polyglyc\u00e9rol-3 st\u00e9arate, c\u00e9t\u00e9aryl\u00e9thylhexanoate, ppg-3 benzyl\u00e9ther \u00e9thylhexanoate, huile de tournesol polyglyc\u00e9ryl-4 esters, trid\u00e9cane, ind\u00e9cane, isoamyl cocoate, isoamyl, \u00e9thanol , silice, ac\u00e9tate de tocoph\u00e9ryle, huile de graine de carapa guaianensis, extrait hydrolys\u00e9 de psoralea corylifolia, huile de fruit de butyrospermum parkii, carbom\u00e8re de soja, huile de soja extrait de fruit, extrait de fruit de juniperus communis, extrait de fruit de serenoa serrulata, laurate de glyc\u00e9ryle, extrait de fruit de cucumis sativus, c\u00e9ramide 3, extrait de feuille de camellia sinensis, palmitate de r\u00e9tinyle, huile de graine d'helianthus annuus, l\u00e9cithine, piroctone olamine, tocopherol, toscophylles , acide citrique, sorbate de potassium, parfum, citronellol, hydroxycitronellal, alcool d\u00e9natur\u00e9. , d\u00e9shydroac\u00e9tate de sodium, hexyl cinnamal, benzoate de sodium, alpha-isom\u00e9thyl ionone, linalol, g\u00e9raniol, ph\u00e9noxy\u00e9thanol, bha, bht, hydroxyde de sodium.<\/p><\/div>","protected":false},"excerpt":{"rendered":"<p>Pharmalife Detox &#8211; Cr\u00e8me Visage Normalisante 50ml. DETOX CREAM FACE est un produit cosm\u00e9tique innovant pour le visage sp\u00e9cifiquement con\u00e7u pour les peaux grasses et impures, id\u00e9al jour et nuit. Il s\u2019agit d\u2019une \u00e9mulsion \u00e0 absorption rapide, \u00e0 effet normalisant et opaque, formul\u00e9e \u00e0 partir de boue d\u2019escargot pure et d\u2019extraits dermofonctionnels naturels.<\/p>","protected":false},"featured_media":25263,"template":"","meta":{"arc_restricted_post":false},"product_cat":[49,347],"product_tag":[],"_links":{"self":[{"href":"https:\/\/www.sopha-sahara.com\/en\/wp-json\/wp\/v2\/product\/24977"}],"collection":[{"href":"https:\/\/www.sopha-sahara.com\/en\/wp-json\/wp\/v2\/product"}],"about":[{"href":"https:\/\/www.sopha-sahara.com\/en\/wp-json\/wp\/v2\/types\/product"}],"wp:featuredmedia":[{"embeddable":true,"href":"https:\/\/www.sopha-sahara.com\/en\/wp-json\/wp\/v2\/media\/25263"}],"wp:attachment":[{"href":"https:\/\/www.sopha-sahara.com\/en\/wp-json\/wp\/v2\/media?parent=24977"}],"wp:term":[{"taxonomy":"product_cat","embeddable":true,"href":"https:\/\/www.sopha-sahara.com\/en\/wp-json\/wp\/v2\/product_cat?post=24977"},{"taxonomy":"product_tag","embeddable":true,"href":"https:\/\/www.sopha-sahara.com\/en\/wp-json\/wp\/v2\/product_tag?post=24977"}],"curies":[{"name":"wp","href":"https:\/\/api.w.org\/{rel}","templated":true}]}}