{"id":24976,"date":"2020-12-24T10:16:51","date_gmt":"2020-12-24T09:16:51","guid":{"rendered":"https:\/\/www.interbusinesschamber.com\/produit\/detox-masque-dermopurifiant-75ml\/"},"modified":"2020-12-25T14:06:58","modified_gmt":"2020-12-25T13:06:58","slug":"detox-masque-dermopurifiant-75ml","status":"publish","type":"product","link":"https:\/\/www.sopha-sahara.com\/en\/product\/detox-masque-dermopurifiant-75ml\/","title":{"rendered":"Detox &#8211; Masque Dermopurifiant 75ml"},"content":{"rendered":"<div><strong>PHARMALIFE DETOX - MASQUE DERMOPURIFIANT<\/strong><strong><br \/><\/strong><\/div>\n<div>A base de pur mucus d'escargot et d'extraits naturels purifiants<br \/>Peaux grasses et impures<\/p>\n<p>DETOX MASK FACE, est un traitement facial cosm\u00e9tique indispensable, avec une action purifiante pour la peau, sp\u00e9cifique pour les peaux grasses et impures. C'est un masque facial frais et facile \u00e0 appliquer dans une cr\u00e8me, capable de nettoyer et de purifier efficacement la peau du visage. Gr\u00e2ce \u00e0 la teneur \u00e9lev\u00e9e en argiles min\u00e9rales (montmorillonite et kaolin), il absorbe les exc\u00e8s de s\u00e9bum et de salet\u00e9 et r\u00e9duit visiblement les impuret\u00e9s. Ce produit est formul\u00e9 \u00e0 base de boue d\u2019escargot pure et d\u2019extraits dermofonctionnels naturels qui exercent en synergie une action exfoliante d\u00e9licate, d\u00e9toxifiante et anti-imperfections.<\/p>\n<p>COMMENT UTILISER: appliquer une couche uniforme de produit sur la peau du visage parfaitement nettoy\u00e9e. Laisser agir environ 15 minutes, puis nettoyer les zones trait\u00e9es \u00e0 grande eau. Enlevez les r\u00e9sidus de produit avec un coton-tige. R\u00e9p\u00e9tez le traitement au moins 2 fois par semaine. Eviter le contact avec les yeux et les muqueuses. Ne pas appliquer sur une peau endommag\u00e9e.<\/p>\n<p>CONTENU NET: 75 ml<\/p>\n<p>STOCKAGE: garder dans un endroit frais et sec. Garder hors de la lumi\u00e8re directe du soleil et prot\u00e9ger de la chaleur.<\/p>\n<p>Ingr\u00e9dients: aqua, montmorillonite, filtrat de s\u00e9cr\u00e9tion d\u2019escargot, glyc\u00e9rine, alcool c\u00e9tyl-arylique, triglyc\u00e9ride caprylique \/ caprique, kaolin, \u00e9thyl \u00e9thyl c\u00e9tyle, alcool polyglyc\u00e9rylique, polyglyc\u00e9ryle-3, , ac\u00e9tate de tocoph\u00e9ryle, beurre de butyrospermum parkii, extrait hydrolys\u00e9 de psoralea corylifolia, huile de graines de carapa guaianensis, caproyle de sodium \/ lactylate de lauroyle, extrait de fruit de colza euerpe oleracea, ac\u00e9tate de cellulose, extrait de fruit de genie communus, agent de protection de la peau diac\u00e9tate de glutamate, acide d\u00e9shydroac\u00e9tique, propyl\u00e8ne glycol, l\u00e9cithine, lauramidopropylb\u00e9ta\u00efne, piroctone olamine, tocoph\u00e9rol, \u00e9thylhexylglyc\u00e9rine, ascorbyl palmitate, sorbate de potassium, benzoate de sodium, ph\u00e9noxy\u00e9thanol, parfum, acide citrique, acide benzo\u00efque.<\/p><\/div>","protected":false},"excerpt":{"rendered":"<p>Pharmalife Detox &#8211; Masque Dermopurifiant 75ml. DETOX MASK FACE, est un traitement facial cosm\u00e9tique indispensable, avec une action purifiante pour la peau, sp\u00e9cifique pour les peaux grasses et impures.<\/p>","protected":false},"featured_media":25267,"template":"","meta":{"arc_restricted_post":false},"product_cat":[49,347],"product_tag":[],"_links":{"self":[{"href":"https:\/\/www.sopha-sahara.com\/en\/wp-json\/wp\/v2\/product\/24976"}],"collection":[{"href":"https:\/\/www.sopha-sahara.com\/en\/wp-json\/wp\/v2\/product"}],"about":[{"href":"https:\/\/www.sopha-sahara.com\/en\/wp-json\/wp\/v2\/types\/product"}],"wp:featuredmedia":[{"embeddable":true,"href":"https:\/\/www.sopha-sahara.com\/en\/wp-json\/wp\/v2\/media\/25267"}],"wp:attachment":[{"href":"https:\/\/www.sopha-sahara.com\/en\/wp-json\/wp\/v2\/media?parent=24976"}],"wp:term":[{"taxonomy":"product_cat","embeddable":true,"href":"https:\/\/www.sopha-sahara.com\/en\/wp-json\/wp\/v2\/product_cat?post=24976"},{"taxonomy":"product_tag","embeddable":true,"href":"https:\/\/www.sopha-sahara.com\/en\/wp-json\/wp\/v2\/product_tag?post=24976"}],"curies":[{"name":"wp","href":"https:\/\/api.w.org\/{rel}","templated":true}]}}