{"id":24975,"date":"2020-12-24T10:16:50","date_gmt":"2020-12-24T09:16:50","guid":{"rendered":"https:\/\/www.interbusinesschamber.com\/produit\/arnica-90-plus-75ml\/"},"modified":"2020-12-25T11:46:23","modified_gmt":"2020-12-25T10:46:23","slug":"arnica-90-plus-75ml","status":"publish","type":"product","link":"https:\/\/www.sopha-sahara.com\/en\/product\/arnica-90-plus-75ml\/","title":{"rendered":"Arnica 90 Plus 75ml"},"content":{"rendered":"<div><strong>PHARMALIFE ARNICA 90 PLUS<\/strong><strong><br \/><\/strong><\/div>\n<div>Gel concentr\u00e9<br \/>Soulagement pr\u00eat<br \/>Avec 90% d'arnica de montagne<\/p>\n<p>ARNICA 90% PLUS est un gel naturel innovant super concentr\u00e9, adapt\u00e9 \u00e0 tout le corps. Il s\u00e8che rapidement et laisse une agr\u00e9able sensation de fra\u00eecheur. Formul\u00e9 avec 90% d'Arnica montana, il assure un soulagement imm\u00e9diat et un confort imm\u00e9diat en cas de besoin.<br \/>Le produit contient notamment plusieurs extraits extraits de la fleur d\u2019Arnica: eau d\u2019Arnica montana, teinture m\u00e8re d\u2019Arnica montana et extrait fluide de fleur d\u2019Arnica montana.<br \/>La formulation a \u00e9t\u00e9 enrichie en huile essentielle de menthe poivr\u00e9e, connue pour ses propri\u00e9t\u00e9s analg\u00e9siques et anti-inflammatoires, utile en cas de tensions et de douleurs de diff\u00e9rentes natures.<\/p>\n<p>Produit cosm\u00e9tique<br \/>Usage externe<br \/>Ne pas avaler<br \/>Tenir hors de la vue et de la port\u00e9e des enfants<\/p>\n<p>COMMENT UTILISER: appliquer le produit sur les parties touch\u00e9es et favoriser l'absorption par un l\u00e9ger massage. Eviter le contact avec les yeux et les muqueuses. Ne pas appliquer sur une peau endommag\u00e9e.<\/p>\n<p>CONTENU NET: 75 ml<\/p>\n<p>STOCKAGE: garder dans un endroit frais et sec. Garder hors de la lumi\u00e8re directe du soleil et prot\u00e9ger de la chaleur.<\/p>\n<p>INGR\u00c9DIENTS: eau de fleur d'arnica montana, d\u00e9naturation alcoolique, eau, glyc\u00e9rine, extrait de fleur d'arnica montana, carbom\u00e8re, huile d'herbe de mentha piperita, diac\u00e9tate de glutamate de t\u00e9trasodium, \u00e9thylhexylglyc\u00e9rine, acide benzo\u00efque, acide d\u00e9shydroac\u00e9tique, limon\u00e8ne, hydroxyde de sodium.<\/p><\/div>","protected":false},"excerpt":{"rendered":"<p>Pharmalife Arnica 90 Plus 75ml. ARNICA 90% PLUS est un gel naturel innovant super concentr\u00e9, adapt\u00e9 \u00e0 tout le corps. Il s\u00e8che rapidement et laisse une agr\u00e9able sensation de fra\u00eecheur. Formul\u00e9 avec 90% d&rsquo;Arnica montana, il assure un soulagement imm\u00e9diat et un confort imm\u00e9diat en cas de besoin.<\/p>","protected":false},"featured_media":25194,"template":"","meta":{"arc_restricted_post":false},"product_cat":[49,347],"product_tag":[],"_links":{"self":[{"href":"https:\/\/www.sopha-sahara.com\/en\/wp-json\/wp\/v2\/product\/24975"}],"collection":[{"href":"https:\/\/www.sopha-sahara.com\/en\/wp-json\/wp\/v2\/product"}],"about":[{"href":"https:\/\/www.sopha-sahara.com\/en\/wp-json\/wp\/v2\/types\/product"}],"wp:featuredmedia":[{"embeddable":true,"href":"https:\/\/www.sopha-sahara.com\/en\/wp-json\/wp\/v2\/media\/25194"}],"wp:attachment":[{"href":"https:\/\/www.sopha-sahara.com\/en\/wp-json\/wp\/v2\/media?parent=24975"}],"wp:term":[{"taxonomy":"product_cat","embeddable":true,"href":"https:\/\/www.sopha-sahara.com\/en\/wp-json\/wp\/v2\/product_cat?post=24975"},{"taxonomy":"product_tag","embeddable":true,"href":"https:\/\/www.sopha-sahara.com\/en\/wp-json\/wp\/v2\/product_tag?post=24975"}],"curies":[{"name":"wp","href":"https:\/\/api.w.org\/{rel}","templated":true}]}}