{"id":24974,"date":"2020-12-24T10:16:49","date_gmt":"2020-12-24T09:16:49","guid":{"rendered":"https:\/\/www.interbusinesschamber.com\/produit\/forskolina-100-15-comprimes\/"},"modified":"2020-12-25T14:22:24","modified_gmt":"2020-12-25T13:22:24","slug":"forskolina-100-15-comprimes","status":"publish","type":"product","link":"https:\/\/www.sopha-sahara.com\/en\/product\/forskolina-100-15-comprimes\/","title":{"rendered":"Forskolina 100% 15 comprim\u00e9s"},"content":{"rendered":"<div class=\"prodsch_txt\">\n<div>\n<div><strong>PHARMALIFE FORSKOLINA 100%<\/strong><strong><br \/><\/strong><\/div>\n<div>Compl\u00e9ment alimentaire \u00e0 base de Coleus barbatus<\/p>\n<p>La forskoline 100% est un compl\u00e9ment alimentaire exclusivement \u00e0 base de Coleus barbatus (<em>Plectranthus barbatus<\/em>\u00a0), un extrait de plante naturellement riche en forskoline; Coleus est utile pour l'\u00e9quilibre du poids et soutient la fonction digestive.<\/p>\n<p>La forskoline 100% est utile pour:<\/p>\n<ul>\n<li>R\u00e9duire la circonf\u00e9rence abdominale<\/li>\n<li>Augmenter le m\u00e9tabolisme<\/li>\n<li>Augmenter la d\u00e9pense \u00e9nerg\u00e9tique<\/li>\n<li>Augmenter la lipolyse<\/li>\n<li>Ses propri\u00e9t\u00e9s cardioprotectrices<\/li>\n<\/ul>\n<p>COMMENT UTILISER:\u00a0nous recommandons de prendre 1 comprim\u00e9 par jour, avant le d\u00e9jeuner ou le d\u00eener, avec beaucoup d'eau.<\/p>\n<p>CONTENU NET: 12 g<\/p>\n<p>STOCKAGE: garder dans un endroit frais et sec. Garder hors de la lumi\u00e8re directe du soleil et prot\u00e9ger de la chaleur.<\/p>\n<div><\/p>\n<div>\n<h4 class=\"tabnut_tit\">INFORMATION NUTRITIONNELLE<\/h4>\n<div class=\"tabnut_table\">\n<table class=\"iaftable\" cellspacing=\"0\">\n<tbody>\n<tr>\n<td class=\"tabnut_medsep-top\"><strong>Information nutritionnelle<\/strong><\/td>\n<td class=\"tabnut_medsep-top\"><strong>Par 100 g<\/strong><strong><br \/><\/strong><\/td>\n<td class=\"tabnut_medsep-top\"><strong>Par dose quotidienne (1 comprim\u00e9)<\/strong><\/td>\n<\/tr>\n<tr>\n<td class=\"tabnut_medsep-btm tabnut_medsep-top\">Coleus root es<br \/>dont forskoline<\/td>\n<td class=\"tabnut_medsep-btm tabnut_medsep-top\">\n<div>\n<p>62,5 g<br \/>6,25 g<\/p>\n<\/div>\n<\/td>\n<td class=\"tabnut_medsep-btm tabnut_medsep-top\">\n<div>0,5 g<br \/>0,05 g<\/div>\n<\/td>\n<\/tr>\n<tr>\n<td class=\"tabnut_medsep-btm\" colspan=\"3\">\n<div><strong>Ingr\u00e9dients:<\/strong>\u00a0extrait sec de racine de Coleus (<em>Plectranthus barbatus<\/em>\u00a0, maltodextrine) titr\u00e9 \u00e0 10% en forskoline, Agents de charge: cellulose microcristalline E460, phosphate de calcium E341, antiagglom\u00e9rants: st\u00e9arate de magn\u00e9sium E470b, dioxyde de silicium E551.<\/div>\n<\/td>\n<\/tr>\n<\/tbody>\n<\/table>\n<\/div>\n<\/div>\n<\/div>\n<\/div>\n<\/div>\n<\/div>\n<div class=\"prodsch_avvert\">\n<div>Lisez attentivement l\u2019\u00e9tiquette et les informations concernant le produit ainsi que le mode d\u2019emploi.<br \/>Ne pas d\u00e9passer la dose journali\u00e8re indiqu\u00e9e.<br \/>Tenir hors de port\u00e9e des jeunes enfants.<br \/>Les compl\u00e9ments alimentaires ne soient utilis\u00e9s comme substituts d'un r\u00e9gime alimentaire vari\u00e9.<\/div>\n<div>IAF network vous rappelled l\u2019importance d\u2019une alimentation vari\u00e9e et \u00e9quilibr\u00e9e et \u00e0 un mode de vie sain.<\/div>\n<\/div>","protected":false},"excerpt":{"rendered":"<p>Pharmalife Forskolina 100% 15 comprim\u00e9s. La forskoline 100% est un compl\u00e9ment alimentaire exclusivement \u00e0 base de Coleus barbatus (Plectranthus barbatus ), un extrait de plante naturellement riche en forskoline; Coleus est utile pour l&rsquo;\u00e9quilibre du poids et soutient la fonction digestive.<\/p>","protected":false},"featured_media":25281,"template":"","meta":{"arc_restricted_post":false},"product_cat":[49,347],"product_tag":[],"_links":{"self":[{"href":"https:\/\/www.sopha-sahara.com\/en\/wp-json\/wp\/v2\/product\/24974"}],"collection":[{"href":"https:\/\/www.sopha-sahara.com\/en\/wp-json\/wp\/v2\/product"}],"about":[{"href":"https:\/\/www.sopha-sahara.com\/en\/wp-json\/wp\/v2\/types\/product"}],"wp:featuredmedia":[{"embeddable":true,"href":"https:\/\/www.sopha-sahara.com\/en\/wp-json\/wp\/v2\/media\/25281"}],"wp:attachment":[{"href":"https:\/\/www.sopha-sahara.com\/en\/wp-json\/wp\/v2\/media?parent=24974"}],"wp:term":[{"taxonomy":"product_cat","embeddable":true,"href":"https:\/\/www.sopha-sahara.com\/en\/wp-json\/wp\/v2\/product_cat?post=24974"},{"taxonomy":"product_tag","embeddable":true,"href":"https:\/\/www.sopha-sahara.com\/en\/wp-json\/wp\/v2\/product_tag?post=24974"}],"curies":[{"name":"wp","href":"https:\/\/api.w.org\/{rel}","templated":true}]}}