{"id":24973,"date":"2020-12-24T10:16:48","date_gmt":"2020-12-24T09:16:48","guid":{"rendered":"https:\/\/www.interbusinesschamber.com\/produit\/candidax-med-lavage-feminin-200ml\/"},"modified":"2020-12-25T12:37:18","modified_gmt":"2020-12-25T11:37:18","slug":"candidax-med-lavage-feminin-200ml","status":"publish","type":"product","link":"https:\/\/www.sopha-sahara.com\/en\/product\/candidax-med-lavage-feminin-200ml\/","title":{"rendered":"Candidax Med Lavage F\u00e9minin 200ml"},"content":{"rendered":"<div><strong>PHARMALIFE\u00a0<\/strong><strong>CANDIDAX MED LAVAGE F\u00c9MININ<\/strong><\/div>\n<div>Dispositif m\u00e9dical auxiliaire dans le traitement d'infections bact\u00e9riennes et fongiques<\/p>\n<p>Indiqu\u00e9 dans les maladies fongiques de Candida albicans. Soulage les irritations et les d\u00e9mangeaisons. Restaure le pH physiologique et l'\u00e9cosyst\u00e8me de la muqueuse vaginale.<br \/>La solution de lavage gyn\u00e9cologique Candidax Med est utile pour pr\u00e9parer des parties intimes en vue de l'application ult\u00e9rieure de la cr\u00e8me gyn\u00e9cologique Candidax Med.<br \/>La solution de lavage gyn\u00e9cologique Candidax Med peut \u00eatre utilis\u00e9e dans la vulvovaginite d'origine fongique et bact\u00e9rienne, mais \u00e9galement dans les situations de d\u00e9mangeaisons intimes, conditions dans lesquelles le r\u00e9tablissement de la microflore vaginale normale et, en g\u00e9n\u00e9ral, dans la modification de la situation de l'\u00e9cosyst\u00e8me.<\/p>\n<p>COMMENT UTILISER: versez une petite quantit\u00e9 de produit dans la paume de votre main et utilisez-le comme nettoyant intime normal. Rincez abondamment avec de l'eau.<\/p>\n<p>CONTENU NET: 200 ml<\/p>\n<p>STOCKAGE: conserver dans un endroit frais et sec. \u00c9vitez l'exposition \u00e0 la chaleur et au soleil<\/p>\n<p>INGR\u00c9DIENTS: Aloe vera, extrait sec de ratania, acide lactique, zanthal\u00e8ne, huile essentielle de th\u00e9ier, huile essentielle de lavande, huile essentielle de thym.<\/p><\/div>","protected":false},"excerpt":{"rendered":"<p>Pharmalife Candidax Med Lavage F\u00e9minin 200ml. Indiqu\u00e9 dans les maladies fongiques de Candida albicans. Soulage les irritations et les d\u00e9mangeaisons. Restaure le pH physiologique et l&rsquo;\u00e9cosyst\u00e8me de la muqueuse vaginale.<\/p>","protected":false},"featured_media":25244,"template":"","meta":{"arc_restricted_post":false},"product_cat":[49,347],"product_tag":[],"_links":{"self":[{"href":"https:\/\/www.sopha-sahara.com\/en\/wp-json\/wp\/v2\/product\/24973"}],"collection":[{"href":"https:\/\/www.sopha-sahara.com\/en\/wp-json\/wp\/v2\/product"}],"about":[{"href":"https:\/\/www.sopha-sahara.com\/en\/wp-json\/wp\/v2\/types\/product"}],"wp:featuredmedia":[{"embeddable":true,"href":"https:\/\/www.sopha-sahara.com\/en\/wp-json\/wp\/v2\/media\/25244"}],"wp:attachment":[{"href":"https:\/\/www.sopha-sahara.com\/en\/wp-json\/wp\/v2\/media?parent=24973"}],"wp:term":[{"taxonomy":"product_cat","embeddable":true,"href":"https:\/\/www.sopha-sahara.com\/en\/wp-json\/wp\/v2\/product_cat?post=24973"},{"taxonomy":"product_tag","embeddable":true,"href":"https:\/\/www.sopha-sahara.com\/en\/wp-json\/wp\/v2\/product_tag?post=24973"}],"curies":[{"name":"wp","href":"https:\/\/api.w.org\/{rel}","templated":true}]}}