{"id":24972,"date":"2020-12-24T10:16:48","date_gmt":"2020-12-24T09:16:48","guid":{"rendered":"https:\/\/www.interbusinesschamber.com\/produit\/candidax-med-creme-anti-demangeaisons-50ml\/"},"modified":"2020-12-25T12:36:51","modified_gmt":"2020-12-25T11:36:51","slug":"candidax-med-creme-anti-demangeaisons-50ml","status":"publish","type":"product","link":"https:\/\/www.sopha-sahara.com\/en\/product\/candidax-med-creme-anti-demangeaisons-50ml\/","title":{"rendered":"Candidax Med Cr\u00e8me Anti-d\u00e9mangeaisons 50ml"},"content":{"rendered":"<div><strong>PHARMALIFE<\/strong>\u00a0<strong>CANDIDAX MED CR\u00c8ME ANTI-D\u00c9MANGEAISONS<\/strong><\/div>\n<div>Dispositif m\u00e9dical \u00e0 activit\u00e9 filmog\u00e8ne \u00e0 effet barri\u00e8re sur la muqueuse vaginale<\/p>\n<p>La cr\u00e8me gyn\u00e9cologique Candidax Med est un dispositif m\u00e9dical \u00e0 activit\u00e9 filmog\u00e8ne avec un effet barri\u00e8re sur les muqueuses vaginales, qui le prot\u00e8ge contre les attaques bact\u00e9riennes et fongiques, notamment celles caus\u00e9es par Candida albicans.<br \/>Les composants de la cr\u00e8me gyn\u00e9cologique Candidax Med forment un film fin et invisible qui prot\u00e8ge les muqueuses et contrarie l\u2019adh\u00e9sion des agents pathog\u00e8nes, emp\u00eachant ainsi leur hyperprolif\u00e9ration.<\/p>\n<p>COMMENT UTILISER: apr\u00e8s un nettoyage en profondeur avec la solution de lavage gyn\u00e9cologique Candidax Med, il est recommand\u00e9 d'appliquer, \u00e0 l'aide de la canule, une petite quantit\u00e9 de cr\u00e8me gyn\u00e9cologique Candidax Med (5 g, \u00e9quivalent \u00e0 une distribution du produit), une fois par jour. , le soir avant d'aller se coucher. Le matin, nettoyez \u00e0 nouveau vos parties intimes avec la solution de lavage gyn\u00e9cologique Candidax Med.<\/p>\n<p>CONTENU NET: 50 ml<\/p>\n<p>STOCKAGE: garder dans un endroit frais et sec. Garder hors de la lumi\u00e8re directe du soleil et prot\u00e9ger de la chaleur.<\/p>\n<p>INGR\u00c9DIENTS: acide hyaluronique, aloe vera, extrait sec de ratania, zanthal\u00e8ne, bisabolol, acide glycyrrh\u00e9tinique, huile essentielle de th\u00e9ier, huile essentielle de lavande, acide lactique.<\/p><\/div>","protected":false},"excerpt":{"rendered":"<p>Pharmalife Candidax Med Cr\u00e8me Anti-d\u00e9mangeaisons 50ml. La cr\u00e8me gyn\u00e9cologique Candidax Med est un dispositif m\u00e9dical \u00e0 activit\u00e9 filmog\u00e8ne avec un effet barri\u00e8re sur les muqueuses vaginales, qui le prot\u00e8ge contre les attaques bact\u00e9riennes et fongiques, notamment celles caus\u00e9es par Candida albicans.<\/p>","protected":false},"featured_media":25243,"template":"","meta":{"arc_restricted_post":false},"product_cat":[49,347],"product_tag":[],"_links":{"self":[{"href":"https:\/\/www.sopha-sahara.com\/en\/wp-json\/wp\/v2\/product\/24972"}],"collection":[{"href":"https:\/\/www.sopha-sahara.com\/en\/wp-json\/wp\/v2\/product"}],"about":[{"href":"https:\/\/www.sopha-sahara.com\/en\/wp-json\/wp\/v2\/types\/product"}],"wp:featuredmedia":[{"embeddable":true,"href":"https:\/\/www.sopha-sahara.com\/en\/wp-json\/wp\/v2\/media\/25243"}],"wp:attachment":[{"href":"https:\/\/www.sopha-sahara.com\/en\/wp-json\/wp\/v2\/media?parent=24972"}],"wp:term":[{"taxonomy":"product_cat","embeddable":true,"href":"https:\/\/www.sopha-sahara.com\/en\/wp-json\/wp\/v2\/product_cat?post=24972"},{"taxonomy":"product_tag","embeddable":true,"href":"https:\/\/www.sopha-sahara.com\/en\/wp-json\/wp\/v2\/product_tag?post=24972"}],"curies":[{"name":"wp","href":"https:\/\/api.w.org\/{rel}","templated":true}]}}