{"id":24969,"date":"2020-12-24T10:16:47","date_gmt":"2020-12-24T09:16:47","guid":{"rendered":"https:\/\/www.interbusinesschamber.com\/produit\/aspersina-homme-fluide-du-visage-30ml\/"},"modified":"2020-12-25T12:19:06","modified_gmt":"2020-12-25T11:19:06","slug":"aspersina-homme-fluide-du-visage-30ml","status":"publish","type":"product","link":"https:\/\/www.sopha-sahara.com\/en\/product\/aspersina-homme-fluide-du-visage-30ml\/","title":{"rendered":"Aspersina Homme Fluide du Visage 30ml"},"content":{"rendered":"<p>Fluide facial apr\u00e8s-rasage pour la peau irrit\u00e9e et rougie \u00e0 base de pur escargot et d'extraits naturels.<br \/>Sans alcool et sans parfum.<\/p>\n<p>&nbsp;<\/p>\n<p>COMMENT UTILISER<br \/>Appliquez une petite quantit\u00e9 de produit sur le visage parfaitement propre apr\u00e8s le rasage, donne de la fra\u00eecheur et limite la formation d'irritations et de rougeurs.<\/p>\n<p>&nbsp;<\/p>\n<p>CONTENU<br \/>Bouteille de 30 ml<\/p>","protected":false},"excerpt":{"rendered":"<p>Pharmalife Aspersina Homme Fluide du Visage 30ml<br \/>Fluide facial apr\u00e8s-rasage pour la peau irrit\u00e9e et rougie<\/p>","protected":false},"featured_media":25224,"template":"","meta":{"arc_restricted_post":false},"product_cat":[49,347],"product_tag":[],"_links":{"self":[{"href":"https:\/\/www.sopha-sahara.com\/en\/wp-json\/wp\/v2\/product\/24969"}],"collection":[{"href":"https:\/\/www.sopha-sahara.com\/en\/wp-json\/wp\/v2\/product"}],"about":[{"href":"https:\/\/www.sopha-sahara.com\/en\/wp-json\/wp\/v2\/types\/product"}],"wp:featuredmedia":[{"embeddable":true,"href":"https:\/\/www.sopha-sahara.com\/en\/wp-json\/wp\/v2\/media\/25224"}],"wp:attachment":[{"href":"https:\/\/www.sopha-sahara.com\/en\/wp-json\/wp\/v2\/media?parent=24969"}],"wp:term":[{"taxonomy":"product_cat","embeddable":true,"href":"https:\/\/www.sopha-sahara.com\/en\/wp-json\/wp\/v2\/product_cat?post=24969"},{"taxonomy":"product_tag","embeddable":true,"href":"https:\/\/www.sopha-sahara.com\/en\/wp-json\/wp\/v2\/product_tag?post=24969"}],"curies":[{"name":"wp","href":"https:\/\/api.w.org\/{rel}","templated":true}]}}