{"id":24968,"date":"2020-12-24T10:16:46","date_gmt":"2020-12-24T09:16:46","guid":{"rendered":"https:\/\/www.interbusinesschamber.com\/produit\/aspersina-homme-gel-doccia-shampo-200ml\/"},"modified":"2020-12-25T12:19:56","modified_gmt":"2020-12-25T11:19:56","slug":"aspersina-homme-gel-doccia-shampo-200ml","status":"publish","type":"product","link":"https:\/\/www.sopha-sahara.com\/en\/product\/aspersina-homme-gel-doccia-shampo-200ml\/","title":{"rendered":"Aspersina Homme Gel Doccia Shampo 200ml"},"content":{"rendered":"<div class=\"prodsch_txt\">\n<div>\n<div>Produit cosm\u00e9tique con\u00e7u pour nettoyer la peau et les cheveux en un seul geste. Formulation enrichie de bave d'escargot et d'extraits naturels, \u00e9galement adapt\u00e9e aux peaux les plus d\u00e9licates et sensibles. Id\u00e9al pour les lavages fr\u00e9quents.<\/p>\n<p>&nbsp;<\/p>\n<p>MODE D'UTILISATION<br \/>Appliquez une petite quantit\u00e9 de produit sur la peau et les cheveux mouill\u00e9s, massez et laissez agir quelques secondes pour favoriser l'action des substances actives; enfin rincer abondamment \u00e0 l'eau ti\u00e8de. R\u00e9p\u00e9tez l'op\u00e9ration si n\u00e9cessaire.<\/p>\n<p>&nbsp;<\/p>\n<p>CONTENU<br \/>Bouteille de 200 ml<\/p>\n<\/div>\n<\/div>\n<\/div>","protected":false},"excerpt":{"rendered":"<p class=\"productabstract\">Pharmalife Aspersina Homme Shampooing Gel Douche 200ml<br \/>Produit cosm\u00e9tique con\u00e7u pour nettoyer la peau et les cheveux en un seul geste.<\/p>","protected":false},"featured_media":25225,"template":"","meta":{"arc_restricted_post":false},"product_cat":[49,347],"product_tag":[],"_links":{"self":[{"href":"https:\/\/www.sopha-sahara.com\/en\/wp-json\/wp\/v2\/product\/24968"}],"collection":[{"href":"https:\/\/www.sopha-sahara.com\/en\/wp-json\/wp\/v2\/product"}],"about":[{"href":"https:\/\/www.sopha-sahara.com\/en\/wp-json\/wp\/v2\/types\/product"}],"wp:featuredmedia":[{"embeddable":true,"href":"https:\/\/www.sopha-sahara.com\/en\/wp-json\/wp\/v2\/media\/25225"}],"wp:attachment":[{"href":"https:\/\/www.sopha-sahara.com\/en\/wp-json\/wp\/v2\/media?parent=24968"}],"wp:term":[{"taxonomy":"product_cat","embeddable":true,"href":"https:\/\/www.sopha-sahara.com\/en\/wp-json\/wp\/v2\/product_cat?post=24968"},{"taxonomy":"product_tag","embeddable":true,"href":"https:\/\/www.sopha-sahara.com\/en\/wp-json\/wp\/v2\/product_tag?post=24968"}],"curies":[{"name":"wp","href":"https:\/\/api.w.org\/{rel}","templated":true}]}}