{"id":24967,"date":"2020-12-24T10:16:45","date_gmt":"2020-12-24T09:16:45","guid":{"rendered":"https:\/\/www.interbusinesschamber.com\/produit\/crema-pomata-iperico-75ml\/"},"modified":"2020-12-25T12:56:02","modified_gmt":"2020-12-25T11:56:02","slug":"crema-pomata-iperico-75ml","status":"publish","type":"product","link":"https:\/\/www.sopha-sahara.com\/en\/product\/crema-pomata-iperico-75ml\/","title":{"rendered":"Crema Pomata Iperico 75ml"},"content":{"rendered":"<p>30% d'HYPERICUM CREAM est utile dans les cas de:<br \/>Br\u00fblures, \u00e9ryth\u00e8mes, rougeurs, peau endommag\u00e9e, aide \u00e0 la gu\u00e9rison<\/p>\n<p>&nbsp;<\/p>\n<p>COMMENT UTILISER<br \/>Appliquer sur les parties concern\u00e9es et masser doucement jusqu'\u00e0 absorption compl\u00e8te du produit.<\/p>\n<p>&nbsp;<\/p>\n<p>FORMAT<br \/>Tube de 75 ml<\/p>","protected":false},"excerpt":{"rendered":"<p>Pharmalife Cr\u00e8me Hypericum 75ml<br \/>CR\u00c8ME HYPERICUM \u00e0 30% avec une concentration \u00e9lev\u00e9e de substances v\u00e9g\u00e9tales fonctionnelles.<\/p>","protected":false},"featured_media":25260,"template":"","meta":{"arc_restricted_post":false},"product_cat":[49,347],"product_tag":[],"_links":{"self":[{"href":"https:\/\/www.sopha-sahara.com\/en\/wp-json\/wp\/v2\/product\/24967"}],"collection":[{"href":"https:\/\/www.sopha-sahara.com\/en\/wp-json\/wp\/v2\/product"}],"about":[{"href":"https:\/\/www.sopha-sahara.com\/en\/wp-json\/wp\/v2\/types\/product"}],"wp:featuredmedia":[{"embeddable":true,"href":"https:\/\/www.sopha-sahara.com\/en\/wp-json\/wp\/v2\/media\/25260"}],"wp:attachment":[{"href":"https:\/\/www.sopha-sahara.com\/en\/wp-json\/wp\/v2\/media?parent=24967"}],"wp:term":[{"taxonomy":"product_cat","embeddable":true,"href":"https:\/\/www.sopha-sahara.com\/en\/wp-json\/wp\/v2\/product_cat?post=24967"},{"taxonomy":"product_tag","embeddable":true,"href":"https:\/\/www.sopha-sahara.com\/en\/wp-json\/wp\/v2\/product_tag?post=24967"}],"curies":[{"name":"wp","href":"https:\/\/api.w.org\/{rel}","templated":true}]}}