{"id":24966,"date":"2020-12-24T10:16:45","date_gmt":"2020-12-24T09:16:45","guid":{"rendered":"https:\/\/www.interbusinesschamber.com\/produit\/sommeil-drop-30ml\/"},"modified":"2020-12-25T15:42:34","modified_gmt":"2020-12-25T14:42:34","slug":"sommeil-drop-30ml","status":"publish","type":"product","link":"https:\/\/www.sopha-sahara.com\/en\/product\/sommeil-drop-30ml\/","title":{"rendered":"SOMMEIL DROP 30ml"},"content":{"rendered":"<div class=\"prodsch_txt\">\n<div>\n<div><strong>PHARMALIFE - SOMMEIL DROP<\/strong><\/div>\n<div>Compl\u00e9ment alimentaire<\/div>\n<div>\u00a0<\/div>\n<div>Pr\u00e9paration \u00e0 base d'extraits de plantes, indiqu\u00e9e pour aider et favoriser la tranquillit\u00e9 et le repos nocturne physiologique de l'enfant d\u00e8s les premiers jours.<br \/>Sans gluten, le produit est compatible avec le r\u00e9gime alimentaire des enfants coeliaques.<\/div>\n<div>\u00a0<\/div>\n<div>\n<div>COMMENT UTILISER<\/div>\n<div>Pour une utilisation correcte des aliments, prendre 10 \u00e0 20 gouttes, de pr\u00e9f\u00e9rence le soir avant d'aller au lit ou au besoin.<br \/>Les gouttes peuvent \u00eatre prises telles quelles ou, si vous pr\u00e9f\u00e9rez, dilu\u00e9es dans de l'eau ou dans une autre boisson.<\/div>\n<\/div>\n<div>\u00a0<\/div>\n<div>\n<div>FORMAT<\/div>\n<div>Flacon de 30 ml avec pipette compte-gouttes.<\/div>\n<\/div>\n<div>\u00a0<\/div>\n<div>COMPOSITION<\/div>\n<div>\n<div>\n<h4 class=\"tabnut_tit\">INFORMATION NUTRITIONNELLE<\/h4>\n<div class=\"tabnut_table\">\n<table class=\"iaftable\" cellspacing=\"0\" cellpadding=\"1\">\n<tbody>\n<tr>\n<td>Contenu moyen<\/td>\n<td>par dose quotidienne<br \/>(20 gouttes)<\/td>\n<\/tr>\n<tr>\n<td>Extrait sec de Passiflora<\/td>\n<td>120 mg<\/td>\n<\/tr>\n<tr>\n<td>Extrait sec de m\u00e9lisse<\/td>\n<td>30 mg<\/td>\n<\/tr>\n<tr>\n<td>Extrait de tilleul<\/td>\n<td>60 mg<\/td>\n<\/tr>\n<tr>\n<td colspan=\"2\">Autres ingr\u00e9dients: eau d\u00e9min\u00e9ralis\u00e9e, glyc\u00e9rol, plante \u00e0 fleurs d'extrait sec de Passiflora (Passiflora incarnata, maltodextrine), extrait sec d'inflorescences de tilleul (Tilia platyphyllos et cordata, maltodextrine), extrait sec de feuilles de m\u00e9lisse (Melissa officinalis, maltodextrin), conservateur: saccharum: ; acidifiant: acide citrique; Melissa (Melissa officinalis) huile essentielle.<\/td>\n<\/tr>\n<\/tbody>\n<\/table>\n<\/div>\n<\/div>\n<\/div>\n<div>\n<p><\/div>\n<\/div>\n<\/div>\n<div class=\"prodsch_avvert\">\n<div>Lisez attentivement l\u2019\u00e9tiquette et les informations concernant le produit ainsi que le mode d\u2019emploi.<br \/>Ne pas d\u00e9passer la dose journali\u00e8re indiqu\u00e9e.<br \/>Tenir hors de port\u00e9e des jeunes enfants.<br \/>Les compl\u00e9ments alimentaires ne soient utilis\u00e9s comme substituts d'un r\u00e9gime alimentaire vari\u00e9.<\/div>\n<div>IAF network vous rappelled l\u2019importance d\u2019une alimentation vari\u00e9e et \u00e9quilibr\u00e9e et \u00e0 un mode de vie sain.<\/div>\n<\/div>","protected":false},"excerpt":{"rendered":"<p>Pharmalife Sleep Drop 30ml. Convient pour aider et favoriser la tranquillit\u00e9 et le repos physiologique de l&rsquo;enfant la nuit.<\/p>","protected":false},"featured_media":25370,"template":"","meta":{"arc_restricted_post":false},"product_cat":[49,347],"product_tag":[],"_links":{"self":[{"href":"https:\/\/www.sopha-sahara.com\/en\/wp-json\/wp\/v2\/product\/24966"}],"collection":[{"href":"https:\/\/www.sopha-sahara.com\/en\/wp-json\/wp\/v2\/product"}],"about":[{"href":"https:\/\/www.sopha-sahara.com\/en\/wp-json\/wp\/v2\/types\/product"}],"wp:featuredmedia":[{"embeddable":true,"href":"https:\/\/www.sopha-sahara.com\/en\/wp-json\/wp\/v2\/media\/25370"}],"wp:attachment":[{"href":"https:\/\/www.sopha-sahara.com\/en\/wp-json\/wp\/v2\/media?parent=24966"}],"wp:term":[{"taxonomy":"product_cat","embeddable":true,"href":"https:\/\/www.sopha-sahara.com\/en\/wp-json\/wp\/v2\/product_cat?post=24966"},{"taxonomy":"product_tag","embeddable":true,"href":"https:\/\/www.sopha-sahara.com\/en\/wp-json\/wp\/v2\/product_tag?post=24966"}],"curies":[{"name":"wp","href":"https:\/\/api.w.org\/{rel}","templated":true}]}}