{"id":24964,"date":"2020-12-24T10:16:43","date_gmt":"2020-12-24T09:16:43","guid":{"rendered":"https:\/\/www.interbusinesschamber.com\/produit\/vitacure-beurre-de-mangue-125ml-2\/"},"modified":"2020-12-25T16:01:19","modified_gmt":"2020-12-25T15:01:19","slug":"vitacure-beurre-de-mangue-125ml-2","status":"publish","type":"product","link":"https:\/\/www.sopha-sahara.com\/en\/product\/vitacure-beurre-de-mangue-125ml-2\/","title":{"rendered":"Vitacure &#8211; Beurre de Mangue 125ml"},"content":{"rendered":"<p>Beurre peu gras et tr\u00e8s p\u00e9n\u00e9trant, avec des notes caract\u00e9ristiques. Il a des propri\u00e9t\u00e9s \u00e9nergisantes et antioxydantes et renforce la fonction de barri\u00e8re de la peau. Id\u00e9al pour les peaux matures ou fragiles et sensibles ayant besoin de protection.<\/p>\n<p>&nbsp;<\/p>\n<p>COMMENT UTILISER<br \/>Appliquer avec des massages circulaires jusqu'\u00e0 absorption compl\u00e8te.<\/p>\n<p>&nbsp;<\/p>\n<p>FORMAT<br \/>125 ml<\/p>\n<p>&nbsp;<\/p>\n<p>INGR\u00c9DIENTS<br \/>MANGIFERA INDICA BEURRE DE GRAINE<\/p>","protected":false},"excerpt":{"rendered":"<p>Pharmalife Vitacure &#8211; Beurre de Mangue 125ml<br \/>Il a des propri\u00e9t\u00e9s \u00e9nergisantes et antioxydantes.<\/p>","protected":false},"featured_media":25387,"template":"","meta":{"arc_restricted_post":false},"product_cat":[49,347],"product_tag":[],"_links":{"self":[{"href":"https:\/\/www.sopha-sahara.com\/en\/wp-json\/wp\/v2\/product\/24964"}],"collection":[{"href":"https:\/\/www.sopha-sahara.com\/en\/wp-json\/wp\/v2\/product"}],"about":[{"href":"https:\/\/www.sopha-sahara.com\/en\/wp-json\/wp\/v2\/types\/product"}],"wp:featuredmedia":[{"embeddable":true,"href":"https:\/\/www.sopha-sahara.com\/en\/wp-json\/wp\/v2\/media\/25387"}],"wp:attachment":[{"href":"https:\/\/www.sopha-sahara.com\/en\/wp-json\/wp\/v2\/media?parent=24964"}],"wp:term":[{"taxonomy":"product_cat","embeddable":true,"href":"https:\/\/www.sopha-sahara.com\/en\/wp-json\/wp\/v2\/product_cat?post=24964"},{"taxonomy":"product_tag","embeddable":true,"href":"https:\/\/www.sopha-sahara.com\/en\/wp-json\/wp\/v2\/product_tag?post=24964"}],"curies":[{"name":"wp","href":"https:\/\/api.w.org\/{rel}","templated":true}]}}