{"id":24963,"date":"2020-12-24T10:16:43","date_gmt":"2020-12-24T09:16:43","guid":{"rendered":"https:\/\/www.interbusinesschamber.com\/produit\/vitacure-beurre-de-karite-125ml\/"},"modified":"2020-12-25T15:59:15","modified_gmt":"2020-12-25T14:59:15","slug":"vitacure-beurre-de-karite-125ml","status":"publish","type":"product","link":"https:\/\/www.sopha-sahara.com\/en\/product\/vitacure-beurre-de-karite-125ml\/","title":{"rendered":"Vitacure &#8211; Beurre de Karit\u00e8 125ml"},"content":{"rendered":"<p>Beurre aux excellentes propri\u00e9t\u00e9s hydratantes et r\u00e9g\u00e9n\u00e9rantes.<br \/>Convient \u00e0 tous les types de peau. Il nourrit intens\u00e9ment et pr\u00e9vient les rides, les vergetures et le vieillissement de la peau.<\/p>\n<p>&nbsp;<\/p>\n<p>COMMENT UTILISER<br \/>Appliquer avec un massage circulaire jusqu'\u00e0 absorption compl\u00e8te.<\/p>\n<p>&nbsp;<\/p>\n<p>FORMAT<br \/>125 ml<\/p>\n<p>&nbsp;<\/p>\n<p>INGR\u00c9DIENTS<br \/>100% beurre de karit\u00e9 (Vitellaria paradoxe).<\/p>","protected":false},"excerpt":{"rendered":"<p>Pharmalife Vitacure &#8211; Beurre de Karit\u00e8 125ml<br \/>Beurre aux excellentes propri\u00e9t\u00e9s hydratantes et r\u00e9g\u00e9n\u00e9rantes.<\/p>","protected":false},"featured_media":25385,"template":"","meta":{"arc_restricted_post":false},"product_cat":[49,347],"product_tag":[],"_links":{"self":[{"href":"https:\/\/www.sopha-sahara.com\/en\/wp-json\/wp\/v2\/product\/24963"}],"collection":[{"href":"https:\/\/www.sopha-sahara.com\/en\/wp-json\/wp\/v2\/product"}],"about":[{"href":"https:\/\/www.sopha-sahara.com\/en\/wp-json\/wp\/v2\/types\/product"}],"wp:featuredmedia":[{"embeddable":true,"href":"https:\/\/www.sopha-sahara.com\/en\/wp-json\/wp\/v2\/media\/25385"}],"wp:attachment":[{"href":"https:\/\/www.sopha-sahara.com\/en\/wp-json\/wp\/v2\/media?parent=24963"}],"wp:term":[{"taxonomy":"product_cat","embeddable":true,"href":"https:\/\/www.sopha-sahara.com\/en\/wp-json\/wp\/v2\/product_cat?post=24963"},{"taxonomy":"product_tag","embeddable":true,"href":"https:\/\/www.sopha-sahara.com\/en\/wp-json\/wp\/v2\/product_tag?post=24963"}],"curies":[{"name":"wp","href":"https:\/\/api.w.org\/{rel}","templated":true}]}}