{"id":24962,"date":"2020-12-24T10:16:42","date_gmt":"2020-12-24T09:16:42","guid":{"rendered":"https:\/\/www.interbusinesschamber.com\/produit\/vitacure-beurre-de-karite-250ml\/"},"modified":"2020-12-25T15:58:37","modified_gmt":"2020-12-25T14:58:37","slug":"vitacure-beurre-de-karite-250ml","status":"publish","type":"product","link":"https:\/\/www.sopha-sahara.com\/en\/product\/vitacure-beurre-de-karite-250ml\/","title":{"rendered":"Vitacure &#8211; Beurre de Karit\u00e8 250ml"},"content":{"rendered":"<p><span title=\"\"><span class=\"tlid-translation translation\">Beurre aux excellentes propri\u00e9t\u00e9s hydratantes et r\u00e9g\u00e9n\u00e9rantes.<br \/>Convient \u00e0 tous les types de peau.\u00a0Il nourrit intens\u00e9ment et pr\u00e9vient les rides, les vergetures et le vieillissement de la peau.<\/span><\/span><br \/><span title=\"\">Excellent pour les cheveux secs et cassants;<\/span>\u00a0<span title=\"\">il peut \u00eatre adouci et utilis\u00e9 comme huile de base pour le massage.<\/span><\/p>\n<p><span title=\"\">COMMENT UTILISER<\/span><br \/><span title=\"\">Appliquer avec des massages circulaires jusqu'\u00e0 absorption compl\u00e8te.<\/span><\/p>\n<p><span title=\"\">FORMAT<\/span><br \/><span title=\"\">250 ml<\/span><\/p>\n<p><span title=\"\">INGR\u00c9DIENTS<\/span><br \/><span title=\"\">Beurre 100% Karit\u00e9 (Vitellaria Paradoxa).<\/span><\/p>","protected":false},"excerpt":{"rendered":"<p>Pharmalife Vitacure &#8211; Beurre di Karit\u00e9 250ml<br \/>Gr\u00e2ce \u00e0 ses extraordinaires propri\u00e9t\u00e9s hydratantes et r\u00e9g\u00e9n\u00e9rantes, il est hautement compatible avec la peau et convient \u00e0 tous les types de peau, m\u00eame les plus d\u00e9licats et les plus probl\u00e9matiques.<\/p>","protected":false},"featured_media":25386,"template":"","meta":{"arc_restricted_post":false},"product_cat":[49,347],"product_tag":[],"_links":{"self":[{"href":"https:\/\/www.sopha-sahara.com\/en\/wp-json\/wp\/v2\/product\/24962"}],"collection":[{"href":"https:\/\/www.sopha-sahara.com\/en\/wp-json\/wp\/v2\/product"}],"about":[{"href":"https:\/\/www.sopha-sahara.com\/en\/wp-json\/wp\/v2\/types\/product"}],"wp:featuredmedia":[{"embeddable":true,"href":"https:\/\/www.sopha-sahara.com\/en\/wp-json\/wp\/v2\/media\/25386"}],"wp:attachment":[{"href":"https:\/\/www.sopha-sahara.com\/en\/wp-json\/wp\/v2\/media?parent=24962"}],"wp:term":[{"taxonomy":"product_cat","embeddable":true,"href":"https:\/\/www.sopha-sahara.com\/en\/wp-json\/wp\/v2\/product_cat?post=24962"},{"taxonomy":"product_tag","embeddable":true,"href":"https:\/\/www.sopha-sahara.com\/en\/wp-json\/wp\/v2\/product_tag?post=24962"}],"curies":[{"name":"wp","href":"https:\/\/api.w.org\/{rel}","templated":true}]}}