{"id":24960,"date":"2020-12-24T10:16:40","date_gmt":"2020-12-24T09:16:40","guid":{"rendered":"https:\/\/www.interbusinesschamber.com\/produit\/omega-junior-gocce-30ml\/"},"modified":"2020-12-25T15:18:25","modified_gmt":"2020-12-25T14:18:25","slug":"omega-junior-gocce-30ml","status":"publish","type":"product","link":"https:\/\/www.sopha-sahara.com\/en\/product\/omega-junior-gocce-30ml\/","title":{"rendered":"Omega Junior Gocce 30ml"},"content":{"rendered":"<div class=\"prodsch_txt\">\n<div>\n<div><strong>PHARMALIFE - Gouttes Omega Junior<\/strong><\/div>\n<div>\u00a0<\/div>\n<div>Compl\u00e9ment alimentaire lipidique \u00e0 haute teneur en acides gras essentiels des s\u00e9ries om\u00e9ga-6 et om\u00e9ga-3 en gouttes; utilisable de 6 mois \u00e0 12 ans: des d\u00e9fenses croissantes favorisent une croissance saine et naturelle.<\/div>\n<div><\/p>\n<p>Omega Junior, gr\u00e2ce aux 11 vitamines et extraits de plantes, est utile pour compl\u00e9ter le r\u00e9gime alimentaire au cours de la premi\u00e8re ann\u00e9e de vie, d\u00e9ficient en polyinsatur\u00e9s et dans de nombreuses autres situations physiologiques et pathologiques.<\/p>\n<p>&nbsp;<\/p>\n<p>Omega Junior fournit \u00e9galement:<br \/>-Vitamine E. Prot\u00e8ge les acides gras polyinsatur\u00e9s des processus de peroxydation<br \/>-La vitamine B6. Favorise les transformations biologiques des acides gras essentiels.<\/p>\n<\/div>\n<div>\u00a0<\/div>\n<div>MODE D'UTILISATION:<\/div>\n<div>Nourrisson: 5 gouttes pour 100 ml de lait.<br \/>Du sevrage \u00e0 1 an de la vie: 30 gouttes deux fois par jour.<br \/>Enfant et adulte: 30 gouttes 3 fois par jour.<br \/>Le produit peut \u00eatre dilu\u00e9 dans du lait.<\/div>\n<div><\/p>\n<div>FORMAT<\/div>\n<div>Flacon de 30 ml avec pipette compte-gouttes.<\/div>\n<div>\u00a0<\/div>\n<\/div>\n<div>CARACTERISTIQUES NUTRITIONNELLES<\/div>\n<div>\n<table border=\"1\" cellspacing=\"0\" cellpadding=\"1\">\n<tbody>\n<tr bgcolor=\"#32CD32\">\n<td>Information nutritionnelle<\/td>\n<td>pour 100 ml<\/td>\n<td>pour 90 gouttes<br \/>(3 ml)<\/td>\n<td>% RDA *<\/td>\n<\/tr>\n<tr>\n<td>valeur \u00e9nerg\u00e9tique<\/td>\n<td>810 Kcal<br \/>3330 kJ<\/td>\n<td>24,3 Kcal<br \/>99,9 kJ<\/td>\n<td>\u00a0<\/td>\n<\/tr>\n<tr>\n<td>Prot\u00e9ine<\/td>\n<td>0 g<\/td>\n<td>0 g<\/td>\n<td>\u00a0<\/td>\n<\/tr>\n<tr>\n<td>Les glucides<\/td>\n<td>0 g<\/td>\n<td>0 g<\/td>\n<td>\u00a0<\/td>\n<\/tr>\n<tr>\n<td>Lipides<br \/>dont acide linol\u00e9ique<br \/>acide alpha-linol\u00e9nique<br \/>l'acide ol\u00e9ique<\/td>\n<td>90 g<br \/>42,5 g<br \/>9,83<br \/>14.2<\/td>\n<td>2,7<br \/>1,275 g<br \/>0,294 g<br \/>0,42 g<\/td>\n<td>\u00a0<\/td>\n<\/tr>\n<tr>\n<td>Vitamine E<\/td>\n<td>100g<\/td>\n<td>3 g<\/td>\n<td>60<\/td>\n<\/tr>\n<tr>\n<td>Vitamine B6<\/td>\n<td>23,3 g<\/td>\n<td>0,7 g<\/td>\n<td>100<\/td>\n<\/tr>\n<\/tbody>\n<\/table>\n<\/div>\n<div>* RDA: indemnit\u00e9 journali\u00e8re recommand\u00e9e.<\/div>\n<div>\u00a0<\/div>\n<div>AVERTISSEMENTS<\/div>\n<div>Ne pas d\u00e9passer la dose journali\u00e8re recommand\u00e9e.<br \/>Tenir hors de port\u00e9e des enfants de moins de trois ans.<br \/>Les suppl\u00e9ments ne sont pas destin\u00e9s \u00e0 remplacer un r\u00e9gime alimentaire vari\u00e9.<br \/>Pour les femmes enceintes ou allaitantes et les enfants, il est recommand\u00e9 de consulter un m\u00e9decin.<\/div>\n<div>\u00a0<\/div>\n<div>\u00a0<\/div>\n<div>\u00a0<\/div>\n<div>INGR\u00c9DIENTS<\/div>\n<div>Huile de cassis (Ribes nigrum); huile de soja (Glycine max); Vitamine E; vitamine B6.<\/div>\n<\/div>\n<\/div>\n<div class=\"prodsch_avvert\">D\u00e9conseill\u00e9 \u00e0 l'usage chez les femmes ayant des ant\u00e9c\u00e9dents personnels ou familiaux de cancer du sein.<\/p>\n<div>Lisez attentivement l\u2019\u00e9tiquette et les informations concernant le produit ainsi que le mode d\u2019emploi.<br \/>Ne pas d\u00e9passer la dose journali\u00e8re indiqu\u00e9e.<br \/>Tenir hors de port\u00e9e des jeunes enfants.<br \/>Les compl\u00e9ments alimentaires ne soient utilis\u00e9s comme substituts d'un r\u00e9gime alimentaire vari\u00e9.<\/div>\n<div>IAF network vous rappelled l\u2019importance d\u2019une alimentation vari\u00e9e et \u00e9quilibr\u00e9e et \u00e0 un mode de vie sain.<\/div>\n<\/div>","protected":false},"excerpt":{"rendered":"<p>Pharmalife Omega Junior Gocce 30ml. Compl\u00e9ment nutritionnel lipidique \u00e0 haute teneur en acides gras essentiels de la s\u00e9rie Om\u00e9ga-6 et Om\u00e9ga-3. Cette composition en fait un produit sp\u00e9cifique pour augmenter les d\u00e9fenses et favoriser une croissance saine et naturelle. Il augmente les d\u00e9fenses immunitaires et favorise la croissance saine et naturelle des enfants de 6 mois \u00e0 12 ans.<\/p>","protected":false},"featured_media":25332,"template":"","meta":{"arc_restricted_post":false},"product_cat":[49,347],"product_tag":[],"_links":{"self":[{"href":"https:\/\/www.sopha-sahara.com\/en\/wp-json\/wp\/v2\/product\/24960"}],"collection":[{"href":"https:\/\/www.sopha-sahara.com\/en\/wp-json\/wp\/v2\/product"}],"about":[{"href":"https:\/\/www.sopha-sahara.com\/en\/wp-json\/wp\/v2\/types\/product"}],"wp:featuredmedia":[{"embeddable":true,"href":"https:\/\/www.sopha-sahara.com\/en\/wp-json\/wp\/v2\/media\/25332"}],"wp:attachment":[{"href":"https:\/\/www.sopha-sahara.com\/en\/wp-json\/wp\/v2\/media?parent=24960"}],"wp:term":[{"taxonomy":"product_cat","embeddable":true,"href":"https:\/\/www.sopha-sahara.com\/en\/wp-json\/wp\/v2\/product_cat?post=24960"},{"taxonomy":"product_tag","embeddable":true,"href":"https:\/\/www.sopha-sahara.com\/en\/wp-json\/wp\/v2\/product_tag?post=24960"}],"curies":[{"name":"wp","href":"https:\/\/api.w.org\/{rel}","templated":true}]}}