{"id":24959,"date":"2020-12-24T10:16:39","date_gmt":"2020-12-24T09:16:39","guid":{"rendered":"https:\/\/www.interbusinesschamber.com\/produit\/genestin-silhouette-45-comprimes\/"},"modified":"2020-12-25T14:28:09","modified_gmt":"2020-12-25T13:28:09","slug":"genestin-silhouette-45-comprimes","status":"publish","type":"product","link":"https:\/\/www.sopha-sahara.com\/en\/product\/genestin-silhouette-45-comprimes\/","title":{"rendered":"Genestin &#8211; Silhouette 45 comprim\u00e9s"},"content":{"rendered":"<div class=\"prodsch_txt\">\n<div>\n<div><strong>PHARMALIFE GENESTIN-SILHOUETTE<\/strong><\/div>\n<div>Compl\u00e9ment alimentaire<\/div>\n<div>\u00a0<\/div>\n<div>Genestin Silhouette est un compl\u00e9ment alimentaire \u00e0 base d'extraits de plantes tels que le Cimicifuga, le Trifoglio et les isoflavones de soja, utiles pour lutter contre les troubles de la m\u00e9nopause; des extraits de cerise de p\u00e9doncule, de bouleau et de th\u00e9 vert, utiles pour drainer les fluides corporels et purifier les fonctions; L'extrait de m\u00fbrier blanc qui aide le m\u00e9tabolisme des glucides, tandis que les extraits de Melissa et de Jujube aident \u00e0 la relaxation, au bien-\u00eatre mental et \u00e0 une humeur normale.<\/p>\n<p><\/p>\n<p>COMMENT UTILISER: 2 comprim\u00e9s le matin ou avant les repas et deux comprim\u00e9s le soir avant le d\u00eener.<\/p>\n<\/div>\n<div>\u00a0<\/div>\n<div>QUANTIT\u00c9 NETTE: 45 CAPS<\/p>\n<\/div>\n<div>STOCKAGE: conserver dans un endroit frais et sec.<\/div>\n<div><\/p>\n<div>\n<h4 class=\"tabnut_tit\">INFORMATION NUTRITIONNELLE<\/h4>\n<div class=\"tabnut_table\">\n<table class=\"iaftable\" cellspacing=\"0\">\n<tbody>\n<tr>\n<td colspan=\"3\"><strong>Ingr\u00e9dients:<\/strong>\u00a0extrait sec de Cimicifuga (\u00a0<em>Cimicifuga racemosa<\/em>\u00a0), extrait sec de tr\u00e8fle rouge (\u00a0<em>Trifolium pratense<\/em>\u00a0), extrait sec de cerise (\u00a0<em>Prunus cerasus<\/em>\u00a0), extrait sec de th\u00e9 vert (\u00a0<em>Camellia sinensis<\/em>\u00a0), extrait sec de\u00a0<em>Betula<\/em>\u00a0(\u00a0<em>Betula pendula<\/em>\u00a0), extrait M\u00e9lisse s\u00e8che (\u00a0<em>Melissa officinalis<\/em>\u00a0), extrait sec de\u00a0<em>m\u00fbrier<\/em>\u00a0blanc (\u00a0<em>Morus alba<\/em>\u00a0), extrait sec de Jujube (\u00a0<em>Ziziphus jujuba<\/em>\u00a0), extrait sec de soja (\u00a0<em>Glycine max<\/em>\u00a0), agents de charge: cellulose microcristalline, phosphate de calcium; antiagglom\u00e9rants au st\u00e9arate de magn\u00e9sium, dioxyde de silicium<\/td>\n<\/tr>\n<\/tbody>\n<\/table>\n<\/div>\n<\/div>\n<\/div>\n<\/div>\n<\/div>\n<div class=\"prodsch_avvert\">D\u00e9conseill\u00e9 en dehors des repas, ainsi que aux enfants, adolescents, femmes enceintes ou allaitantes.<br \/>Ne pas d\u00e9passer la dose journali\u00e8re recommand\u00e9e.<br \/>Pour l'utilisation du produit et pour la dur\u00e9e, consulter votre m\u00e9decin.<br \/>D\u00e9conseill\u00e9 en cas de troubles h\u00e9patiques.<br \/>D\u00e9conseill\u00e9 aux personnes souffrant d'allergie aux d\u00e9riv\u00e9s salicyl\u00e9s.<br \/>D\u00e9conseill\u00e9 \u00e0 l'usage chez les femmes ayant des ant\u00e9c\u00e9dents personnels ou familiaux de cancer du sein.<\/p>\n<div>Lisez attentivement l\u2019\u00e9tiquette et les informations concernant le produit ainsi que le mode d\u2019emploi.<br \/>Ne pas d\u00e9passer la dose journali\u00e8re indiqu\u00e9e.<br \/>Tenir hors de port\u00e9e des jeunes enfants.<br \/>Les compl\u00e9ments alimentaires ne soient utilis\u00e9s comme substituts d'un r\u00e9gime alimentaire vari\u00e9.<\/div>\n<div>IAF network vous rappelled l\u2019importance d\u2019une alimentation vari\u00e9e et \u00e9quilibr\u00e9e et \u00e0 un mode de vie sain.<\/div>\n<\/div>","protected":false},"excerpt":{"rendered":"<p>Pharmalife Genestin &#8211; Silhouette 45 caps. Compl\u00e9ment alimentaire pour lutter contre les troubles de la m\u00e9nopause<\/p>","protected":false},"featured_media":25289,"template":"","meta":{"arc_restricted_post":false},"product_cat":[49,347],"product_tag":[],"_links":{"self":[{"href":"https:\/\/www.sopha-sahara.com\/en\/wp-json\/wp\/v2\/product\/24959"}],"collection":[{"href":"https:\/\/www.sopha-sahara.com\/en\/wp-json\/wp\/v2\/product"}],"about":[{"href":"https:\/\/www.sopha-sahara.com\/en\/wp-json\/wp\/v2\/types\/product"}],"wp:featuredmedia":[{"embeddable":true,"href":"https:\/\/www.sopha-sahara.com\/en\/wp-json\/wp\/v2\/media\/25289"}],"wp:attachment":[{"href":"https:\/\/www.sopha-sahara.com\/en\/wp-json\/wp\/v2\/media?parent=24959"}],"wp:term":[{"taxonomy":"product_cat","embeddable":true,"href":"https:\/\/www.sopha-sahara.com\/en\/wp-json\/wp\/v2\/product_cat?post=24959"},{"taxonomy":"product_tag","embeddable":true,"href":"https:\/\/www.sopha-sahara.com\/en\/wp-json\/wp\/v2\/product_tag?post=24959"}],"curies":[{"name":"wp","href":"https:\/\/api.w.org\/{rel}","templated":true}]}}