{"id":24958,"date":"2020-12-24T10:16:38","date_gmt":"2020-12-24T09:16:38","guid":{"rendered":"https:\/\/www.interbusinesschamber.com\/produit\/genestin-good-night-30-comprimes\/"},"modified":"2020-12-25T14:27:31","modified_gmt":"2020-12-25T13:27:31","slug":"genestin-good-night-30-comprimes","status":"publish","type":"product","link":"https:\/\/www.sopha-sahara.com\/en\/product\/genestin-good-night-30-comprimes\/","title":{"rendered":"Genestin &#8211; Good Night 30 comprim\u00e9s"},"content":{"rendered":"<div class=\"prodsch_txt\">\n<div>\n<div><strong>PHARMALIFE GENESTIN- GOOD NIGHT<br \/><\/strong><\/div>\n<div>Compl\u00e9ment alimentaire<\/div>\n<div>\u00a0<\/div>\n<div>Gr\u00e2ce \u00e0 ses principes actifs, Genestin Good Night est capable de lutter efficacement contre les sueurs nocturnes, les bouff\u00e9es de chaleur et les troubles vasomoteurs typiques de la m\u00e9nopause. En outre, l'extrait d'Escoltzia assure un repos nocturne car il peut favoriser le sommeil en cas d'insomnie l\u00e9g\u00e8re et mod\u00e9r\u00e9e.<\/div>\n<div>\n<div>Genestin Good Night est utile dans les cas de:<\/div>\n<div>\u2022 syndrome climat\u00e9rique<br \/>\u2022 Les bouff\u00e9es de chaleur<br \/>\u2022 Sueurs nocturnes<br \/>\u2022 l'insomnie<br \/>\u2022 irritabilit\u00e9<\/div>\n<div>\u2022 anxi\u00e9t\u00e9<\/div>\n<\/div>\n<div>\u00a0<\/div>\n<div>MODE D'EMPLOI: 1 comprim\u00e9 le soir une demi-heure avant d'aller au lit.<\/div>\n<div>QUANTIT\u00c9 NETTE: 27 g<\/p>\n<\/div>\n<div>STOCKAGE: conserver dans un endroit frais et sec.<\/div>\n<div><\/p>\n<div>\n<h4 class=\"tabnut_tit\">INFORMATION NUTRITIONNELLE<\/h4>\n<div class=\"tabnut_table\">\n<table class=\"iaftable\" cellspacing=\"0\">\n<tbody>\n<tr>\n<td colspan=\"2\"><strong>Ingr\u00e9dients:<\/strong>\u00a0Extrait titr\u00e9 \u00e0 2,5% de Cimicifuga (\u00a0<em>Cimicifuga racemosa<\/em>\u00a0) dans des glycosides terp\u00e9niques, Salvia (\u00a0<em>Salvia officinalis<\/em>\u00a0), extrait sec de Houblon (\u00a0<em>Humulus lupulus<\/em>\u00a0) titr\u00e9 \u00e0 0,25% dans du 8-pr\u00e9nylnarig\u00e9nine, 0,15% dans du 6-pr\u00e9nilnarig\u00e9nine, brevet\u00e9 extrait (Lifenol\u00ae), extrait d'Escoltzia (\u00a0<em>Eschscholtzia californica<\/em>\u00a0) titr\u00e9 \u00e0 0,8% en alcalo\u00efdes, agents de charge: cellulose microcristalline, phosphate de calcium; anti-agglom\u00e9rants au st\u00e9arate de magn\u00e9sium, dioxyde de silicium.<\/td>\n<\/tr>\n<\/tbody>\n<\/table>\n<\/div>\n<\/div>\n<\/div>\n<\/div>\n<\/div>\n<div class=\"prodsch_avvert\">Ne pas d\u00e9passer la dose journali\u00e8re recommand\u00e9e.<br \/>Pour l'utilisation du produit et pour la dur\u00e9e, consulter votre m\u00e9decin.<br \/>D\u00e9conseill\u00e9 en cas de troubles h\u00e9patiques.<\/p>\n<div>Lisez attentivement l\u2019\u00e9tiquette et les informations concernant le produit ainsi que le mode d\u2019emploi.<br \/>Ne pas d\u00e9passer la dose journali\u00e8re indiqu\u00e9e.<br \/>Tenir hors de port\u00e9e des jeunes enfants.<br \/>Les compl\u00e9ments alimentaires ne soient utilis\u00e9s comme substituts d'un r\u00e9gime alimentaire vari\u00e9.<\/div>\n<div>IAF network vous rappelled l\u2019importance d\u2019une alimentation vari\u00e9e et \u00e9quilibr\u00e9e et \u00e0 un mode de vie sain.<\/div>\n<\/div>","protected":false},"excerpt":{"rendered":"<p>Pharmalife Genestin &#8211; Good Night 27 g. Un compl\u00e9ment alimentaire pour lutter contre les sueurs nocturnes, les bouff\u00e9es de chaleur et les troubles des vaisseaux moteurs m\u00e9nopaus\u00e9s.<\/p>","protected":false},"featured_media":25288,"template":"","meta":{"arc_restricted_post":false},"product_cat":[49,347],"product_tag":[],"_links":{"self":[{"href":"https:\/\/www.sopha-sahara.com\/en\/wp-json\/wp\/v2\/product\/24958"}],"collection":[{"href":"https:\/\/www.sopha-sahara.com\/en\/wp-json\/wp\/v2\/product"}],"about":[{"href":"https:\/\/www.sopha-sahara.com\/en\/wp-json\/wp\/v2\/types\/product"}],"wp:featuredmedia":[{"embeddable":true,"href":"https:\/\/www.sopha-sahara.com\/en\/wp-json\/wp\/v2\/media\/25288"}],"wp:attachment":[{"href":"https:\/\/www.sopha-sahara.com\/en\/wp-json\/wp\/v2\/media?parent=24958"}],"wp:term":[{"taxonomy":"product_cat","embeddable":true,"href":"https:\/\/www.sopha-sahara.com\/en\/wp-json\/wp\/v2\/product_cat?post=24958"},{"taxonomy":"product_tag","embeddable":true,"href":"https:\/\/www.sopha-sahara.com\/en\/wp-json\/wp\/v2\/product_tag?post=24958"}],"curies":[{"name":"wp","href":"https:\/\/api.w.org\/{rel}","templated":true}]}}