{"id":24957,"date":"2020-12-24T10:16:36","date_gmt":"2020-12-24T09:16:36","guid":{"rendered":"https:\/\/www.interbusinesschamber.com\/produit\/isilax-mamma-200ml\/"},"modified":"2021-02-22T17:31:50","modified_gmt":"2021-02-22T16:31:50","slug":"isilax-mamma-200ml","status":"publish","type":"product","link":"https:\/\/www.sopha-sahara.com\/en\/product\/isilax-mamma-200ml\/","title":{"rendered":"Isilax Mamma 200ML"},"content":{"rendered":"<div class=\"prodsch_txt\">\n<div>\n<div><strong>PHARMALIFE ISILAX MAM<\/strong><\/div>\n<div>\n<\/div>\n<div>\n<p>ISILAX MAMMA est un compl\u00e9ment alimentaire obtenu \u00e0 partir de jus de fruits concentr\u00e9s et d\u2019extraits de plantes, substances que Pharmalife Research soumet \u00e0 des contr\u00f4les minutieux. Gr\u00e2ce \u00e0 la pr\u00e9sence de pectines et de fibres, son utlizzo peut \u00eatre utile pour r\u00e9guler les fonctions intestinales physiologiques.<\/p>\n<p>ISILAX MAMMA r\u00e9gule en douceur, en le stimulant, un bon transit intestinal.<\/p>\n<\/div>\n<div>\u00a0<\/div>\n<div>MODE D'UTILISATION<\/div>\n<div>Deux cuill\u00e8res \u00e0 soupe deux fois par jour (matin et soir).<\/div>\n<div>\u00a0<\/div>\n<div>FORMAT<\/div>\n<div>bouteille en verre fonc\u00e9 avec compte-gouttes de 200 ml<\/div>\n<div>\n<\/div>\n<div>INGR\u00c9DIENTS<\/div>\n<div>Eau d\u00e9min\u00e9ralis\u00e9e, cendre de manne (\u00a0<em>Fraxinus ornus<\/em>\u00a0), jus de prunes concentr\u00e9, jus de kiwi concentr\u00e9, Inuline, pectine de pomme, conservateur: sorbate de potassium<\/div>\n<\/div>\n<\/div>\n<div class=\"prodsch_avvert\">\n<div>Lisez attentivement l\u2019\u00e9tiquette et les informations concernant le produit ainsi que le mode d\u2019emploi.<br \/>Ne pas d\u00e9passer la dose journali\u00e8re indiqu\u00e9e.<br \/>Tenir hors de port\u00e9e des jeunes enfants.<br \/>Les compl\u00e9ments alimentaires ne soient utilis\u00e9s comme substituts d'un r\u00e9gime alimentaire vari\u00e9.<\/div>\n<div>IAF network vous rappelled l\u2019importance d\u2019une alimentation vari\u00e9e et \u00e9quilibr\u00e9e et \u00e0 un mode de vie sain.<\/div>\n<\/div>","protected":false},"excerpt":{"rendered":"<p>Pharmalife Isilax Mamma 200ml. Compl\u00e9ment alimentaire qui r\u00e9gule les fonctions intestinales<\/p>","protected":false},"featured_media":30632,"template":"","meta":{"arc_restricted_post":false},"product_cat":[49,347],"product_tag":[],"_links":{"self":[{"href":"https:\/\/www.sopha-sahara.com\/en\/wp-json\/wp\/v2\/product\/24957"}],"collection":[{"href":"https:\/\/www.sopha-sahara.com\/en\/wp-json\/wp\/v2\/product"}],"about":[{"href":"https:\/\/www.sopha-sahara.com\/en\/wp-json\/wp\/v2\/types\/product"}],"wp:featuredmedia":[{"embeddable":true,"href":"https:\/\/www.sopha-sahara.com\/en\/wp-json\/wp\/v2\/media\/30632"}],"wp:attachment":[{"href":"https:\/\/www.sopha-sahara.com\/en\/wp-json\/wp\/v2\/media?parent=24957"}],"wp:term":[{"taxonomy":"product_cat","embeddable":true,"href":"https:\/\/www.sopha-sahara.com\/en\/wp-json\/wp\/v2\/product_cat?post=24957"},{"taxonomy":"product_tag","embeddable":true,"href":"https:\/\/www.sopha-sahara.com\/en\/wp-json\/wp\/v2\/product_tag?post=24957"}],"curies":[{"name":"wp","href":"https:\/\/api.w.org\/{rel}","templated":true}]}}