{"id":24956,"date":"2020-12-24T10:16:35","date_gmt":"2020-12-24T09:16:35","guid":{"rendered":"https:\/\/www.interbusinesschamber.com\/produit\/riducell-phase-dattaque-15-x-15ml\/"},"modified":"2020-12-25T15:39:35","modified_gmt":"2020-12-25T14:39:35","slug":"riducell-phase-dattaque-15-x-15ml","status":"publish","type":"product","link":"https:\/\/www.sopha-sahara.com\/en\/product\/riducell-phase-dattaque-15-x-15ml\/","title":{"rendered":"Riducell Phase d&rsquo;attaque 15 x 15ml"},"content":{"rendered":"<div class=\"prodsch_txt\">\n<div>\n<div><strong>Riducell Phase d'attaque<\/strong><\/div>\n<div>\u00a0<\/div>\n<div>Compl\u00e9ment alimentaire Riducell contre la cellulite (15 flacons de 15ml) stimule le drainage des fluides corporels et exerce une activit\u00e9 antioxydante avec l'extrait de centella pour combattre les imperfections de la cellulite, la fonctionnalit\u00e9 de la microcirculation et pour le drainage des fluides organiques.<\/p>\n<p>CONSEILS D'UTILISATION : nous recommandons de prendre 2 fioles par jour : 1 le matin et 1 l'apr\u00e8s-midi, diluer chaque fiole dans environ un demi-litre d'eau.<\/p>\n<p>COMPOSITION : eau d\u00e9min\u00e9ralis\u00e9e, concentr\u00e9 de jus de sureau provenant de fruits (sambucus nigra), ananas s\u00e9ch\u00e9 en spray (ananas comosus), conservateurs : sorbate de potassium E202, benzoate de sodium E211 ; concentr\u00e9 de jus de citron provenant de fruits (agrumes citron), acidifiante : acide citrique E330 ; extrait sec de feuilles de mat\u00e9 (IIex paraguariensis) titr\u00e9 \u00e0 4% en caf\u00e9ine, extrait sec de feuilles de bouleau (betula pendula), extrait sec de tige d'ananas (ananas comosus), extrait sec de queue de cerise (prunus cerasus), extrait sec de racine de pissenlit (taraxacum officinale).<\/p>\n<p><\/div>\n<\/div>\n<\/div>\n<div class=\"prodsch_avvert\">Contient de la caf\u00e9ine, d\u00e9conseill\u00e9 aux enfants et aux femmes enceintes.<br \/>D\u00e9conseill\u00e9 aux personnes souffrant d'allergie aux d\u00e9riv\u00e9s salicyl\u00e9s.<\/p>\n<div>Lisez attentivement l\u2019\u00e9tiquette et les informations concernant le produit ainsi que le mode d\u2019emploi.<br \/>Ne pas d\u00e9passer la dose journali\u00e8re indiqu\u00e9e.<br \/>Tenir hors de port\u00e9e des jeunes enfants.<br \/>Les compl\u00e9ments alimentaires ne soient utilis\u00e9s comme substituts d'un r\u00e9gime alimentaire vari\u00e9.<\/div>\n<div>IAF network vous rappelled l\u2019importance d\u2019une alimentation vari\u00e9e et \u00e9quilibr\u00e9e et \u00e0 un mode de vie sain.<\/div>\n<\/div>","protected":false},"excerpt":{"rendered":"<p>Pharmalife Riducell Phase d&rsquo;attaque15 x 15ml. Compl\u00e9ment alimentaire Riducell contre la cellulite (15 flacons de 15ml) stimule le drainage des fluides corporels et exerce une activit\u00e9 antioxydante avec l&rsquo;extrait de centella pour combattre les imperfections de la cellulite, la fonctionnalit\u00e9 de la microcirculation et pour le drainage des fluides organiques.<\/p>","protected":false},"featured_media":25363,"template":"","meta":{"arc_restricted_post":false},"product_cat":[49,347],"product_tag":[],"_links":{"self":[{"href":"https:\/\/www.sopha-sahara.com\/en\/wp-json\/wp\/v2\/product\/24956"}],"collection":[{"href":"https:\/\/www.sopha-sahara.com\/en\/wp-json\/wp\/v2\/product"}],"about":[{"href":"https:\/\/www.sopha-sahara.com\/en\/wp-json\/wp\/v2\/types\/product"}],"wp:featuredmedia":[{"embeddable":true,"href":"https:\/\/www.sopha-sahara.com\/en\/wp-json\/wp\/v2\/media\/25363"}],"wp:attachment":[{"href":"https:\/\/www.sopha-sahara.com\/en\/wp-json\/wp\/v2\/media?parent=24956"}],"wp:term":[{"taxonomy":"product_cat","embeddable":true,"href":"https:\/\/www.sopha-sahara.com\/en\/wp-json\/wp\/v2\/product_cat?post=24956"},{"taxonomy":"product_tag","embeddable":true,"href":"https:\/\/www.sopha-sahara.com\/en\/wp-json\/wp\/v2\/product_tag?post=24956"}],"curies":[{"name":"wp","href":"https:\/\/api.w.org\/{rel}","templated":true}]}}