{"id":24955,"date":"2020-12-24T10:16:31","date_gmt":"2020-12-24T09:16:31","guid":{"rendered":"https:\/\/www.interbusinesschamber.com\/produit\/aspersina-pure-bavure-spray-50ml\/"},"modified":"2020-12-25T12:21:47","modified_gmt":"2020-12-25T11:21:47","slug":"aspersina-pure-bavure-spray-50ml","status":"publish","type":"product","link":"https:\/\/www.sopha-sahara.com\/en\/product\/aspersina-pure-bavure-spray-50ml\/","title":{"rendered":"Aspersina Pure Bavure Spray 50ml"},"content":{"rendered":"<div><strong>ASPERSINA - PURE BAVURE SPRAY<br \/><\/strong><\/div>\n<div>\u00a0<\/div>\n<div>Produit cosm\u00e9tique \u00e0 action r\u00e9solutrice formul\u00e9 avec un pourcentage maximum de pure bave d'escargot.<br \/>Cette pr\u00e9cieuse pr\u00e9paration, riche et concentr\u00e9e en actifs et dermo- affinit\u00e9s, renforce la structure de la peau et exerce une intense action protectrice et revitalisante cellulaire. Appliqu\u00e9 r\u00e9guli\u00e8rement, il limite la formation des imperfections cutan\u00e9es, r\u00e9duit les ph\u00e9nom\u00e8nes de s\u00e9nescence et de vieillissement et am\u00e9liore visiblement l'aspect des zones trait\u00e9es. La bave d'escargot contenue dans Aspersina Bava Pura Spray est riche en principes actifs, en particulier en mucopolysaccharides, allanto\u00efne, acide glycolique, acide lactique, collag\u00e8ne, \u00e9lastine, peptides, acides amin\u00e9s libres et vitamines. Test\u00e9 dermatologiquement. Test\u00e9 au nickel. Parfum hypoallerg\u00e9nique.<\/p>\n<p>M\u00c9THODE D'UTILISATION : appliquer le produit sur les zones \u00e0 traiter du visage, du corps ou des cheveux, masser l\u00e9g\u00e8rement pour faciliter l'absorption. R\u00e9p\u00e9ter l'application plusieurs fois par jour si n\u00e9cessaire. Appliquer sur cheveux propres sans rin\u00e7age<\/p>\n<p>COMPOSITION : S\u00e9cr\u00e9tion d'escargot filtr\u00e9e, acide citrique, glyc\u00e9rine, polysorbate 20, ph\u00e9noxy\u00e9thanol, hydroxyde de sodium, acide benzo\u00efque, acide d\u00e9shydroac\u00e9tique, parfum, sorbate de potassium, benzoate de sodium, buteth-3, benzotriazolyl butylph\u00e9nol sulfonate de sodium, glyc\u00e9rine ethylhexyl, citrate tributyle. Sans parab\u00e8nes, sans silicones, sans SLES, sans OGM, sans alcool.<\/p><\/div>","protected":false},"excerpt":{"rendered":"<p class=\"productabstract\">Pharmalife Aspersina Pure Bavure Spray 50ml. Produit cosm\u00e9tique \u00e0 action r\u00e9solutive formul\u00e9 avec un pourcentage maximum de boue d\u2019escargot tr\u00e8s pure.<\/p>","protected":false},"featured_media":25227,"template":"","meta":{"arc_restricted_post":false},"product_cat":[49,347],"product_tag":[],"_links":{"self":[{"href":"https:\/\/www.sopha-sahara.com\/en\/wp-json\/wp\/v2\/product\/24955"}],"collection":[{"href":"https:\/\/www.sopha-sahara.com\/en\/wp-json\/wp\/v2\/product"}],"about":[{"href":"https:\/\/www.sopha-sahara.com\/en\/wp-json\/wp\/v2\/types\/product"}],"wp:featuredmedia":[{"embeddable":true,"href":"https:\/\/www.sopha-sahara.com\/en\/wp-json\/wp\/v2\/media\/25227"}],"wp:attachment":[{"href":"https:\/\/www.sopha-sahara.com\/en\/wp-json\/wp\/v2\/media?parent=24955"}],"wp:term":[{"taxonomy":"product_cat","embeddable":true,"href":"https:\/\/www.sopha-sahara.com\/en\/wp-json\/wp\/v2\/product_cat?post=24955"},{"taxonomy":"product_tag","embeddable":true,"href":"https:\/\/www.sopha-sahara.com\/en\/wp-json\/wp\/v2\/product_tag?post=24955"}],"curies":[{"name":"wp","href":"https:\/\/api.w.org\/{rel}","templated":true}]}}