{"id":24954,"date":"2020-12-24T10:16:30","date_gmt":"2020-12-24T09:16:30","guid":{"rendered":"https:\/\/www.interbusinesschamber.com\/produit\/aspersina-eau-micellaire-200ml\/"},"modified":"2020-12-25T12:17:50","modified_gmt":"2020-12-25T11:17:50","slug":"aspersina-eau-micellaire-200ml","status":"publish","type":"product","link":"https:\/\/www.sopha-sahara.com\/en\/product\/aspersina-eau-micellaire-200ml\/","title":{"rendered":"Aspersina Eau Micellaire 200ml"},"content":{"rendered":"<div><strong>ASPERSINA -\u00a0 EAU MICELLAIRE<br \/><\/strong><\/div>\n<div>\u00a0<\/div>\n<div>Produit cosm\u00e9tique d\u00e9licat, sans alcool, con\u00e7u pour nettoyer, d\u00e9maquiller et tonifier la peau du visage, des yeux et des l\u00e8vres. Il peut \u00eatre utilis\u00e9 par tous les types de peaux, m\u00eame les plus d\u00e9licates et sensibles. Les micelles qu'il contient sont capables de capturer efficacement l'exc\u00e8s de s\u00e9bum, les particules de salet\u00e9 et les impuret\u00e9s pr\u00e9sentes sur la peau sans alt\u00e9rer le film hydrolipidique. Il laisse la peau fra\u00eeche, propre et agr\u00e9ablement parfum\u00e9e, pr\u00eate \u00e0 recevoir les prochains traitements de la ligne Aspersina. Test\u00e9 dermatologiquement. Test\u00e9 au nickel<\/p>\n<p>M\u00c9THODE D'UTILISATION : Humidifier un coton et masser tout le visage avec un l\u00e9ger massage, afin de d\u00e9maquiller et lib\u00e9rer les pores des polluants et toxines.<\/p>\n<p>INGR\u00c9DIENTS : Aqua, glyc\u00e9rine, s\u00e9cr\u00e9tion d'escargot filtr\u00e9, polysorbate 20, propyl\u00e8ne glycol, eau de fleur de citrus aurantium amara, eau de feuille de mentha piperita, coco-glucoside, alcool benzylique, benzoate de sodium, sorbate de potassium, parfum, buteth-3, acide citrique, benzotriazolylbutylph\u00e9nol sulfonate de sodium, allanto\u00efne, mel, diac\u00e9tate de glutamate t\u00e9trasodique, laurate de glyc\u00e9ryle, huile de feuille de rosmarinus officinalis, ph\u00e9noxy\u00e9thanol, huile de lavandula angustifolia, citrate de tributyle, ethylhexylglycerin.<br \/>Sans parab\u00e8nes, silicones, SLES, OGM, alcool.<\/div>","protected":false},"excerpt":{"rendered":"<p>Pharmalife Aspersina Eau Micellaire 200ml. Produit cosm\u00e9tique d\u00e9licat, sans alcool, con\u00e7u pour nettoyer, d\u00e9maquiller et tonifier la peau du visage, des yeux et des l\u00e8vres.<\/p>","protected":false},"featured_media":25222,"template":"","meta":{"arc_restricted_post":false},"product_cat":[49,347],"product_tag":[],"_links":{"self":[{"href":"https:\/\/www.sopha-sahara.com\/en\/wp-json\/wp\/v2\/product\/24954"}],"collection":[{"href":"https:\/\/www.sopha-sahara.com\/en\/wp-json\/wp\/v2\/product"}],"about":[{"href":"https:\/\/www.sopha-sahara.com\/en\/wp-json\/wp\/v2\/types\/product"}],"wp:featuredmedia":[{"embeddable":true,"href":"https:\/\/www.sopha-sahara.com\/en\/wp-json\/wp\/v2\/media\/25222"}],"wp:attachment":[{"href":"https:\/\/www.sopha-sahara.com\/en\/wp-json\/wp\/v2\/media?parent=24954"}],"wp:term":[{"taxonomy":"product_cat","embeddable":true,"href":"https:\/\/www.sopha-sahara.com\/en\/wp-json\/wp\/v2\/product_cat?post=24954"},{"taxonomy":"product_tag","embeddable":true,"href":"https:\/\/www.sopha-sahara.com\/en\/wp-json\/wp\/v2\/product_tag?post=24954"}],"curies":[{"name":"wp","href":"https:\/\/api.w.org\/{rel}","templated":true}]}}