{"id":24953,"date":"2020-12-24T10:16:29","date_gmt":"2020-12-24T09:16:29","guid":{"rendered":"https:\/\/www.interbusinesschamber.com\/produit\/aspersin-cleansing-milk-200ml\/"},"modified":"2020-12-25T11:48:14","modified_gmt":"2020-12-25T10:48:14","slug":"aspersin-cleansing-milk-200ml","status":"publish","type":"product","link":"https:\/\/www.sopha-sahara.com\/en\/product\/aspersin-cleansing-milk-200ml\/","title":{"rendered":"Aspersin Cleansing Milk 200ml"},"content":{"rendered":"<div><strong>ASPERSIN CLEANSING MILK<\/strong><\/div>\n<div><strong>\u00a0<\/strong><\/div>\n<div>Formul\u00e9 pour nettoyer en douceur la peau en \u00e9liminant toute trace de maquillage et donner 24 heures d'hydratation. Lait nettoyant \u00e0 l'asperisine nouvelle formule, apaisant, d\u00e9maquillant, d\u00e9maquillant, hydratant, d\u00e9toxifiant est formul\u00e9 pour nettoyer en douceur la peau en \u00e9liminant toutes traces d'impuret\u00e9s et donner 24 heures d'hydratation. La peau parfaitement nettoy\u00e9e para\u00eetra plus douce et plus lisse. Formul\u00e9 pour minimiser le risque d'allergie.<br \/>\u00a0<br \/>M\u00c9THODE D'UTILISATION : Appliquer le produit sur un coton et nettoyer le visage du centre vers l'ext\u00e9rieur. Terminer le nettoyage avec Aspersin Tonic. \u00c9viter le contact avec les yeux et les muqueuses. Ne pas appliquer sur la peau bless\u00e9e.<\/p>\n<p>INGR\u00c9DIENTS : AQUA, OCTYLDOD\u00c9CANOL, TRIGLYC\u00c9RIDE CAPRYLIQUE\/CAPRIC, PROPANEDIOL, GLYC\u00c9RINE, FILTRAT DE S\u00c9CR\u00c9TION D'ESCARGOT, HUILE DE COCOS NUCIFERA, HUILE DE PRUNUS AMYGDALUS DULCIS, ESTERS POLYGLYC\u00c9RIQUES-3 CANDELILLA\/JOJOBA\/ SON DE RIZ, ALCOOL CET\u00c9ARYLIQUE, ST\u00c9ARATE DE GLYC\u00c9RYLE, ST\u00c9AROYL LACTYLATE DE SODIUM, HUILE DE GRAINES DE SIMMONDSIA CHINENSIS, BENZOATE DE SODIUM, AC\u00c9TATE DE TOCOPH\u00c9ROL, PARFUM, D\u00c9SHYDROAC\u00c9TATE DE SODIUM, SORBATE DE POTASSIUM, GOMME XANTHANE, ACIDE LACTIQUE, PALMITATE ASCORBYLIQUE, TOCOPH\u00c9ROL, L\u00c9CITHINE.<br \/>\u00a0<br \/>Sans parab\u00e8ne, SLS et SLES, paraffine, ciments formald\u00e9hyde, huiles min\u00e9rales, DEA.<\/div>","protected":false},"excerpt":{"rendered":"<p class=\"productabstract\">Pharmalife Aspersina Lait d\u00e9maquillant 200ml. Formul\u00e9 pour nettoyer en douceur la peau en \u00e9liminant toute trace de maquillage et hydratant pendant 24 heures.<\/p>","protected":false},"featured_media":25196,"template":"","meta":{"arc_restricted_post":false},"product_cat":[49,347],"product_tag":[],"_links":{"self":[{"href":"https:\/\/www.sopha-sahara.com\/en\/wp-json\/wp\/v2\/product\/24953"}],"collection":[{"href":"https:\/\/www.sopha-sahara.com\/en\/wp-json\/wp\/v2\/product"}],"about":[{"href":"https:\/\/www.sopha-sahara.com\/en\/wp-json\/wp\/v2\/types\/product"}],"wp:featuredmedia":[{"embeddable":true,"href":"https:\/\/www.sopha-sahara.com\/en\/wp-json\/wp\/v2\/media\/25196"}],"wp:attachment":[{"href":"https:\/\/www.sopha-sahara.com\/en\/wp-json\/wp\/v2\/media?parent=24953"}],"wp:term":[{"taxonomy":"product_cat","embeddable":true,"href":"https:\/\/www.sopha-sahara.com\/en\/wp-json\/wp\/v2\/product_cat?post=24953"},{"taxonomy":"product_tag","embeddable":true,"href":"https:\/\/www.sopha-sahara.com\/en\/wp-json\/wp\/v2\/product_tag?post=24953"}],"curies":[{"name":"wp","href":"https:\/\/api.w.org\/{rel}","templated":true}]}}