{"id":24952,"date":"2020-12-24T10:16:28","date_gmt":"2020-12-24T09:16:28","guid":{"rendered":"https:\/\/www.interbusinesschamber.com\/produit\/argan-pure-lait-demaquillant-200ml\/"},"modified":"2020-12-25T11:35:59","modified_gmt":"2020-12-25T10:35:59","slug":"argan-pure-lait-demaquillant-200ml","status":"publish","type":"product","link":"https:\/\/www.sopha-sahara.com\/en\/product\/argan-pure-lait-demaquillant-200ml\/","title":{"rendered":"Argan Pure &#8211; Lait d\u00e9maquillant 200ml"},"content":{"rendered":"<div><strong>ARGAN PUR - LAIT D\u00c9MAQUILLANT<br \/><\/strong><\/div>\n<div>\u00a0<\/div>\n<div>Soin cosm\u00e9tique d\u00e9licat et dermofonctionnel con\u00e7u pour nettoyer le visage, les yeux et les l\u00e8vres.<br \/>Elle est riche en actifs \u00e9mollients et en huiles hydratantes, donc adapt\u00e9e \u00e0 tous les types de peau. Cette formulation sans alcool, riche en huile d'argan, huile de baobab et beurre de karit\u00e9 conserve le film hydrolipidique naturel, exerce une action physiologique et r\u00e9paratrice, pr\u00e9parant la peau du visage \u00e0 recevoir les traitements suivants de la ligne pure Argan. Test\u00e9 dermatologiquement. Test\u00e9 au nickel. Produit formul\u00e9 avec des ingr\u00e9dients compatibles avec la philosophie v\u00e9g\u00e9talienne et v\u00e9g\u00e9tarienne.<\/p>\n<p>M\u00c9THODE D'UTILISATION : masser doucement le visage et les yeux.<\/p>\n<p>COMPOSITION : Aqua, glyc\u00e9rine, eau florale de calendula officinalis, huile de noyau d'argania spinosa*, beurre de butyrospermum parkii, beurre de cetearyl olivate, isonononyl isononanoate, sorbitan olivate, trip\u00e9largonine, phenoxyethanol, adansonia digitata seed oil, glyceryl st\u00e9arate, allanto\u00efne, ac\u00e9tate de tocoph\u00e9rol, parfum, acide benzo\u00efque, acide d\u00e9shydroac\u00e9tique, gomme xanthane, linalol, huile de lavandula angustifolia, huile de feuilles de rosmarinus officinalis, l\u00e9cithine, \u00e9thylhexylglyc\u00e9rine, tocoph\u00e9rol, palmitate ascorbylique, diac\u00e9tate de glutamate de t\u00e9trasodium.\u00a0 Sans paraben, silicones, SLES, OGM, alcool.<\/p><\/div>","protected":false},"excerpt":{"rendered":"<p>Pharmalife Argan Pure &#8211; Lait d\u00e9maquillant 200ml. Soin cosm\u00e9tique doux pour le nettoyage du visage, des yeux et des l\u00e8vres.<\/p>","protected":false},"featured_media":25188,"template":"","meta":{"arc_restricted_post":false},"product_cat":[49,347],"product_tag":[],"_links":{"self":[{"href":"https:\/\/www.sopha-sahara.com\/en\/wp-json\/wp\/v2\/product\/24952"}],"collection":[{"href":"https:\/\/www.sopha-sahara.com\/en\/wp-json\/wp\/v2\/product"}],"about":[{"href":"https:\/\/www.sopha-sahara.com\/en\/wp-json\/wp\/v2\/types\/product"}],"wp:featuredmedia":[{"embeddable":true,"href":"https:\/\/www.sopha-sahara.com\/en\/wp-json\/wp\/v2\/media\/25188"}],"wp:attachment":[{"href":"https:\/\/www.sopha-sahara.com\/en\/wp-json\/wp\/v2\/media?parent=24952"}],"wp:term":[{"taxonomy":"product_cat","embeddable":true,"href":"https:\/\/www.sopha-sahara.com\/en\/wp-json\/wp\/v2\/product_cat?post=24952"},{"taxonomy":"product_tag","embeddable":true,"href":"https:\/\/www.sopha-sahara.com\/en\/wp-json\/wp\/v2\/product_tag?post=24952"}],"curies":[{"name":"wp","href":"https:\/\/api.w.org\/{rel}","templated":true}]}}